{"id":71956,"date":"2024-07-28T08:08:07","date_gmt":"2024-07-28T08:08:07","guid":{"rendered":"https:\/\/onlinehardwareshop.de\/index.php\/produkt\/razer-kiyo-webcam-2\/"},"modified":"2025-05-14T00:44:19","modified_gmt":"2025-05-14T00:44:19","slug":"razer-kiyo-webcam","status":"publish","type":"product","link":"https:\/\/onlinehardwareshop.de\/index.php\/produkt\/razer-kiyo-webcam\/","title":{"rendered":"Razer Kiyo Webcam"},"content":{"rendered":"<p>Als Streamer willst du w\u00e4hrend deiner Killstreaks gut zu sehen sein, und das bist du mit der Razer Kiyo-Webcam mit Ringlicht. Das Ringlicht sorgt n\u00e4mlich daf\u00fcr, dass du immer richtig beleuchtet bist (maximal 10 LUX in 1 Meter Entfernung), ohne dass du deinen Gaming-Raum in ein Studio verwandeln musst. Du streamst dich mit 60 FPS bei 720p oder 30 FPS bei Full-HD-Qualit\u00e4t. So hast du also eine hohe Qualit\u00e4t, wenn du still sitzt, und kannst deine Siegest\u00e4nze trotzdem noch mit 60 FPS an deine Twitch-Anh\u00e4nger \u00fcbertragen. Die Webcam ist mit der Razer-Software einfach einzurichten und mit Streaming-Software wie OBS und X-Split kompatibel.<\/p>\n","protected":false},"excerpt":{"rendered":"<p>Als Streamer willst du w\u00e4hrend deiner Killstreaks gut zu sehen sein, und das bist du mit der Razer Kiyo-Webcam mit Ringlicht. Das Ringlicht sorgt n\u00e4mlich daf\u00fcr, dass du immer richtig beleuchtet bist (maximal 10 LUX in 1 Meter Entfernung), ohne dass du deinen Gaming-Raum in ein Studio verwandeln musst. Du streamst dich mit 60 FPS bei 720p oder 30 FPS bei Full-HD-Qualit\u00e4t. So hast du also eine hohe Qualit\u00e4t, wenn du still sitzt, und kannst deine Siegest\u00e4nze trotzdem noch mit 60 FPS an deine Twitch-Anh\u00e4nger \u00fcbertragen. Die Webcam ist mit der Razer-Software einfach einzurichten und mit Streaming-Software wie OBS und X-Split kompatibel.<\/p>\n","protected":false},"featured_media":0,"comment_status":"closed","ping_status":"open","template":"","meta":{"_acf_changed":false},"brand":[3451],"product_brand":[],"product_cat":[999],"product_tag":[2383],"class_list":{"0":"post-71956","1":"product","2":"type-product","3":"status-publish","5":"brand-razer","6":"product_cat-webcams","7":"product_tag-streaming-webcams","8":"pa_condition-new","9":"pa_coolblue-de-verzending-morgen-gratis-geliefert","10":"pa_ean-3449","11":"pa_mpn-rz19-02320100-r3m1","13":"first","14":"instock","15":"product-type-external"},"acf":[],"_links":{"self":[{"href":"https:\/\/onlinehardwareshop.de\/index.php\/wp-json\/wp\/v2\/product\/71956","targetHints":{"allow":["GET"]}}],"collection":[{"href":"https:\/\/onlinehardwareshop.de\/index.php\/wp-json\/wp\/v2\/product"}],"about":[{"href":"https:\/\/onlinehardwareshop.de\/index.php\/wp-json\/wp\/v2\/types\/product"}],"replies":[{"embeddable":true,"href":"https:\/\/onlinehardwareshop.de\/index.php\/wp-json\/wp\/v2\/comments?post=71956"}],"wp:attachment":[{"href":"https:\/\/onlinehardwareshop.de\/index.php\/wp-json\/wp\/v2\/media?parent=71956"}],"wp:term":[{"taxonomy":"brand","embeddable":true,"href":"https:\/\/onlinehardwareshop.de\/index.php\/wp-json\/wp\/v2\/brand?post=71956"},{"taxonomy":"product_brand","embeddable":true,"href":"https:\/\/onlinehardwareshop.de\/index.php\/wp-json\/wp\/v2\/product_brand?post=71956"},{"taxonomy":"product_cat","embeddable":true,"href":"https:\/\/onlinehardwareshop.de\/index.php\/wp-json\/wp\/v2\/product_cat?post=71956"},{"taxonomy":"product_tag","embeddable":true,"href":"https:\/\/onlinehardwareshop.de\/index.php\/wp-json\/wp\/v2\/product_tag?post=71956"}],"curies":[{"name":"wp","href":"https:\/\/api.w.org\/{rel}","templated":true}]}}