{"id":71955,"date":"2024-12-30T01:49:25","date_gmt":"2024-12-30T01:49:25","guid":{"rendered":"https:\/\/onlinehardwareshop.de\/index.php\/produkt\/karcher-ad4-premium-2\/"},"modified":"2025-05-14T00:44:15","modified_gmt":"2025-05-14T00:44:15","slug":"karcher-ad4-premium","status":"publish","type":"product","link":"https:\/\/onlinehardwareshop.de\/index.php\/produkt\/karcher-ad4-premium\/","title":{"rendered":"Karcher AD4 Premium"},"content":{"rendered":"<p>Der Karcher AD4 Premium ist ein Asche- und Trockensauger mit einem Reservoir von 17 Litern. Es ist nicht notwendig, einen Staubbeutel zu kaufen. Der Flachfilter verhindert, dass sich Staubpartikel im Sauger festsetzen. Der Saugfilter h\u00e4lt auch andere Staubpartikel auf und sorgt daf\u00fcr, dass die Luft, die der Aschesauger ausbl\u00e4st, frei von Staubpartikeln ist. Ist der Filter verstopft? Auf Knopfdruck reinigt das Ger\u00e4t den verstopften Filter und die Saugleistung wird wiederhergestellt. Der AD 4 Premium hat einen Teleskopstiel, damit du immer eine komfortable Arbeitsh\u00f6he hast. Er besitzt au\u00dferdem einen Parkmodus. So kannst du den Staubsauger stabil aufbewahren, wenn er nicht in Gebrauch ist.<\/p>\n","protected":false},"excerpt":{"rendered":"<p>Der Karcher AD4 Premium ist ein Asche- und Trockensauger mit einem Reservoir von 17 Litern. Es ist nicht notwendig, einen Staubbeutel zu kaufen. Der Flachfilter verhindert, dass sich Staubpartikel im Sauger festsetzen. Der Saugfilter h\u00e4lt auch andere Staubpartikel auf und sorgt daf\u00fcr, dass die Luft, die der Aschesauger ausbl\u00e4st, frei von Staubpartikeln ist. Ist der Filter verstopft? Auf Knopfdruck reinigt das Ger\u00e4t den verstopften Filter und die Saugleistung wird wiederhergestellt. Der AD 4 Premium hat einen Teleskopstiel, damit du immer eine komfortable Arbeitsh\u00f6he hast. Er besitzt au\u00dferdem einen Parkmodus. So kannst du den Staubsauger stabil aufbewahren, wenn er nicht in Gebrauch ist.<\/p>\n","protected":false},"featured_media":0,"comment_status":"closed","ping_status":"open","template":"","meta":{"_acf_changed":false},"brand":[294],"product_brand":[],"product_cat":[3447],"product_tag":[3448],"class_list":{"0":"post-71955","1":"product","2":"type-product","3":"status-publish","5":"brand-karcher","6":"product_cat-aschesauger","7":"product_tag-aszuigers","8":"pa_condition-new","9":"pa_coolblue-de-verzending-morgen-gratis-geliefert","10":"pa_ean-29510","11":"pa_mpn-1-629-731-0","13":"first","14":"instock","15":"product-type-external"},"acf":[],"_links":{"self":[{"href":"https:\/\/onlinehardwareshop.de\/index.php\/wp-json\/wp\/v2\/product\/71955","targetHints":{"allow":["GET"]}}],"collection":[{"href":"https:\/\/onlinehardwareshop.de\/index.php\/wp-json\/wp\/v2\/product"}],"about":[{"href":"https:\/\/onlinehardwareshop.de\/index.php\/wp-json\/wp\/v2\/types\/product"}],"replies":[{"embeddable":true,"href":"https:\/\/onlinehardwareshop.de\/index.php\/wp-json\/wp\/v2\/comments?post=71955"}],"wp:attachment":[{"href":"https:\/\/onlinehardwareshop.de\/index.php\/wp-json\/wp\/v2\/media?parent=71955"}],"wp:term":[{"taxonomy":"brand","embeddable":true,"href":"https:\/\/onlinehardwareshop.de\/index.php\/wp-json\/wp\/v2\/brand?post=71955"},{"taxonomy":"product_brand","embeddable":true,"href":"https:\/\/onlinehardwareshop.de\/index.php\/wp-json\/wp\/v2\/product_brand?post=71955"},{"taxonomy":"product_cat","embeddable":true,"href":"https:\/\/onlinehardwareshop.de\/index.php\/wp-json\/wp\/v2\/product_cat?post=71955"},{"taxonomy":"product_tag","embeddable":true,"href":"https:\/\/onlinehardwareshop.de\/index.php\/wp-json\/wp\/v2\/product_tag?post=71955"}],"curies":[{"name":"wp","href":"https:\/\/api.w.org\/{rel}","templated":true}]}}