{"id":71950,"date":"2024-04-02T06:01:46","date_gmt":"2024-04-02T06:01:46","guid":{"rendered":"https:\/\/onlinehardwareshop.de\/index.php\/produkt\/hyperx-alpha-gaming-headset-2\/"},"modified":"2025-05-14T00:43:50","modified_gmt":"2025-05-14T00:43:50","slug":"hyperx-alpha-gaming-headset","status":"publish","type":"product","link":"https:\/\/onlinehardwareshop.de\/index.php\/produkt\/hyperx-alpha-gaming-headset\/","title":{"rendered":"HyperX Alpha Gaming-Headset"},"content":{"rendered":"<p>Das HyperX Alpha Gaming-Headset ist mit jeder Plattform kompatibel. Dieses Gaming-Headset schlie\u00dft du \u00fcber ein 3,5-mm-Audiokabel an. Das Headset ist also Plug &#038; Play und sofort einsatzbereit. Die Dual Chamber 50-mm-Treiber trennen die hohen, mittelhohen und tiefen T\u00f6ne voneinander, sodass der Sound immer besonders klar ist. Au\u00dferdem kommunizierst du dank der Rauschunterdr\u00fcckung des Mikrofons online ohne Hintergrundger\u00e4usche mit deinen Freunden. So kommen deine Kommentare immer deutlich an. Spielst du \u00f6fter im Single-Player-Modus oder ben\u00f6tigst kein Mikrofon? Dann l\u00e4sst sich das Mikrofon einfach vom Headset entfernen. So ist es dir nicht im Weg und du zockst ungest\u00f6rt weiter.<\/p>\n","protected":false},"excerpt":{"rendered":"<p>Das HyperX Alpha Gaming-Headset ist mit jeder Plattform kompatibel. Dieses Gaming-Headset schlie\u00dft du \u00fcber ein 3,5-mm-Audiokabel an. Das Headset ist also Plug &#038; Play und sofort einsatzbereit. Die Dual Chamber 50-mm-Treiber trennen die hohen, mittelhohen und tiefen T\u00f6ne voneinander, sodass der Sound immer besonders klar ist. Au\u00dferdem kommunizierst du dank der Rauschunterdr\u00fcckung des Mikrofons online ohne Hintergrundger\u00e4usche mit deinen Freunden. So kommen deine Kommentare immer deutlich an. Spielst du \u00f6fter im Single-Player-Modus oder ben\u00f6tigst kein Mikrofon? Dann l\u00e4sst sich das Mikrofon einfach vom Headset entfernen. So ist es dir nicht im Weg und du zockst ungest\u00f6rt weiter.<\/p>\n","protected":false},"featured_media":0,"comment_status":"closed","ping_status":"open","template":"","meta":{"_acf_changed":false},"brand":[3434],"product_brand":[],"product_cat":[3435],"product_tag":[3436],"class_list":{"0":"post-71950","1":"product","2":"type-product","3":"status-publish","5":"brand-hyperx","6":"product_cat-gaming-headsets","7":"product_tag-gaming-headsets","8":"pa_condition-new","9":"pa_coolblue-de-verzending-morgen-gratis-geliefert","10":"pa_ean-3432","11":"pa_mpn-4p5l1am_abb","13":"first","14":"instock","15":"product-type-external"},"acf":[],"_links":{"self":[{"href":"https:\/\/onlinehardwareshop.de\/index.php\/wp-json\/wp\/v2\/product\/71950","targetHints":{"allow":["GET"]}}],"collection":[{"href":"https:\/\/onlinehardwareshop.de\/index.php\/wp-json\/wp\/v2\/product"}],"about":[{"href":"https:\/\/onlinehardwareshop.de\/index.php\/wp-json\/wp\/v2\/types\/product"}],"replies":[{"embeddable":true,"href":"https:\/\/onlinehardwareshop.de\/index.php\/wp-json\/wp\/v2\/comments?post=71950"}],"wp:attachment":[{"href":"https:\/\/onlinehardwareshop.de\/index.php\/wp-json\/wp\/v2\/media?parent=71950"}],"wp:term":[{"taxonomy":"brand","embeddable":true,"href":"https:\/\/onlinehardwareshop.de\/index.php\/wp-json\/wp\/v2\/brand?post=71950"},{"taxonomy":"product_brand","embeddable":true,"href":"https:\/\/onlinehardwareshop.de\/index.php\/wp-json\/wp\/v2\/product_brand?post=71950"},{"taxonomy":"product_cat","embeddable":true,"href":"https:\/\/onlinehardwareshop.de\/index.php\/wp-json\/wp\/v2\/product_cat?post=71950"},{"taxonomy":"product_tag","embeddable":true,"href":"https:\/\/onlinehardwareshop.de\/index.php\/wp-json\/wp\/v2\/product_tag?post=71950"}],"curies":[{"name":"wp","href":"https:\/\/api.w.org\/{rel}","templated":true}]}}