{"id":71942,"date":"2024-08-29T15:11:39","date_gmt":"2024-08-29T15:11:39","guid":{"rendered":"https:\/\/onlinehardwareshop.de\/index.php\/produkt\/boya-by-mm1-richtrohrmikrofon-2\/"},"modified":"2025-05-14T00:43:10","modified_gmt":"2025-05-14T00:43:10","slug":"boya-by-mm1-richtrohrmikrofon","status":"publish","type":"product","link":"https:\/\/onlinehardwareshop.de\/index.php\/produkt\/boya-by-mm1-richtrohrmikrofon\/","title":{"rendered":"Boya BY-MM1 Richtrohrmikrofon"},"content":{"rendered":"<p>Das Boya BY-MM1 ist ein Richtrohrmikrofon, das die Tonaufnahmen von Videos verbessert. Du kannst das Mikrofon \u00fcber das mitgelieferte TRS-Kabel mit 3,5-mm-Buchse an eine Kamera oder ein Smartphone anschlie\u00dfen. Dank seiner kompakten Gr\u00f6\u00dfe und des leichten Aluminiums ist das Mikrofon leicht zu transportieren. Die mitgelieferte Anti-Schock-Halterung reduziert Vibrationen und die damit verbundene L\u00e4rmbelastung. Dank des mitgelieferten Windschutzes kannst du das Mikrofon auch im Freien verwenden. Das reduziert L\u00e4rm und Windger\u00e4usche.<\/p>\n","protected":false},"excerpt":{"rendered":"<p>Das Boya BY-MM1 ist ein Richtrohrmikrofon, das die Tonaufnahmen von Videos verbessert. Du kannst das Mikrofon \u00fcber das mitgelieferte TRS-Kabel mit 3,5-mm-Buchse an eine Kamera oder ein Smartphone anschlie\u00dfen. Dank seiner kompakten Gr\u00f6\u00dfe und des leichten Aluminiums ist das Mikrofon leicht zu transportieren. Die mitgelieferte Anti-Schock-Halterung reduziert Vibrationen und die damit verbundene L\u00e4rmbelastung. Dank des mitgelieferten Windschutzes kannst du das Mikrofon auch im Freien verwenden. Das reduziert L\u00e4rm und Windger\u00e4usche.<\/p>\n","protected":false},"featured_media":0,"comment_status":"closed","ping_status":"open","template":"","meta":{"_acf_changed":false},"brand":[3417],"product_brand":[],"product_cat":[1570],"product_tag":[1571],"class_list":{"0":"post-71942","1":"product","2":"type-product","3":"status-publish","5":"brand-boya","6":"product_cat-kameramikrofone","7":"product_tag-cameramicrofoons","8":"pa_condition-new","9":"pa_coolblue-de-verzending-morgen-gratis-geliefert","10":"pa_ean-3415","11":"pa_mpn-3416","13":"first","14":"instock","15":"product-type-external"},"acf":[],"_links":{"self":[{"href":"https:\/\/onlinehardwareshop.de\/index.php\/wp-json\/wp\/v2\/product\/71942","targetHints":{"allow":["GET"]}}],"collection":[{"href":"https:\/\/onlinehardwareshop.de\/index.php\/wp-json\/wp\/v2\/product"}],"about":[{"href":"https:\/\/onlinehardwareshop.de\/index.php\/wp-json\/wp\/v2\/types\/product"}],"replies":[{"embeddable":true,"href":"https:\/\/onlinehardwareshop.de\/index.php\/wp-json\/wp\/v2\/comments?post=71942"}],"wp:attachment":[{"href":"https:\/\/onlinehardwareshop.de\/index.php\/wp-json\/wp\/v2\/media?parent=71942"}],"wp:term":[{"taxonomy":"brand","embeddable":true,"href":"https:\/\/onlinehardwareshop.de\/index.php\/wp-json\/wp\/v2\/brand?post=71942"},{"taxonomy":"product_brand","embeddable":true,"href":"https:\/\/onlinehardwareshop.de\/index.php\/wp-json\/wp\/v2\/product_brand?post=71942"},{"taxonomy":"product_cat","embeddable":true,"href":"https:\/\/onlinehardwareshop.de\/index.php\/wp-json\/wp\/v2\/product_cat?post=71942"},{"taxonomy":"product_tag","embeddable":true,"href":"https:\/\/onlinehardwareshop.de\/index.php\/wp-json\/wp\/v2\/product_tag?post=71942"}],"curies":[{"name":"wp","href":"https:\/\/api.w.org\/{rel}","templated":true}]}}