{"id":71932,"date":"2024-06-09T13:20:11","date_gmt":"2024-06-09T13:20:11","guid":{"rendered":"https:\/\/onlinehardwareshop.de\/index.php\/produkt\/inventum-sz300-2\/"},"modified":"2025-05-14T00:42:21","modified_gmt":"2025-05-14T00:42:21","slug":"inventum-sz300","status":"publish","type":"product","link":"https:\/\/onlinehardwareshop.de\/index.php\/produkt\/inventum-sz300\/","title":{"rendered":"Inventum SZ300"},"content":{"rendered":"<p>Das Inventum SZ300 enth\u00e4lt vier Staubsaugerbeutel f\u00fcr den Inventum ST306RZA Staubsauger. Die Beutel bestehen aus Mikrofaser, weshalb sie st\u00e4rker als Staubsaugerbeutel aus Papier sind und das Risiko auf Risse minimal ist. Die Klappe bei der \u00d6ffnung des Staubsaugerbeutels verhindert, dass Staub entweicht, wenn du den Beutel auswechselst. So hast du nicht vergeblich gestaubsaugt und bleibt dein Zuhause sauber.   Diese Staubsaugerbeutel eignen sich auch f\u00fcr den MC010\/01.<\/p>\n","protected":false},"excerpt":{"rendered":"<p>Das Inventum SZ300 enth\u00e4lt vier Staubsaugerbeutel f\u00fcr den Inventum ST306RZA Staubsauger. Die Beutel bestehen aus Mikrofaser, weshalb sie st\u00e4rker als Staubsaugerbeutel aus Papier sind und das Risiko auf Risse minimal ist. Die Klappe bei der \u00d6ffnung des Staubsaugerbeutels verhindert, dass Staub entweicht, wenn du den Beutel auswechselst. So hast du nicht vergeblich gestaubsaugt und bleibt dein Zuhause sauber.   Diese Staubsaugerbeutel eignen sich auch f\u00fcr den MC010\/01.<\/p>\n","protected":false},"featured_media":0,"comment_status":"closed","ping_status":"open","template":"","meta":{"_acf_changed":false},"brand":[1510],"product_brand":[],"product_cat":[129],"product_tag":[130],"class_list":{"0":"post-71932","1":"product","2":"type-product","3":"status-publish","5":"brand-inventum","6":"product_cat-staubsaugerbeutel","7":"product_tag-stofzuigerzakken","8":"pa_condition-new","9":"pa_coolblue-de-verzending-morgen-gratis-geliefert","10":"pa_ean-3398","11":"pa_mpn-sz300","13":"first","14":"instock","15":"product-type-external"},"acf":[],"_links":{"self":[{"href":"https:\/\/onlinehardwareshop.de\/index.php\/wp-json\/wp\/v2\/product\/71932","targetHints":{"allow":["GET"]}}],"collection":[{"href":"https:\/\/onlinehardwareshop.de\/index.php\/wp-json\/wp\/v2\/product"}],"about":[{"href":"https:\/\/onlinehardwareshop.de\/index.php\/wp-json\/wp\/v2\/types\/product"}],"replies":[{"embeddable":true,"href":"https:\/\/onlinehardwareshop.de\/index.php\/wp-json\/wp\/v2\/comments?post=71932"}],"wp:attachment":[{"href":"https:\/\/onlinehardwareshop.de\/index.php\/wp-json\/wp\/v2\/media?parent=71932"}],"wp:term":[{"taxonomy":"brand","embeddable":true,"href":"https:\/\/onlinehardwareshop.de\/index.php\/wp-json\/wp\/v2\/brand?post=71932"},{"taxonomy":"product_brand","embeddable":true,"href":"https:\/\/onlinehardwareshop.de\/index.php\/wp-json\/wp\/v2\/product_brand?post=71932"},{"taxonomy":"product_cat","embeddable":true,"href":"https:\/\/onlinehardwareshop.de\/index.php\/wp-json\/wp\/v2\/product_cat?post=71932"},{"taxonomy":"product_tag","embeddable":true,"href":"https:\/\/onlinehardwareshop.de\/index.php\/wp-json\/wp\/v2\/product_tag?post=71932"}],"curies":[{"name":"wp","href":"https:\/\/api.w.org\/{rel}","templated":true}]}}