{"id":71912,"date":"2024-08-04T00:39:32","date_gmt":"2024-08-04T00:39:32","guid":{"rendered":"https:\/\/onlinehardwareshop.de\/index.php\/produkt\/aeg-a9ozps1-pizzastein-set-2\/"},"modified":"2025-05-14T00:40:15","modified_gmt":"2025-05-14T00:40:15","slug":"aeg-a9ozps1-pizzastein-set","status":"publish","type":"product","link":"https:\/\/onlinehardwareshop.de\/index.php\/produkt\/aeg-a9ozps1-pizzastein-set\/","title":{"rendered":"AEG A9OZPS1 Pizzastein-Set"},"content":{"rendered":"<p>Mit diesem Pizzastein-Set AEG A9OZPS1 bereitest du eine Pizza so zu, wie sie sein sollte. Du legst den Pizzastein in den Ofen und b\u00e4ckst die Pizza darauf. Der Stein absorbiert viel W\u00e4rme und verleiht der Pizza einen knusprigen Boden und eine krosse Kruste. Der Stein ist f\u00fcr alle Arten von Elektro- und Gasback\u00f6fen geeignet und misst 38 mal 33 Zentimeter. Wenn die Pizza fertig ist, nimmst du sie mit der Pizzaschaufel aus dem Backofen heraus.<\/p>\n","protected":false},"excerpt":{"rendered":"<p>Mit diesem Pizzastein-Set AEG A9OZPS1 bereitest du eine Pizza so zu, wie sie sein sollte. Du legst den Pizzastein in den Ofen und b\u00e4ckst die Pizza darauf. Der Stein absorbiert viel W\u00e4rme und verleiht der Pizza einen knusprigen Boden und eine krosse Kruste. Der Stein ist f\u00fcr alle Arten von Elektro- und Gasback\u00f6fen geeignet und misst 38 mal 33 Zentimeter. Wenn die Pizza fertig ist, nimmst du sie mit der Pizzaschaufel aus dem Backofen heraus.<\/p>\n","protected":false},"featured_media":0,"comment_status":"closed","ping_status":"open","template":"","meta":{"_acf_changed":false},"brand":[1888],"product_brand":[],"product_cat":[11378],"product_tag":[11379],"class_list":{"0":"post-71912","1":"product","2":"type-product","3":"status-publish","5":"brand-aeg","6":"product_cat-pizzasteine","7":"product_tag-pizzastenen","8":"pa_condition-new","9":"pa_coolblue-de-verzending-morgen-gratis-geliefert","10":"pa_ean-31399","11":"pa_mpn-31400","13":"first","14":"instock","15":"product-type-external"},"acf":[],"_links":{"self":[{"href":"https:\/\/onlinehardwareshop.de\/index.php\/wp-json\/wp\/v2\/product\/71912","targetHints":{"allow":["GET"]}}],"collection":[{"href":"https:\/\/onlinehardwareshop.de\/index.php\/wp-json\/wp\/v2\/product"}],"about":[{"href":"https:\/\/onlinehardwareshop.de\/index.php\/wp-json\/wp\/v2\/types\/product"}],"replies":[{"embeddable":true,"href":"https:\/\/onlinehardwareshop.de\/index.php\/wp-json\/wp\/v2\/comments?post=71912"}],"wp:attachment":[{"href":"https:\/\/onlinehardwareshop.de\/index.php\/wp-json\/wp\/v2\/media?parent=71912"}],"wp:term":[{"taxonomy":"brand","embeddable":true,"href":"https:\/\/onlinehardwareshop.de\/index.php\/wp-json\/wp\/v2\/brand?post=71912"},{"taxonomy":"product_brand","embeddable":true,"href":"https:\/\/onlinehardwareshop.de\/index.php\/wp-json\/wp\/v2\/product_brand?post=71912"},{"taxonomy":"product_cat","embeddable":true,"href":"https:\/\/onlinehardwareshop.de\/index.php\/wp-json\/wp\/v2\/product_cat?post=71912"},{"taxonomy":"product_tag","embeddable":true,"href":"https:\/\/onlinehardwareshop.de\/index.php\/wp-json\/wp\/v2\/product_tag?post=71912"}],"curies":[{"name":"wp","href":"https:\/\/api.w.org\/{rel}","templated":true}]}}