{"id":71909,"date":"2024-02-22T05:58:34","date_gmt":"2024-02-22T05:58:34","guid":{"rendered":"https:\/\/onlinehardwareshop.de\/index.php\/produkt\/bosch-bbz41fgall-g-all-staubsaugerbeutel-4-stck-2\/"},"modified":"2025-05-14T00:40:00","modified_gmt":"2025-05-14T00:40:00","slug":"bosch-bbz41fgall-g-all-staubsaugerbeutel-4-stck","status":"publish","type":"product","link":"https:\/\/onlinehardwareshop.de\/index.php\/produkt\/bosch-bbz41fgall-g-all-staubsaugerbeutel-4-stck\/","title":{"rendered":"Bosch BBZ41FGALL G All Staubsaugerbeutel (4 St&#xFC;ck)"},"content":{"rendered":"<p>Mit dem Bosch BBZ41FGALL G All Staubsaugerbeutel (4 St\u00fcck) ersetzt du auf eine hygienische Weise deinen Staubsaugerbeutel. Die Staubsaugerbeutel enthalten n\u00e4mlich einen Beutelverschluss, der sich schlie\u00dft, sobald du den Beutel vom Staubsauger trennst. Hierdurch kann der Staub im Beutel nicht entkommen. Dieses Set aus Staubsaugerbeuteln besteht aus vier Beuteln und ist aus mehrlagigiem Fleece-Material hergestellt. Dieses Material ist besonders stark und hierdurch ist die Gefahr von Rissen viel geringer als bei Staubsaugerbeuteln aus Papier.   Diese Staubsaugerbeutel sind f\u00fcr alle G-Typen von Bosch und Siemens Staubsaugern mit Staubbeutel geeignet.<\/p>\n","protected":false},"excerpt":{"rendered":"<p>Mit dem Bosch BBZ41FGALL G All Staubsaugerbeutel (4 St\u00fcck) ersetzt du auf eine hygienische Weise deinen Staubsaugerbeutel. Die Staubsaugerbeutel enthalten n\u00e4mlich einen Beutelverschluss, der sich schlie\u00dft, sobald du den Beutel vom Staubsauger trennst. Hierdurch kann der Staub im Beutel nicht entkommen. Dieses Set aus Staubsaugerbeuteln besteht aus vier Beuteln und ist aus mehrlagigiem Fleece-Material hergestellt. Dieses Material ist besonders stark und hierdurch ist die Gefahr von Rissen viel geringer als bei Staubsaugerbeuteln aus Papier.   Diese Staubsaugerbeutel sind f\u00fcr alle G-Typen von Bosch und Siemens Staubsaugern mit Staubbeutel geeignet.<\/p>\n","protected":false},"featured_media":0,"comment_status":"closed","ping_status":"open","template":"","meta":{"_acf_changed":false},"brand":[250],"product_brand":[],"product_cat":[129],"product_tag":[130],"class_list":{"0":"post-71909","1":"product","2":"type-product","3":"status-publish","5":"brand-bosch","6":"product_cat-staubsaugerbeutel","7":"product_tag-stofzuigerzakken","8":"pa_condition-new","9":"pa_coolblue-de-verzending-morgen-gratis-geliefert","10":"pa_ean-3337","11":"pa_mpn-bbz41fgall","13":"first","14":"instock","15":"product-type-external"},"acf":[],"_links":{"self":[{"href":"https:\/\/onlinehardwareshop.de\/index.php\/wp-json\/wp\/v2\/product\/71909","targetHints":{"allow":["GET"]}}],"collection":[{"href":"https:\/\/onlinehardwareshop.de\/index.php\/wp-json\/wp\/v2\/product"}],"about":[{"href":"https:\/\/onlinehardwareshop.de\/index.php\/wp-json\/wp\/v2\/types\/product"}],"replies":[{"embeddable":true,"href":"https:\/\/onlinehardwareshop.de\/index.php\/wp-json\/wp\/v2\/comments?post=71909"}],"wp:attachment":[{"href":"https:\/\/onlinehardwareshop.de\/index.php\/wp-json\/wp\/v2\/media?parent=71909"}],"wp:term":[{"taxonomy":"brand","embeddable":true,"href":"https:\/\/onlinehardwareshop.de\/index.php\/wp-json\/wp\/v2\/brand?post=71909"},{"taxonomy":"product_brand","embeddable":true,"href":"https:\/\/onlinehardwareshop.de\/index.php\/wp-json\/wp\/v2\/product_brand?post=71909"},{"taxonomy":"product_cat","embeddable":true,"href":"https:\/\/onlinehardwareshop.de\/index.php\/wp-json\/wp\/v2\/product_cat?post=71909"},{"taxonomy":"product_tag","embeddable":true,"href":"https:\/\/onlinehardwareshop.de\/index.php\/wp-json\/wp\/v2\/product_tag?post=71909"}],"curies":[{"name":"wp","href":"https:\/\/api.w.org\/{rel}","templated":true}]}}