{"id":71896,"date":"2024-09-20T05:17:57","date_gmt":"2024-09-20T05:17:57","guid":{"rendered":"https:\/\/onlinehardwareshop.de\/index.php\/produkt\/magimix-power-blender-4-matt-chrom-2\/"},"modified":"2025-05-14T00:38:54","modified_gmt":"2025-05-14T00:38:54","slug":"magimix-power-blender-4-matt-chrom","status":"publish","type":"product","link":"https:\/\/onlinehardwareshop.de\/index.php\/produkt\/magimix-power-blender-4-matt-chrom\/","title":{"rendered":"Magimix Power Blender 4 Matt Chrom"},"content":{"rendered":"<p>Mit 1.300 Watt Leistung bietet der Magimix Power Blender 4 in Matt Chrom 1,8\u00a0Liter \u00fcberdurchschnittlich viel Power zum Zerkleinern von Eisw\u00fcrfeln und harten Zutaten. F\u00fcr eher dickfl\u00fcssige Zubereitungen wie Eis drehst du ihn auf 600 Umdrehungen pro Minute herunter. Bist du nicht sicher, welche Geschwindigkeit du verwenden sollst? Dieser Standmixer verf\u00fcgt \u00fcber f\u00fcnf automatische Programme, mit denen du beispielsweise auf Knopfdruck Suppe und Smoothies zubereiten kannst. Der 1,8-Liter-Mixbeh\u00e4lter aus Glas eignet sich f\u00fcr kalte wie warme Zutaten. Du bereitest also ebenso gut einen eiskalten Milchshake wie eine warme K\u00fcrbissuppe darin zu. Wenn du fertig bist, schaltest du das Reinigungsprogramm ein. Damit hat sich der Abwasch also erledigt.<\/p>\n","protected":false},"excerpt":{"rendered":"<p>Mit 1.300 Watt Leistung bietet der Magimix Power Blender 4 in Matt Chrom 1,8\u00a0Liter \u00fcberdurchschnittlich viel Power zum Zerkleinern von Eisw\u00fcrfeln und harten Zutaten. F\u00fcr eher dickfl\u00fcssige Zubereitungen wie Eis drehst du ihn auf 600 Umdrehungen pro Minute herunter. Bist du nicht sicher, welche Geschwindigkeit du verwenden sollst? Dieser Standmixer verf\u00fcgt \u00fcber f\u00fcnf automatische Programme, mit denen du beispielsweise auf Knopfdruck Suppe und Smoothies zubereiten kannst. Der 1,8-Liter-Mixbeh\u00e4lter aus Glas eignet sich f\u00fcr kalte wie warme Zutaten. Du bereitest also ebenso gut einen eiskalten Milchshake wie eine warme K\u00fcrbissuppe darin zu. Wenn du fertig bist, schaltest du das Reinigungsprogramm ein. Damit hat sich der Abwasch also erledigt.<\/p>\n","protected":false},"featured_media":0,"comment_status":"closed","ping_status":"open","template":"","meta":{"_acf_changed":false},"brand":[208],"product_brand":[],"product_cat":[1606],"product_tag":[1607],"class_list":{"0":"post-71896","1":"product","2":"type-product","3":"status-publish","5":"brand-magimix","6":"product_cat-standmixer","7":"product_tag-blenders","8":"pa_condition-new","9":"pa_coolblue-de-verzending-morgen-gratis-geliefert","10":"pa_ean-3304","11":"pa_mpn-11630nl","13":"first","14":"instock","15":"product-type-external"},"acf":[],"_links":{"self":[{"href":"https:\/\/onlinehardwareshop.de\/index.php\/wp-json\/wp\/v2\/product\/71896","targetHints":{"allow":["GET"]}}],"collection":[{"href":"https:\/\/onlinehardwareshop.de\/index.php\/wp-json\/wp\/v2\/product"}],"about":[{"href":"https:\/\/onlinehardwareshop.de\/index.php\/wp-json\/wp\/v2\/types\/product"}],"replies":[{"embeddable":true,"href":"https:\/\/onlinehardwareshop.de\/index.php\/wp-json\/wp\/v2\/comments?post=71896"}],"wp:attachment":[{"href":"https:\/\/onlinehardwareshop.de\/index.php\/wp-json\/wp\/v2\/media?parent=71896"}],"wp:term":[{"taxonomy":"brand","embeddable":true,"href":"https:\/\/onlinehardwareshop.de\/index.php\/wp-json\/wp\/v2\/brand?post=71896"},{"taxonomy":"product_brand","embeddable":true,"href":"https:\/\/onlinehardwareshop.de\/index.php\/wp-json\/wp\/v2\/product_brand?post=71896"},{"taxonomy":"product_cat","embeddable":true,"href":"https:\/\/onlinehardwareshop.de\/index.php\/wp-json\/wp\/v2\/product_cat?post=71896"},{"taxonomy":"product_tag","embeddable":true,"href":"https:\/\/onlinehardwareshop.de\/index.php\/wp-json\/wp\/v2\/product_tag?post=71896"}],"curies":[{"name":"wp","href":"https:\/\/api.w.org\/{rel}","templated":true}]}}