{"id":71879,"date":"2024-11-08T11:30:26","date_gmt":"2024-11-08T11:30:26","guid":{"rendered":"https:\/\/onlinehardwareshop.de\/index.php\/produkt\/pioneer-dj-hdj-x7-schwarz\/"},"modified":"2025-05-14T00:37:39","modified_gmt":"2025-05-14T00:37:39","slug":"pioneer-dj-hdj-x7-schwarz","status":"publish","type":"product","link":"https:\/\/onlinehardwareshop.de\/index.php\/produkt\/pioneer-dj-hdj-x7-schwarz\/","title":{"rendered":"Pioneer DJ HDJ-X7 Schwarz"},"content":{"rendered":"<p>Der Pioneer DJ HDJ-X7 ist ein DJ-Kopfh\u00f6rer mit 50-mm-Dome-Treibern. Dadurch hat der Kopfh\u00f6rer einen breiten Frequenzbereich von 5 bis 30.000 Hertz. Das stellt sicher, dass der Sound detailliert klingt. Das Spiralkabel gibt dir Bewegungsfreiheit, ohne dass das lange Kabel auf dem Boden schleift. Das Kabel ist 1,2 Meter lang, im ausgedehnten Zustand hast du jedoch einen Bewegungsradius von 3 Metern. Dank der um 90 Grad drehbaren Ohrmuscheln kannst du die Musik w\u00e4hrend des Monitorings und Auflegens problemlos auf einem Ohr h\u00f6ren. Nach dem Auflegen bewahrst du den Kopfh\u00f6rer sicher im mitgelieferten Aufbewahrungsetui auf, damit er auf Reisen nicht besch\u00e4digt wird.<\/p>\n","protected":false},"excerpt":{"rendered":"<p>Der Pioneer DJ HDJ-X7 ist ein DJ-Kopfh\u00f6rer mit 50-mm-Dome-Treibern. Dadurch hat der Kopfh\u00f6rer einen breiten Frequenzbereich von 5 bis 30.000 Hertz. Das stellt sicher, dass der Sound detailliert klingt. Das Spiralkabel gibt dir Bewegungsfreiheit, ohne dass das lange Kabel auf dem Boden schleift. Das Kabel ist 1,2 Meter lang, im ausgedehnten Zustand hast du jedoch einen Bewegungsradius von 3 Metern. Dank der um 90 Grad drehbaren Ohrmuscheln kannst du die Musik w\u00e4hrend des Monitorings und Auflegens problemlos auf einem Ohr h\u00f6ren. Nach dem Auflegen bewahrst du den Kopfh\u00f6rer sicher im mitgelieferten Aufbewahrungsetui auf, damit er auf Reisen nicht besch\u00e4digt wird.<\/p>\n","protected":false},"featured_media":0,"comment_status":"closed","ping_status":"open","template":"","meta":{"_acf_changed":false},"brand":[1321],"product_brand":[],"product_cat":[1182],"product_tag":[1183],"class_list":{"0":"post-71879","1":"product","2":"type-product","3":"status-publish","5":"brand-pioneer","6":"product_cat-kopfhrer","7":"product_tag-hoofdtelefoons-zonder-noisecancelling","8":"pa_condition-new","9":"pa_coolblue-de-verzending-morgen-gratis-geliefert","10":"pa_ean-27526","11":"pa_mpn-hdj-x7-k","13":"first","14":"instock","15":"product-type-external"},"acf":[],"_links":{"self":[{"href":"https:\/\/onlinehardwareshop.de\/index.php\/wp-json\/wp\/v2\/product\/71879","targetHints":{"allow":["GET"]}}],"collection":[{"href":"https:\/\/onlinehardwareshop.de\/index.php\/wp-json\/wp\/v2\/product"}],"about":[{"href":"https:\/\/onlinehardwareshop.de\/index.php\/wp-json\/wp\/v2\/types\/product"}],"replies":[{"embeddable":true,"href":"https:\/\/onlinehardwareshop.de\/index.php\/wp-json\/wp\/v2\/comments?post=71879"}],"wp:attachment":[{"href":"https:\/\/onlinehardwareshop.de\/index.php\/wp-json\/wp\/v2\/media?parent=71879"}],"wp:term":[{"taxonomy":"brand","embeddable":true,"href":"https:\/\/onlinehardwareshop.de\/index.php\/wp-json\/wp\/v2\/brand?post=71879"},{"taxonomy":"product_brand","embeddable":true,"href":"https:\/\/onlinehardwareshop.de\/index.php\/wp-json\/wp\/v2\/product_brand?post=71879"},{"taxonomy":"product_cat","embeddable":true,"href":"https:\/\/onlinehardwareshop.de\/index.php\/wp-json\/wp\/v2\/product_cat?post=71879"},{"taxonomy":"product_tag","embeddable":true,"href":"https:\/\/onlinehardwareshop.de\/index.php\/wp-json\/wp\/v2\/product_tag?post=71879"}],"curies":[{"name":"wp","href":"https:\/\/api.w.org\/{rel}","templated":true}]}}