{"id":71863,"date":"2024-11-03T06:07:53","date_gmt":"2024-11-03T06:07:53","guid":{"rendered":"https:\/\/onlinehardwareshop.de\/index.php\/produkt\/canon-pixma-ts5151-2\/"},"modified":"2025-05-14T00:36:10","modified_gmt":"2025-05-14T00:36:10","slug":"canon-pixma-ts5151","status":"publish","type":"product","link":"https:\/\/onlinehardwareshop.de\/index.php\/produkt\/canon-pixma-ts5151\/","title":{"rendered":"Canon PIXMA TS5151"},"content":{"rendered":"<p>Statte dein Zuhause mit dem Canon PIXMA TS5151 Wei\u00df mit einem kompakten Multifunktionsdrucker aus. Hiermit druckst, scannst und kopierst du Dokumente in Farbe oder Schwarz-Wei\u00df. Fotos lassen sich mit einer hohen Aufl\u00f6sung von 4.800\u00a0x 1.200\u00a0dpi sowie randlos ausdrucken. Dank WLAN-Unterst\u00fctzung brauchst du kein Druckerkabel, sondern du druckst kabellos von deinem Laptop, Tablet oder Smartphone. Des Weiteren unterst\u00fctzt der TS5151 Bluetooth. M\u00f6chtest du die Einstellungen \u00e4ndern oder ein neues Ger\u00e4t hinzuf\u00fcgen? Das geht ganz einfach mit den Tasten auf dem Drucker. Die Papierkassette fasst bis zu 100 B\u00f6gen Papier. Wenn du beidseitig druckst, sind das 200 Seiten, ohne Papier nachf\u00fcllen zu m\u00fcssen.    Hinweis: M\u00f6chtest du ein Foto auf Fotopapier ausdrucken? Lege die R\u00fcckseite (mit dem Logo) nach oben in den Drucker.<\/p>\n","protected":false},"excerpt":{"rendered":"<p>Statte dein Zuhause mit dem Canon PIXMA TS5151 Wei\u00df mit einem kompakten Multifunktionsdrucker aus. Hiermit druckst, scannst und kopierst du Dokumente in Farbe oder Schwarz-Wei\u00df. Fotos lassen sich mit einer hohen Aufl\u00f6sung von 4.800\u00a0x 1.200\u00a0dpi sowie randlos ausdrucken. Dank WLAN-Unterst\u00fctzung brauchst du kein Druckerkabel, sondern du druckst kabellos von deinem Laptop, Tablet oder Smartphone. Des Weiteren unterst\u00fctzt der TS5151 Bluetooth. M\u00f6chtest du die Einstellungen \u00e4ndern oder ein neues Ger\u00e4t hinzuf\u00fcgen? Das geht ganz einfach mit den Tasten auf dem Drucker. Die Papierkassette fasst bis zu 100 B\u00f6gen Papier. Wenn du beidseitig druckst, sind das 200 Seiten, ohne Papier nachf\u00fcllen zu m\u00fcssen.    Hinweis: M\u00f6chtest du ein Foto auf Fotopapier ausdrucken? Lege die R\u00fcckseite (mit dem Logo) nach oben in den Drucker.<\/p>\n","protected":false},"featured_media":0,"comment_status":"closed","ping_status":"open","template":"","meta":{"_acf_changed":false},"brand":[61],"product_brand":[],"product_cat":[2205],"product_tag":[2206],"class_list":{"0":"post-71863","1":"product","2":"type-product","3":"status-publish","5":"brand-canon","6":"product_cat-drucker","7":"product_tag-inkjetprinters","8":"pa_condition-new","9":"pa_coolblue-de-verzending-morgen-gratis-geliefert","10":"pa_ean-3223","11":"pa_mpn-2228c026","13":"first","14":"instock","15":"product-type-external"},"acf":[],"_links":{"self":[{"href":"https:\/\/onlinehardwareshop.de\/index.php\/wp-json\/wp\/v2\/product\/71863","targetHints":{"allow":["GET"]}}],"collection":[{"href":"https:\/\/onlinehardwareshop.de\/index.php\/wp-json\/wp\/v2\/product"}],"about":[{"href":"https:\/\/onlinehardwareshop.de\/index.php\/wp-json\/wp\/v2\/types\/product"}],"replies":[{"embeddable":true,"href":"https:\/\/onlinehardwareshop.de\/index.php\/wp-json\/wp\/v2\/comments?post=71863"}],"wp:attachment":[{"href":"https:\/\/onlinehardwareshop.de\/index.php\/wp-json\/wp\/v2\/media?parent=71863"}],"wp:term":[{"taxonomy":"brand","embeddable":true,"href":"https:\/\/onlinehardwareshop.de\/index.php\/wp-json\/wp\/v2\/brand?post=71863"},{"taxonomy":"product_brand","embeddable":true,"href":"https:\/\/onlinehardwareshop.de\/index.php\/wp-json\/wp\/v2\/product_brand?post=71863"},{"taxonomy":"product_cat","embeddable":true,"href":"https:\/\/onlinehardwareshop.de\/index.php\/wp-json\/wp\/v2\/product_cat?post=71863"},{"taxonomy":"product_tag","embeddable":true,"href":"https:\/\/onlinehardwareshop.de\/index.php\/wp-json\/wp\/v2\/product_tag?post=71863"}],"curies":[{"name":"wp","href":"https:\/\/api.w.org\/{rel}","templated":true}]}}