{"id":71848,"date":"2024-06-28T16:31:55","date_gmt":"2024-06-28T16:31:55","guid":{"rendered":"https:\/\/onlinehardwareshop.de\/index.php\/produkt\/logitech-z207-bluetooth-pc-lautsprecher-schwarz-2\/"},"modified":"2025-05-14T00:34:54","modified_gmt":"2025-05-14T00:34:54","slug":"logitech-z207-bluetooth-pc-lautsprecher-schwarz","status":"publish","type":"product","link":"https:\/\/onlinehardwareshop.de\/index.php\/produkt\/logitech-z207-bluetooth-pc-lautsprecher-schwarz\/","title":{"rendered":"Logitech Z207 Bluetooth PC-Lautsprecher &#8211; Schwarz"},"content":{"rendered":"<p>Das Logitech Z207 Bluetooth Computer-Lautsprecherset ist ein 2.0-Lautsprechersystem, mit dem du sofort reinen Stereosound genie\u00dfen kannst, w\u00e4hrend du hinter deinem PC sitzt. Die Lautsprecher haben eine Spitzenleistung von 10 Watt und bieten dir einen vollen, klaren Klang. Die Verbindung erfolgt \u00fcber den 3,5-mm-Mini-Jack-Anschluss oder \u00fcber Bluetooth. Verbinde die Lautsprecher einfach mit deinem Laptop, PC oder deiner Konsole. Die Logitech Z207 verf\u00fcgt au\u00dferdem \u00fcber einen Lautst\u00e4rkeregler auf der Vorderseite der Lautsprecher. So hast du immer die Kontrolle dar\u00fcber, wie laut dein Sound ist. Finden andere, dass es zu laut ist? Dank der praktischen Kopfh\u00f6rerbuchse kannst du in aller Ruhe Musik h\u00f6ren.<\/p>\n","protected":false},"excerpt":{"rendered":"<p>Das Logitech Z207 Bluetooth Computer-Lautsprecherset ist ein 2.0-Lautsprechersystem, mit dem du sofort reinen Stereosound genie\u00dfen kannst, w\u00e4hrend du hinter deinem PC sitzt. Die Lautsprecher haben eine Spitzenleistung von 10 Watt und bieten dir einen vollen, klaren Klang. Die Verbindung erfolgt \u00fcber den 3,5-mm-Mini-Jack-Anschluss oder \u00fcber Bluetooth. Verbinde die Lautsprecher einfach mit deinem Laptop, PC oder deiner Konsole. Die Logitech Z207 verf\u00fcgt au\u00dferdem \u00fcber einen Lautst\u00e4rkeregler auf der Vorderseite der Lautsprecher. So hast du immer die Kontrolle dar\u00fcber, wie laut dein Sound ist. Finden andere, dass es zu laut ist? Dank der praktischen Kopfh\u00f6rerbuchse kannst du in aller Ruhe Musik h\u00f6ren.<\/p>\n","protected":false},"featured_media":0,"comment_status":"closed","ping_status":"open","template":"","meta":{"_acf_changed":false},"brand":[32],"product_brand":[],"product_cat":[47],"product_tag":[48],"class_list":{"0":"post-71848","1":"product","2":"type-product","3":"status-publish","5":"brand-logitech","6":"product_cat-pc-lautsprecher","7":"product_tag-pc-speakers","8":"pa_condition-new","9":"pa_coolblue-de-verzending-morgen-gratis-geliefert","10":"pa_ean-3194","11":"pa_mpn-980-001295","13":"first","14":"instock","15":"product-type-external"},"acf":[],"_links":{"self":[{"href":"https:\/\/onlinehardwareshop.de\/index.php\/wp-json\/wp\/v2\/product\/71848","targetHints":{"allow":["GET"]}}],"collection":[{"href":"https:\/\/onlinehardwareshop.de\/index.php\/wp-json\/wp\/v2\/product"}],"about":[{"href":"https:\/\/onlinehardwareshop.de\/index.php\/wp-json\/wp\/v2\/types\/product"}],"replies":[{"embeddable":true,"href":"https:\/\/onlinehardwareshop.de\/index.php\/wp-json\/wp\/v2\/comments?post=71848"}],"wp:attachment":[{"href":"https:\/\/onlinehardwareshop.de\/index.php\/wp-json\/wp\/v2\/media?parent=71848"}],"wp:term":[{"taxonomy":"brand","embeddable":true,"href":"https:\/\/onlinehardwareshop.de\/index.php\/wp-json\/wp\/v2\/brand?post=71848"},{"taxonomy":"product_brand","embeddable":true,"href":"https:\/\/onlinehardwareshop.de\/index.php\/wp-json\/wp\/v2\/product_brand?post=71848"},{"taxonomy":"product_cat","embeddable":true,"href":"https:\/\/onlinehardwareshop.de\/index.php\/wp-json\/wp\/v2\/product_cat?post=71848"},{"taxonomy":"product_tag","embeddable":true,"href":"https:\/\/onlinehardwareshop.de\/index.php\/wp-json\/wp\/v2\/product_tag?post=71848"}],"curies":[{"name":"wp","href":"https:\/\/api.w.org\/{rel}","templated":true}]}}