{"id":71842,"date":"2024-05-16T07:35:43","date_gmt":"2024-05-16T07:35:43","guid":{"rendered":"https:\/\/onlinehardwareshop.de\/index.php\/produkt\/philips-daily-collection-hd9350-90-2\/"},"modified":"2025-05-14T00:34:21","modified_gmt":"2025-05-14T00:34:21","slug":"philips-daily-collection-hd9350-90","status":"publish","type":"product","link":"https:\/\/onlinehardwareshop.de\/index.php\/produkt\/philips-daily-collection-hd9350-90\/","title":{"rendered":"Philips Daily Collection HD9350\/90"},"content":{"rendered":"<p>Der Philips Daily Collection HD9350\/90 hat ein gro\u00dfes Fassungsverm\u00f6gen von 1,7\u00a0Litern, mit dem du Wasser f\u00fcr sieben Tassen Tee auf einmal kochen kannst. Das ist praktisch, wenn du G\u00e4ste hast. Dank der Liter- und Tassenanzeige legst du im Voraus fest, wie viele Tassen Tee du kochen willst. Durch die gro\u00dfe Einf\u00fcll\u00f6ffnung kannst du den Wasserkocher einfach unter dem Wasserhahn f\u00fcllen. Kocht das Wasser? Dann ert\u00f6nt ein Signalton. W\u00e4hrend du das Wasser in die Tassen gie\u00dft, h\u00e4lt der Kalkfilter eventuelle Kalkpartikel fern. Der Filter ist abnehmbar, sodass du ihn einfach unter dem Wasserhahn absp\u00fclen kannst.<\/p>\n","protected":false},"excerpt":{"rendered":"<p>Der Philips Daily Collection HD9350\/90 hat ein gro\u00dfes Fassungsverm\u00f6gen von 1,7\u00a0Litern, mit dem du Wasser f\u00fcr sieben Tassen Tee auf einmal kochen kannst. Das ist praktisch, wenn du G\u00e4ste hast. Dank der Liter- und Tassenanzeige legst du im Voraus fest, wie viele Tassen Tee du kochen willst. Durch die gro\u00dfe Einf\u00fcll\u00f6ffnung kannst du den Wasserkocher einfach unter dem Wasserhahn f\u00fcllen. Kocht das Wasser? Dann ert\u00f6nt ein Signalton. W\u00e4hrend du das Wasser in die Tassen gie\u00dft, h\u00e4lt der Kalkfilter eventuelle Kalkpartikel fern. Der Filter ist abnehmbar, sodass du ihn einfach unter dem Wasserhahn absp\u00fclen kannst.<\/p>\n","protected":false},"featured_media":0,"comment_status":"closed","ping_status":"open","template":"","meta":{"_acf_changed":false},"brand":[1382],"product_brand":[],"product_cat":[716],"product_tag":[717],"class_list":{"0":"post-71842","1":"product","2":"type-product","3":"status-publish","5":"brand-philips","6":"product_cat-wasserkocher","7":"product_tag-waterkokers","8":"pa_condition-new","9":"pa_coolblue-de-verzending-morgen-gratis-geliefert","10":"pa_ean-3177","11":"pa_mpn-hd9350-90","13":"first","14":"instock","15":"product-type-external"},"acf":[],"_links":{"self":[{"href":"https:\/\/onlinehardwareshop.de\/index.php\/wp-json\/wp\/v2\/product\/71842","targetHints":{"allow":["GET"]}}],"collection":[{"href":"https:\/\/onlinehardwareshop.de\/index.php\/wp-json\/wp\/v2\/product"}],"about":[{"href":"https:\/\/onlinehardwareshop.de\/index.php\/wp-json\/wp\/v2\/types\/product"}],"replies":[{"embeddable":true,"href":"https:\/\/onlinehardwareshop.de\/index.php\/wp-json\/wp\/v2\/comments?post=71842"}],"wp:attachment":[{"href":"https:\/\/onlinehardwareshop.de\/index.php\/wp-json\/wp\/v2\/media?parent=71842"}],"wp:term":[{"taxonomy":"brand","embeddable":true,"href":"https:\/\/onlinehardwareshop.de\/index.php\/wp-json\/wp\/v2\/brand?post=71842"},{"taxonomy":"product_brand","embeddable":true,"href":"https:\/\/onlinehardwareshop.de\/index.php\/wp-json\/wp\/v2\/product_brand?post=71842"},{"taxonomy":"product_cat","embeddable":true,"href":"https:\/\/onlinehardwareshop.de\/index.php\/wp-json\/wp\/v2\/product_cat?post=71842"},{"taxonomy":"product_tag","embeddable":true,"href":"https:\/\/onlinehardwareshop.de\/index.php\/wp-json\/wp\/v2\/product_tag?post=71842"}],"curies":[{"name":"wp","href":"https:\/\/api.w.org\/{rel}","templated":true}]}}