{"id":71830,"date":"2025-01-09T18:26:04","date_gmt":"2025-01-09T18:26:04","guid":{"rendered":"https:\/\/onlinehardwareshop.de\/index.php\/produkt\/omron-evolv-2\/"},"modified":"2025-05-14T00:33:10","modified_gmt":"2025-05-14T00:33:10","slug":"omron-evolv","status":"publish","type":"product","link":"https:\/\/onlinehardwareshop.de\/index.php\/produkt\/omron-evolv\/","title":{"rendered":"Omron EVOLV"},"content":{"rendered":"<p>Das mit dem Omron Evolv macht die Messung deines Blutdrucks einfach und aufschlussreich. Du legst die Manschette einfach um deinen Oberarm, da keine Kabel und Schl\u00e4uche angebracht sind. Dank der Intelli-Wrap-Manschette erh\u00e4ltst du eine Meldung, wenn die Manschette schief sitzt. Zudem verf\u00fcgt da Ger\u00e4t \u00fcber eine Bewegungserkennung, sodass die Messung immer pr\u00e4zise ist. Um die Ergebnisse deiner Messung \u00fcbersichtlich zu sehen, kannst du die Omron Connect App verwenden. Verbinde das Evolv \u00fcber Bluetooth mit deinem Smartphone oder Tablet, sodass die Werte automatisch in der App erscheinen. Du kannst alle bisherigen Messungen in \u00fcbersichtlichen Tabellen betrachten. Dies ist auch n\u00fctzlich, wenn du das Evolv beispielsweise mit zum Hausarzt nehmen m\u00f6chtest.<\/p>\n","protected":false},"excerpt":{"rendered":"<p>Das mit dem Omron Evolv macht die Messung deines Blutdrucks einfach und aufschlussreich. Du legst die Manschette einfach um deinen Oberarm, da keine Kabel und Schl\u00e4uche angebracht sind. Dank der Intelli-Wrap-Manschette erh\u00e4ltst du eine Meldung, wenn die Manschette schief sitzt. Zudem verf\u00fcgt da Ger\u00e4t \u00fcber eine Bewegungserkennung, sodass die Messung immer pr\u00e4zise ist. Um die Ergebnisse deiner Messung \u00fcbersichtlich zu sehen, kannst du die Omron Connect App verwenden. Verbinde das Evolv \u00fcber Bluetooth mit deinem Smartphone oder Tablet, sodass die Werte automatisch in der App erscheinen. Du kannst alle bisherigen Messungen in \u00fcbersichtlichen Tabellen betrachten. Dies ist auch n\u00fctzlich, wenn du das Evolv beispielsweise mit zum Hausarzt nehmen m\u00f6chtest.<\/p>\n","protected":false},"featured_media":0,"comment_status":"closed","ping_status":"open","template":"","meta":{"_acf_changed":false},"brand":[1048],"product_brand":[],"product_cat":[838],"product_tag":[839],"class_list":{"0":"post-71830","1":"product","2":"type-product","3":"status-publish","5":"brand-omron","6":"product_cat-blutdruckmessgerte","7":"product_tag-bovenarm-bloeddrukmeters","8":"pa_condition-new","9":"pa_coolblue-de-verzending-morgen-gratis-geliefert","10":"pa_ean-3144","11":"pa_mpn-hem-7600t-e","13":"first","14":"instock","15":"product-type-external"},"acf":[],"_links":{"self":[{"href":"https:\/\/onlinehardwareshop.de\/index.php\/wp-json\/wp\/v2\/product\/71830","targetHints":{"allow":["GET"]}}],"collection":[{"href":"https:\/\/onlinehardwareshop.de\/index.php\/wp-json\/wp\/v2\/product"}],"about":[{"href":"https:\/\/onlinehardwareshop.de\/index.php\/wp-json\/wp\/v2\/types\/product"}],"replies":[{"embeddable":true,"href":"https:\/\/onlinehardwareshop.de\/index.php\/wp-json\/wp\/v2\/comments?post=71830"}],"wp:attachment":[{"href":"https:\/\/onlinehardwareshop.de\/index.php\/wp-json\/wp\/v2\/media?parent=71830"}],"wp:term":[{"taxonomy":"brand","embeddable":true,"href":"https:\/\/onlinehardwareshop.de\/index.php\/wp-json\/wp\/v2\/brand?post=71830"},{"taxonomy":"product_brand","embeddable":true,"href":"https:\/\/onlinehardwareshop.de\/index.php\/wp-json\/wp\/v2\/product_brand?post=71830"},{"taxonomy":"product_cat","embeddable":true,"href":"https:\/\/onlinehardwareshop.de\/index.php\/wp-json\/wp\/v2\/product_cat?post=71830"},{"taxonomy":"product_tag","embeddable":true,"href":"https:\/\/onlinehardwareshop.de\/index.php\/wp-json\/wp\/v2\/product_tag?post=71830"}],"curies":[{"name":"wp","href":"https:\/\/api.w.org\/{rel}","templated":true}]}}