{"id":71823,"date":"2024-09-17T11:40:42","date_gmt":"2024-09-17T11:40:42","guid":{"rendered":"https:\/\/onlinehardwareshop.de\/index.php\/produkt\/logitech-brio-4k-stream-edition-2\/"},"modified":"2025-05-14T00:32:19","modified_gmt":"2025-05-14T00:32:19","slug":"logitech-brio-4k-stream-edition","status":"publish","type":"product","link":"https:\/\/onlinehardwareshop.de\/index.php\/produkt\/logitech-brio-4k-stream-edition\/","title":{"rendered":"Logitech BRIO 4K Stream Edition"},"content":{"rendered":"<p>Mit der Logitech Brio 4K Stream Edition Webcam streamst du auf Twitch, nimmst du Videos auf f\u00fcr deinen YouTube-Kanal oder f\u00fchrst du Videotelefonate \u00fcber Skype. Mit der Ultra HD 4K Video-Aufl\u00f6sung h\u00e4ltst du die kleinsten Details deines Gesichts und deiner Gesichtsausdr\u00fccke fest. Dank der hohen Bildfrequenz livestreamst du mit 1080p bei 60fps, dadurch sieht dein Publikum deinen Stream ebenso fl\u00fcssig wie du auf deinem Monitor. Das  Field of View der Webcam ist von 78 bis 90 Grad einstellbar. Damit fokussierst du das Bild auf dein game face oder l\u00e4sst du stattdessen deine gaming collectibles im Hintergrund ins Bild kommen.<\/p>\n","protected":false},"excerpt":{"rendered":"<p>Mit der Logitech Brio 4K Stream Edition Webcam streamst du auf Twitch, nimmst du Videos auf f\u00fcr deinen YouTube-Kanal oder f\u00fchrst du Videotelefonate \u00fcber Skype. Mit der Ultra HD 4K Video-Aufl\u00f6sung h\u00e4ltst du die kleinsten Details deines Gesichts und deiner Gesichtsausdr\u00fccke fest. Dank der hohen Bildfrequenz livestreamst du mit 1080p bei 60fps, dadurch sieht dein Publikum deinen Stream ebenso fl\u00fcssig wie du auf deinem Monitor. Das  Field of View der Webcam ist von 78 bis 90 Grad einstellbar. Damit fokussierst du das Bild auf dein game face oder l\u00e4sst du stattdessen deine gaming collectibles im Hintergrund ins Bild kommen.<\/p>\n","protected":false},"featured_media":0,"comment_status":"closed","ping_status":"open","template":"","meta":{"_acf_changed":false},"brand":[32],"product_brand":[],"product_cat":[999],"product_tag":[2383],"class_list":{"0":"post-71823","1":"product","2":"type-product","3":"status-publish","5":"brand-logitech","6":"product_cat-webcams","7":"product_tag-streaming-webcams","8":"pa_condition-new","9":"pa_coolblue-de-verzending-morgen-gratis-geliefert","10":"pa_ean-27907","11":"pa_mpn-960-001194","13":"first","14":"instock","15":"product-type-external"},"acf":[],"_links":{"self":[{"href":"https:\/\/onlinehardwareshop.de\/index.php\/wp-json\/wp\/v2\/product\/71823","targetHints":{"allow":["GET"]}}],"collection":[{"href":"https:\/\/onlinehardwareshop.de\/index.php\/wp-json\/wp\/v2\/product"}],"about":[{"href":"https:\/\/onlinehardwareshop.de\/index.php\/wp-json\/wp\/v2\/types\/product"}],"replies":[{"embeddable":true,"href":"https:\/\/onlinehardwareshop.de\/index.php\/wp-json\/wp\/v2\/comments?post=71823"}],"wp:attachment":[{"href":"https:\/\/onlinehardwareshop.de\/index.php\/wp-json\/wp\/v2\/media?parent=71823"}],"wp:term":[{"taxonomy":"brand","embeddable":true,"href":"https:\/\/onlinehardwareshop.de\/index.php\/wp-json\/wp\/v2\/brand?post=71823"},{"taxonomy":"product_brand","embeddable":true,"href":"https:\/\/onlinehardwareshop.de\/index.php\/wp-json\/wp\/v2\/product_brand?post=71823"},{"taxonomy":"product_cat","embeddable":true,"href":"https:\/\/onlinehardwareshop.de\/index.php\/wp-json\/wp\/v2\/product_cat?post=71823"},{"taxonomy":"product_tag","embeddable":true,"href":"https:\/\/onlinehardwareshop.de\/index.php\/wp-json\/wp\/v2\/product_tag?post=71823"}],"curies":[{"name":"wp","href":"https:\/\/api.w.org\/{rel}","templated":true}]}}