{"id":71808,"date":"2024-03-27T13:16:02","date_gmt":"2024-03-27T13:16:02","guid":{"rendered":"https:\/\/onlinehardwareshop.de\/index.php\/produkt\/netatmo-smartes-co2-messgert-fr-innenrume-2\/"},"modified":"2025-05-14T00:30:49","modified_gmt":"2025-05-14T00:30:49","slug":"netatmo-smartes-co2-messgert-fr-innenrume","status":"publish","type":"product","link":"https:\/\/onlinehardwareshop.de\/index.php\/produkt\/netatmo-smartes-co2-messgert-fr-innenrume\/","title":{"rendered":"Netatmo Smartes CO2-Messger&#xE4;t f&#xFC;r Innenr&#xE4;ume"},"content":{"rendered":"<p>Mit dem Netatmo Healthy Home Coach wei\u00dft du immer Bescheid \u00fcber Luftfeuchtigkeit, Luftqualit\u00e4t, Temperatur und Ger\u00e4uschpegel in deiner Wohnumgebung. Alle Werte werden gemessen und an die App auf deinem Smartphone weitergegeben (iOS und Android). Die App zeigt an, ob die Werte gef\u00e4hrlich sind f\u00fcr die Gesundheit und du bekommst zudem Tipps, wie du das Problem l\u00f6sen kannst. Beispielsweise hat der Ger\u00e4uschpegel einen Einfluss auf einen ungest\u00f6rten Schlaf. Mit dem Healthy Home Coach bekommst du eine eindeutige \u00dcbersicht der unterschiedlichen Elemente, um dein Lebensumfeld zu optimieren. Der Netatmo Healthy Home Coach ist kompatibel mit dem Apple HomeKit.<\/p>\n","protected":false},"excerpt":{"rendered":"<p>Mit dem Netatmo Healthy Home Coach wei\u00dft du immer Bescheid \u00fcber Luftfeuchtigkeit, Luftqualit\u00e4t, Temperatur und Ger\u00e4uschpegel in deiner Wohnumgebung. Alle Werte werden gemessen und an die App auf deinem Smartphone weitergegeben (iOS und Android). Die App zeigt an, ob die Werte gef\u00e4hrlich sind f\u00fcr die Gesundheit und du bekommst zudem Tipps, wie du das Problem l\u00f6sen kannst. Beispielsweise hat der Ger\u00e4uschpegel einen Einfluss auf einen ungest\u00f6rten Schlaf. Mit dem Healthy Home Coach bekommst du eine eindeutige \u00dcbersicht der unterschiedlichen Elemente, um dein Lebensumfeld zu optimieren. Der Netatmo Healthy Home Coach ist kompatibel mit dem Apple HomeKit.<\/p>\n","protected":false},"featured_media":0,"comment_status":"closed","ping_status":"open","template":"","meta":{"_acf_changed":false},"brand":[845],"product_brand":[],"product_cat":[3076],"product_tag":[3077],"class_list":{"0":"post-71808","1":"product","2":"type-product","3":"status-publish","5":"brand-netatmo","6":"product_cat-luftqualittsmessgerte","7":"product_tag-luchtkwaliteitsmeters","8":"pa_condition-new","9":"pa_coolblue-de-verzending-morgen-gratis-geliefert","10":"pa_ean-3074","11":"pa_mpn-na-74-006","13":"first","14":"instock","15":"product-type-external"},"acf":[],"_links":{"self":[{"href":"https:\/\/onlinehardwareshop.de\/index.php\/wp-json\/wp\/v2\/product\/71808","targetHints":{"allow":["GET"]}}],"collection":[{"href":"https:\/\/onlinehardwareshop.de\/index.php\/wp-json\/wp\/v2\/product"}],"about":[{"href":"https:\/\/onlinehardwareshop.de\/index.php\/wp-json\/wp\/v2\/types\/product"}],"replies":[{"embeddable":true,"href":"https:\/\/onlinehardwareshop.de\/index.php\/wp-json\/wp\/v2\/comments?post=71808"}],"wp:attachment":[{"href":"https:\/\/onlinehardwareshop.de\/index.php\/wp-json\/wp\/v2\/media?parent=71808"}],"wp:term":[{"taxonomy":"brand","embeddable":true,"href":"https:\/\/onlinehardwareshop.de\/index.php\/wp-json\/wp\/v2\/brand?post=71808"},{"taxonomy":"product_brand","embeddable":true,"href":"https:\/\/onlinehardwareshop.de\/index.php\/wp-json\/wp\/v2\/product_brand?post=71808"},{"taxonomy":"product_cat","embeddable":true,"href":"https:\/\/onlinehardwareshop.de\/index.php\/wp-json\/wp\/v2\/product_cat?post=71808"},{"taxonomy":"product_tag","embeddable":true,"href":"https:\/\/onlinehardwareshop.de\/index.php\/wp-json\/wp\/v2\/product_tag?post=71808"}],"curies":[{"name":"wp","href":"https:\/\/api.w.org\/{rel}","templated":true}]}}