{"id":71792,"date":"2024-01-24T00:10:38","date_gmt":"2024-01-24T00:10:38","guid":{"rendered":"https:\/\/onlinehardwareshop.de\/index.php\/produkt\/russell-hobbs-colours-plus-classic-cream-2\/"},"modified":"2025-05-14T00:29:44","modified_gmt":"2025-05-14T00:29:44","slug":"russell-hobbs-colours-plus-classic-cream","status":"publish","type":"product","link":"https:\/\/onlinehardwareshop.de\/index.php\/produkt\/russell-hobbs-colours-plus-classic-cream\/","title":{"rendered":"Russell Hobbs Colours Plus+ Classic Cream"},"content":{"rendered":"<p>Der Russell Hobbs Colours Plus+ Classic Cream Wasserkocher hat eine Schnellkochzone mit einer Anzeige f\u00fcr drei Tassen Tee. F\u00fcllst du das Wasser bis zur ersten Anzeige, reicht es f\u00fcr eine Tasse Tee und wird innerhalb von 50\u00a0Sekunden gekocht. Mit dem schmalen Ausgie\u00dfer sch\u00fcttest du Wasser in deine Tasse, ohne zu kleckern. Die Literanzeige auf der R\u00fcckseite der Kanne gibt genau an, wie viel Wasser in der Kanne ist. Praktisch, wenn du einen Liter Wasser f\u00fcr deine Suppe kochen willst. Mit dem herausnehmbaren Kalkfilter gibt es keine Probleme mehr mit Kalk im Wasser. Der Wasserkocher hat einen um 360 Grad drehbaren Sockel, sodass du die Kanne einfach auf den Sockel stellen kannst.<\/p>\n","protected":false},"excerpt":{"rendered":"<p>Der Russell Hobbs Colours Plus+ Classic Cream Wasserkocher hat eine Schnellkochzone mit einer Anzeige f\u00fcr drei Tassen Tee. F\u00fcllst du das Wasser bis zur ersten Anzeige, reicht es f\u00fcr eine Tasse Tee und wird innerhalb von 50\u00a0Sekunden gekocht. Mit dem schmalen Ausgie\u00dfer sch\u00fcttest du Wasser in deine Tasse, ohne zu kleckern. Die Literanzeige auf der R\u00fcckseite der Kanne gibt genau an, wie viel Wasser in der Kanne ist. Praktisch, wenn du einen Liter Wasser f\u00fcr deine Suppe kochen willst. Mit dem herausnehmbaren Kalkfilter gibt es keine Probleme mehr mit Kalk im Wasser. Der Wasserkocher hat einen um 360 Grad drehbaren Sockel, sodass du die Kanne einfach auf den Sockel stellen kannst.<\/p>\n","protected":false},"featured_media":0,"comment_status":"closed","ping_status":"open","template":"","meta":{"_acf_changed":false},"brand":[734],"product_brand":[],"product_cat":[716],"product_tag":[717],"class_list":{"0":"post-71792","1":"product","2":"type-product","3":"status-publish","5":"brand-russell-hobbs","6":"product_cat-wasserkocher","7":"product_tag-waterkokers","8":"pa_condition-new","9":"pa_coolblue-de-verzending-morgen-gratis-geliefert","10":"pa_ean-3030","11":"pa_mpn-20415-70","13":"first","14":"instock","15":"product-type-external"},"acf":[],"_links":{"self":[{"href":"https:\/\/onlinehardwareshop.de\/index.php\/wp-json\/wp\/v2\/product\/71792","targetHints":{"allow":["GET"]}}],"collection":[{"href":"https:\/\/onlinehardwareshop.de\/index.php\/wp-json\/wp\/v2\/product"}],"about":[{"href":"https:\/\/onlinehardwareshop.de\/index.php\/wp-json\/wp\/v2\/types\/product"}],"replies":[{"embeddable":true,"href":"https:\/\/onlinehardwareshop.de\/index.php\/wp-json\/wp\/v2\/comments?post=71792"}],"wp:attachment":[{"href":"https:\/\/onlinehardwareshop.de\/index.php\/wp-json\/wp\/v2\/media?parent=71792"}],"wp:term":[{"taxonomy":"brand","embeddable":true,"href":"https:\/\/onlinehardwareshop.de\/index.php\/wp-json\/wp\/v2\/brand?post=71792"},{"taxonomy":"product_brand","embeddable":true,"href":"https:\/\/onlinehardwareshop.de\/index.php\/wp-json\/wp\/v2\/product_brand?post=71792"},{"taxonomy":"product_cat","embeddable":true,"href":"https:\/\/onlinehardwareshop.de\/index.php\/wp-json\/wp\/v2\/product_cat?post=71792"},{"taxonomy":"product_tag","embeddable":true,"href":"https:\/\/onlinehardwareshop.de\/index.php\/wp-json\/wp\/v2\/product_tag?post=71792"}],"curies":[{"name":"wp","href":"https:\/\/api.w.org\/{rel}","templated":true}]}}