{"id":71791,"date":"2025-01-09T16:14:31","date_gmt":"2025-01-09T16:14:31","guid":{"rendered":"https:\/\/onlinehardwareshop.de\/index.php\/produkt\/russell-hobbs-colours-plus-flame-red-2\/"},"modified":"2025-05-14T00:29:39","modified_gmt":"2025-05-14T00:29:39","slug":"russell-hobbs-colours-plus-flame-red","status":"publish","type":"product","link":"https:\/\/onlinehardwareshop.de\/index.php\/produkt\/russell-hobbs-colours-plus-flame-red\/","title":{"rendered":"Russell Hobbs Colours Plus+ Flame Red"},"content":{"rendered":"<p>Mit dem Russell Hobbs Colours Plus+ Flame Red kannst du genug Wasser kochen, um sieben Tassen Tee auf einmal zuzubereiten. Der Wasserkocher fasst 1,7\u00a0Liter Wasser. Auf der Literanzeige hinter dem Griff kannst du die Wassermenge in der Kanne abmessen. Nach dem Ausgie\u00dfen stellst du den Wasserkocher einfach wieder auf seinen um 360 Grad drehbaren Sockel. Der Ausgie\u00dfer hat einen Filter, der Kalkpartikel zur\u00fcckh\u00e4lt, damit sie nicht in deinem Tee landen. Mit seinem roten Edelstahlgeh\u00e4use sieht dieser Wasserkocher toll in der K\u00fcche aus.<\/p>\n","protected":false},"excerpt":{"rendered":"<p>Mit dem Russell Hobbs Colours Plus+ Flame Red kannst du genug Wasser kochen, um sieben Tassen Tee auf einmal zuzubereiten. Der Wasserkocher fasst 1,7\u00a0Liter Wasser. Auf der Literanzeige hinter dem Griff kannst du die Wassermenge in der Kanne abmessen. Nach dem Ausgie\u00dfen stellst du den Wasserkocher einfach wieder auf seinen um 360 Grad drehbaren Sockel. Der Ausgie\u00dfer hat einen Filter, der Kalkpartikel zur\u00fcckh\u00e4lt, damit sie nicht in deinem Tee landen. Mit seinem roten Edelstahlgeh\u00e4use sieht dieser Wasserkocher toll in der K\u00fcche aus.<\/p>\n","protected":false},"featured_media":0,"comment_status":"closed","ping_status":"open","template":"","meta":{"_acf_changed":false},"brand":[734],"product_brand":[],"product_cat":[716],"product_tag":[717],"class_list":{"0":"post-71791","1":"product","2":"type-product","3":"status-publish","5":"brand-russell-hobbs","6":"product_cat-wasserkocher","7":"product_tag-waterkokers","8":"pa_condition-new","9":"pa_coolblue-de-verzending-morgen-gratis-geliefert","10":"pa_ean-3028","11":"pa_mpn-20412-70","13":"first","14":"instock","15":"product-type-external"},"acf":[],"_links":{"self":[{"href":"https:\/\/onlinehardwareshop.de\/index.php\/wp-json\/wp\/v2\/product\/71791","targetHints":{"allow":["GET"]}}],"collection":[{"href":"https:\/\/onlinehardwareshop.de\/index.php\/wp-json\/wp\/v2\/product"}],"about":[{"href":"https:\/\/onlinehardwareshop.de\/index.php\/wp-json\/wp\/v2\/types\/product"}],"replies":[{"embeddable":true,"href":"https:\/\/onlinehardwareshop.de\/index.php\/wp-json\/wp\/v2\/comments?post=71791"}],"wp:attachment":[{"href":"https:\/\/onlinehardwareshop.de\/index.php\/wp-json\/wp\/v2\/media?parent=71791"}],"wp:term":[{"taxonomy":"brand","embeddable":true,"href":"https:\/\/onlinehardwareshop.de\/index.php\/wp-json\/wp\/v2\/brand?post=71791"},{"taxonomy":"product_brand","embeddable":true,"href":"https:\/\/onlinehardwareshop.de\/index.php\/wp-json\/wp\/v2\/product_brand?post=71791"},{"taxonomy":"product_cat","embeddable":true,"href":"https:\/\/onlinehardwareshop.de\/index.php\/wp-json\/wp\/v2\/product_cat?post=71791"},{"taxonomy":"product_tag","embeddable":true,"href":"https:\/\/onlinehardwareshop.de\/index.php\/wp-json\/wp\/v2\/product_tag?post=71791"}],"curies":[{"name":"wp","href":"https:\/\/api.w.org\/{rel}","templated":true}]}}