{"id":71776,"date":"2024-07-20T05:22:09","date_gmt":"2024-07-20T05:22:09","guid":{"rendered":"https:\/\/onlinehardwareshop.de\/index.php\/produkt\/demeyere-alu-pro-5-bratpfannenset-24-28cm-2\/"},"modified":"2025-05-14T00:28:29","modified_gmt":"2025-05-14T00:28:29","slug":"demeyere-alu-pro-5-bratpfannenset-24-28cm","status":"publish","type":"product","link":"https:\/\/onlinehardwareshop.de\/index.php\/produkt\/demeyere-alu-pro-5-bratpfannenset-24-28cm\/","title":{"rendered":"Demeyere Alu Pro 5 Bratpfannenset 24 + 28&#xA0;cm"},"content":{"rendered":"<p>Bereite mit diesem Demeyere Alu Pro 5 Bratpfannenset 24 + 28\u00a0cm von nun an die besten Fleisch- oder Fischst\u00fccke zu. Das Set besteht aus einer Bratpfanne mit einem Durchmesser von 24 Zentimetern und einer Bratpfanne mit einem Durchmesser von 28 Zentimetern. So br\u00e4tst du zum Beispiel knusprige Kartoffelscheiben in der einen Pfanne an, w\u00e4hrend du in der anderen Steak mit Champignons br\u00e4tst. Beide Pfannen sind mit einer Antihaftbeschichtung aus Titan versehen, sodass du zum Braten nicht viel Butter oder \u00d6l ben\u00f6tigst. Du verwendest das Set auf einem herk\u00f6mmlichen Gasherd oder auf einem Induktions-, Keramik- oder Elektrokochfeld. Du stellst die Pfannen auch bis 230\u00a0\u00b0C in den Backofen. Nach Gebrauch reinigst du die Pfannen in der Sp\u00fclmaschine.<\/p>\n","protected":false},"excerpt":{"rendered":"<p>Bereite mit diesem Demeyere Alu Pro 5 Bratpfannenset 24 + 28\u00a0cm von nun an die besten Fleisch- oder Fischst\u00fccke zu. Das Set besteht aus einer Bratpfanne mit einem Durchmesser von 24 Zentimetern und einer Bratpfanne mit einem Durchmesser von 28 Zentimetern. So br\u00e4tst du zum Beispiel knusprige Kartoffelscheiben in der einen Pfanne an, w\u00e4hrend du in der anderen Steak mit Champignons br\u00e4tst. Beide Pfannen sind mit einer Antihaftbeschichtung aus Titan versehen, sodass du zum Braten nicht viel Butter oder \u00d6l ben\u00f6tigst. Du verwendest das Set auf einem herk\u00f6mmlichen Gasherd oder auf einem Induktions-, Keramik- oder Elektrokochfeld. Du stellst die Pfannen auch bis 230\u00a0\u00b0C in den Backofen. Nach Gebrauch reinigst du die Pfannen in der Sp\u00fclmaschine.<\/p>\n","protected":false},"featured_media":0,"comment_status":"closed","ping_status":"open","template":"","meta":{"_acf_changed":false},"brand":[1791],"product_brand":[],"product_cat":[372],"product_tag":[1788],"class_list":{"0":"post-71776","1":"product","2":"type-product","3":"status-publish","5":"brand-demeyere","6":"product_cat-tpfe-und-pfannen","7":"product_tag-bakpannensets","8":"pa_condition-new","9":"pa_coolblue-de-verzending-morgen-gratis-geliefert","10":"pa_ean-2984","11":"pa_mpn-set13608","13":"first","14":"instock","15":"product-type-external"},"acf":[],"_links":{"self":[{"href":"https:\/\/onlinehardwareshop.de\/index.php\/wp-json\/wp\/v2\/product\/71776","targetHints":{"allow":["GET"]}}],"collection":[{"href":"https:\/\/onlinehardwareshop.de\/index.php\/wp-json\/wp\/v2\/product"}],"about":[{"href":"https:\/\/onlinehardwareshop.de\/index.php\/wp-json\/wp\/v2\/types\/product"}],"replies":[{"embeddable":true,"href":"https:\/\/onlinehardwareshop.de\/index.php\/wp-json\/wp\/v2\/comments?post=71776"}],"wp:attachment":[{"href":"https:\/\/onlinehardwareshop.de\/index.php\/wp-json\/wp\/v2\/media?parent=71776"}],"wp:term":[{"taxonomy":"brand","embeddable":true,"href":"https:\/\/onlinehardwareshop.de\/index.php\/wp-json\/wp\/v2\/brand?post=71776"},{"taxonomy":"product_brand","embeddable":true,"href":"https:\/\/onlinehardwareshop.de\/index.php\/wp-json\/wp\/v2\/product_brand?post=71776"},{"taxonomy":"product_cat","embeddable":true,"href":"https:\/\/onlinehardwareshop.de\/index.php\/wp-json\/wp\/v2\/product_cat?post=71776"},{"taxonomy":"product_tag","embeddable":true,"href":"https:\/\/onlinehardwareshop.de\/index.php\/wp-json\/wp\/v2\/product_tag?post=71776"}],"curies":[{"name":"wp","href":"https:\/\/api.w.org\/{rel}","templated":true}]}}