{"id":71745,"date":"2025-03-18T02:32:51","date_gmt":"2025-03-18T02:32:51","guid":{"rendered":"https:\/\/onlinehardwareshop.de\/index.php\/produkt\/logitech-brio-webcam-2\/"},"modified":"2025-05-14T00:25:58","modified_gmt":"2025-05-14T00:25:58","slug":"logitech-brio-webcam","status":"publish","type":"product","link":"https:\/\/onlinehardwareshop.de\/index.php\/produkt\/logitech-brio-webcam\/","title":{"rendered":"Logitech Brio Webcam"},"content":{"rendered":"<p>Die Logitech Brio ist eine 4K-Webcam, mit der du Videoanrufe in Ultra HD-Aufl\u00f6sung t\u00e4tigen und aufzeichnen kannst. Durch die HDR-Technologie wird die Helligkeit deiner Aufnahme in R\u00e4umen mit zu viel oder zu wenig Licht angepasst. Auf diese Weise bist du f\u00fcr deinen Gespr\u00e4chspartner immer gut sichtbar. Diese Webcam verf\u00fcgt \u00fcber eine Infrarot-Gesichtserkennung, sodass du dich \u00fcber Windows Hello bei deinem PC anmelden kannst, indem du einfach in die Kamera schaust. Halte deine Meeting an jedem beliebigen Ort ab, indem du \u00fcber die Software selbst einen Hintergrundersatz festlegst. W\u00e4hrend eines Gruppengespr\u00e4chs kannst du die Person, die gerade spricht, mit dem f\u00fcnffachen Digitalzoom ins Bild bringen, w\u00e4hrend der Autofokus unscharfe Bilder sofort verhindert. Mit dem Universalclip kannst du die Brio an jedem Laptop, Monitor und Stativ befestigen.<\/p>\n","protected":false},"excerpt":{"rendered":"<p>Die Logitech Brio ist eine 4K-Webcam, mit der du Videoanrufe in Ultra HD-Aufl\u00f6sung t\u00e4tigen und aufzeichnen kannst. Durch die HDR-Technologie wird die Helligkeit deiner Aufnahme in R\u00e4umen mit zu viel oder zu wenig Licht angepasst. Auf diese Weise bist du f\u00fcr deinen Gespr\u00e4chspartner immer gut sichtbar. Diese Webcam verf\u00fcgt \u00fcber eine Infrarot-Gesichtserkennung, sodass du dich \u00fcber Windows Hello bei deinem PC anmelden kannst, indem du einfach in die Kamera schaust. Halte deine Meeting an jedem beliebigen Ort ab, indem du \u00fcber die Software selbst einen Hintergrundersatz festlegst. W\u00e4hrend eines Gruppengespr\u00e4chs kannst du die Person, die gerade spricht, mit dem f\u00fcnffachen Digitalzoom ins Bild bringen, w\u00e4hrend der Autofokus unscharfe Bilder sofort verhindert. Mit dem Universalclip kannst du die Brio an jedem Laptop, Monitor und Stativ befestigen.<\/p>\n","protected":false},"featured_media":0,"comment_status":"closed","ping_status":"open","template":"","meta":{"_acf_changed":false},"brand":[998],"product_brand":[],"product_cat":[999],"product_tag":[1000],"class_list":{"0":"post-71745","1":"product","2":"type-product","3":"status-publish","5":"brand-logitech-vc","6":"product_cat-webcams","7":"product_tag-webcams","8":"pa_condition-new","9":"pa_coolblue-de-verzending-morgen-gratis-geliefert","10":"pa_ean-2895","11":"pa_mpn-960-001106","13":"first","14":"instock","15":"product-type-external"},"acf":[],"_links":{"self":[{"href":"https:\/\/onlinehardwareshop.de\/index.php\/wp-json\/wp\/v2\/product\/71745","targetHints":{"allow":["GET"]}}],"collection":[{"href":"https:\/\/onlinehardwareshop.de\/index.php\/wp-json\/wp\/v2\/product"}],"about":[{"href":"https:\/\/onlinehardwareshop.de\/index.php\/wp-json\/wp\/v2\/types\/product"}],"replies":[{"embeddable":true,"href":"https:\/\/onlinehardwareshop.de\/index.php\/wp-json\/wp\/v2\/comments?post=71745"}],"wp:attachment":[{"href":"https:\/\/onlinehardwareshop.de\/index.php\/wp-json\/wp\/v2\/media?parent=71745"}],"wp:term":[{"taxonomy":"brand","embeddable":true,"href":"https:\/\/onlinehardwareshop.de\/index.php\/wp-json\/wp\/v2\/brand?post=71745"},{"taxonomy":"product_brand","embeddable":true,"href":"https:\/\/onlinehardwareshop.de\/index.php\/wp-json\/wp\/v2\/product_brand?post=71745"},{"taxonomy":"product_cat","embeddable":true,"href":"https:\/\/onlinehardwareshop.de\/index.php\/wp-json\/wp\/v2\/product_cat?post=71745"},{"taxonomy":"product_tag","embeddable":true,"href":"https:\/\/onlinehardwareshop.de\/index.php\/wp-json\/wp\/v2\/product_tag?post=71745"}],"curies":[{"name":"wp","href":"https:\/\/api.w.org\/{rel}","templated":true}]}}