{"id":71744,"date":"2024-08-24T07:01:25","date_gmt":"2024-08-24T07:01:25","guid":{"rendered":"https:\/\/onlinehardwareshop.de\/index.php\/produkt\/logitech-c925e-webcam-2\/"},"modified":"2025-05-14T00:25:53","modified_gmt":"2025-05-14T00:25:53","slug":"logitech-c925e-webcam","status":"publish","type":"product","link":"https:\/\/onlinehardwareshop.de\/index.php\/produkt\/logitech-c925e-webcam\/","title":{"rendered":"Logitech C925e Webcam"},"content":{"rendered":"<p>Mit der Logitech C925e kannst du Gespr\u00e4che mit Kollegen f\u00fchren und Aufnahmen in Full-HD-Qualit\u00e4t machen. Dank des Autofokus wirst du nicht durch ein verschwommenes Bild gest\u00f6rt, w\u00e4hrend du mit 30 Bildern pro Sekunde auf Skype telefonierst. Aufgrund des Sichtfeldes von 78 Grad eignet sich diese Webcam auch f\u00fcr eine Videokonferenz mit einer Gruppe. Praktisch f\u00fcr Besprechungen mit Kollegen, die zu Hause oder im Ausland arbeiten. Durch die zwei eingebauten Stereomikrofone bist du w\u00e4hrend eines Gespr\u00e4chs immer gut zu verstehen. Mit dem Universalclip kannst du die C925e an jedem Laptop, Monitor und Stativ befestigen.<\/p>\n","protected":false},"excerpt":{"rendered":"<p>Mit der Logitech C925e kannst du Gespr\u00e4che mit Kollegen f\u00fchren und Aufnahmen in Full-HD-Qualit\u00e4t machen. Dank des Autofokus wirst du nicht durch ein verschwommenes Bild gest\u00f6rt, w\u00e4hrend du mit 30 Bildern pro Sekunde auf Skype telefonierst. Aufgrund des Sichtfeldes von 78 Grad eignet sich diese Webcam auch f\u00fcr eine Videokonferenz mit einer Gruppe. Praktisch f\u00fcr Besprechungen mit Kollegen, die zu Hause oder im Ausland arbeiten. Durch die zwei eingebauten Stereomikrofone bist du w\u00e4hrend eines Gespr\u00e4chs immer gut zu verstehen. Mit dem Universalclip kannst du die C925e an jedem Laptop, Monitor und Stativ befestigen.<\/p>\n","protected":false},"featured_media":0,"comment_status":"closed","ping_status":"open","template":"","meta":{"_acf_changed":false},"brand":[998],"product_brand":[],"product_cat":[999],"product_tag":[1000],"class_list":{"0":"post-71744","1":"product","2":"type-product","3":"status-publish","5":"brand-logitech-vc","6":"product_cat-webcams","7":"product_tag-webcams","8":"pa_condition-new","9":"pa_coolblue-de-verzending-morgen-gratis-geliefert","10":"pa_ean-2893","11":"pa_mpn-960-001076","13":"first","14":"instock","15":"product-type-external"},"acf":[],"_links":{"self":[{"href":"https:\/\/onlinehardwareshop.de\/index.php\/wp-json\/wp\/v2\/product\/71744","targetHints":{"allow":["GET"]}}],"collection":[{"href":"https:\/\/onlinehardwareshop.de\/index.php\/wp-json\/wp\/v2\/product"}],"about":[{"href":"https:\/\/onlinehardwareshop.de\/index.php\/wp-json\/wp\/v2\/types\/product"}],"replies":[{"embeddable":true,"href":"https:\/\/onlinehardwareshop.de\/index.php\/wp-json\/wp\/v2\/comments?post=71744"}],"wp:attachment":[{"href":"https:\/\/onlinehardwareshop.de\/index.php\/wp-json\/wp\/v2\/media?parent=71744"}],"wp:term":[{"taxonomy":"brand","embeddable":true,"href":"https:\/\/onlinehardwareshop.de\/index.php\/wp-json\/wp\/v2\/brand?post=71744"},{"taxonomy":"product_brand","embeddable":true,"href":"https:\/\/onlinehardwareshop.de\/index.php\/wp-json\/wp\/v2\/product_brand?post=71744"},{"taxonomy":"product_cat","embeddable":true,"href":"https:\/\/onlinehardwareshop.de\/index.php\/wp-json\/wp\/v2\/product_cat?post=71744"},{"taxonomy":"product_tag","embeddable":true,"href":"https:\/\/onlinehardwareshop.de\/index.php\/wp-json\/wp\/v2\/product_tag?post=71744"}],"curies":[{"name":"wp","href":"https:\/\/api.w.org\/{rel}","templated":true}]}}