{"id":71692,"date":"2024-03-22T19:10:54","date_gmt":"2024-03-22T19:10:54","guid":{"rendered":"https:\/\/onlinehardwareshop.de\/index.php\/produkt\/makita-djv182zj-ohne-akku-2\/"},"modified":"2025-05-14T00:21:44","modified_gmt":"2025-05-14T00:21:44","slug":"makita-djv182zj-ohne-akku","status":"publish","type":"product","link":"https:\/\/onlinehardwareshop.de\/index.php\/produkt\/makita-djv182zj-ohne-akku\/","title":{"rendered":"Makita DJV182ZJ (ohne Akku)"},"content":{"rendered":"<p>Eine Arbeit, die du mit der Makita DJV182ZJ (ohne Akku) nicht erledigen kannst, musst du erstmal finden. Du s\u00e4gst mit dieser leistungsstarken 18-Volt-Akku-Stichs\u00e4ge bis zu 135 Millimeter in Holz und bis zu 10 Millimeter in Metall. Auch auf Gehrung s\u00e4gen ist m\u00f6glich. Da du die Drehzahl selbst einstellst und die DJV182ZJ einen Softstart sowie drei Pendelhubeinstellungen hat, arbeitest du effizient, kontrolliert und immer mit der richtigen Geschwindigkeit. Neben den nennenswerten technischen Eigenschaften ist diese Stichs\u00e4ge auch sehr komfortabel in der Verwendung. Du wirst nicht durch ein Stromkabel eingeschr\u00e4nkt und hast gute Sicht auf die Schnittlinie dank der Blasfunktion und der integrierten Beleuchtung. Kurz gesagt: Diese Akku-Stichs\u00e4ge bietet alles, um auch schwerere S\u00e4ge-Arbeiten erfolgreich zu erledigen.<\/p>\n","protected":false},"excerpt":{"rendered":"<p>Eine Arbeit, die du mit der Makita DJV182ZJ (ohne Akku) nicht erledigen kannst, musst du erstmal finden. Du s\u00e4gst mit dieser leistungsstarken 18-Volt-Akku-Stichs\u00e4ge bis zu 135 Millimeter in Holz und bis zu 10 Millimeter in Metall. Auch auf Gehrung s\u00e4gen ist m\u00f6glich. Da du die Drehzahl selbst einstellst und die DJV182ZJ einen Softstart sowie drei Pendelhubeinstellungen hat, arbeitest du effizient, kontrolliert und immer mit der richtigen Geschwindigkeit. Neben den nennenswerten technischen Eigenschaften ist diese Stichs\u00e4ge auch sehr komfortabel in der Verwendung. Du wirst nicht durch ein Stromkabel eingeschr\u00e4nkt und hast gute Sicht auf die Schnittlinie dank der Blasfunktion und der integrierten Beleuchtung. Kurz gesagt: Diese Akku-Stichs\u00e4ge bietet alles, um auch schwerere S\u00e4ge-Arbeiten erfolgreich zu erledigen.<\/p>\n","protected":false},"featured_media":0,"comment_status":"closed","ping_status":"open","template":"","meta":{"_acf_changed":false},"brand":[42],"product_brand":[],"product_cat":[43],"product_tag":[2773],"class_list":{"0":"post-71692","1":"product","2":"type-product","3":"status-publish","5":"brand-makita","6":"product_cat-stichsgen","7":"product_tag-accu-decoupeerzagen","8":"pa_condition-new","9":"pa_coolblue-de-verzending-morgen-gratis-geliefert","10":"pa_ean-2771","11":"pa_mpn-djv182zj","13":"first","14":"instock","15":"product-type-external"},"acf":[],"_links":{"self":[{"href":"https:\/\/onlinehardwareshop.de\/index.php\/wp-json\/wp\/v2\/product\/71692","targetHints":{"allow":["GET"]}}],"collection":[{"href":"https:\/\/onlinehardwareshop.de\/index.php\/wp-json\/wp\/v2\/product"}],"about":[{"href":"https:\/\/onlinehardwareshop.de\/index.php\/wp-json\/wp\/v2\/types\/product"}],"replies":[{"embeddable":true,"href":"https:\/\/onlinehardwareshop.de\/index.php\/wp-json\/wp\/v2\/comments?post=71692"}],"wp:attachment":[{"href":"https:\/\/onlinehardwareshop.de\/index.php\/wp-json\/wp\/v2\/media?parent=71692"}],"wp:term":[{"taxonomy":"brand","embeddable":true,"href":"https:\/\/onlinehardwareshop.de\/index.php\/wp-json\/wp\/v2\/brand?post=71692"},{"taxonomy":"product_brand","embeddable":true,"href":"https:\/\/onlinehardwareshop.de\/index.php\/wp-json\/wp\/v2\/product_brand?post=71692"},{"taxonomy":"product_cat","embeddable":true,"href":"https:\/\/onlinehardwareshop.de\/index.php\/wp-json\/wp\/v2\/product_cat?post=71692"},{"taxonomy":"product_tag","embeddable":true,"href":"https:\/\/onlinehardwareshop.de\/index.php\/wp-json\/wp\/v2\/product_tag?post=71692"}],"curies":[{"name":"wp","href":"https:\/\/api.w.org\/{rel}","templated":true}]}}