{"id":71678,"date":"2024-10-27T23:25:18","date_gmt":"2024-10-27T23:25:18","guid":{"rendered":"https:\/\/onlinehardwareshop.de\/index.php\/produkt\/marmitek-boomboom-93-2\/"},"modified":"2025-05-14T00:20:24","modified_gmt":"2025-05-14T00:20:24","slug":"marmitek-boomboom-93","status":"publish","type":"product","link":"https:\/\/onlinehardwareshop.de\/index.php\/produkt\/marmitek-boomboom-93\/","title":{"rendered":"Marmitek BoomBoom 93"},"content":{"rendered":"<p>Mit dem Marmitek BoomBoom 93 kannst du Musik \u00fcber Bluetooth auf dein Heimkinosystem streamen. Stecke diesen Adapter in den analogen oder digitalen Anschluss deines Receivers oder Aktivlautsprechers. So kannst du Songs von einem Smartphone, Tablet oder Computer auf die Lautsprecher streamen. Dank der Bluetooth aptX-Unterst\u00fctzung hast du keinerlei Qualit\u00e4tsverluste und kannst Musik in CD-Qualit\u00e4t h\u00f6ren. Der Adapter verf\u00fcgt \u00fcber eine Multi-Pairing-Funktion. So kannst du zusammen mit einem Freund abwechselnd einen Titel ausw\u00e4hlen. Hat dein Wiedergabeger\u00e4t NFC? Tippe dann auf den NFC-Punkt, um eine direkte Verbindung herzustellen.<\/p>\n","protected":false},"excerpt":{"rendered":"<p>Mit dem Marmitek BoomBoom 93 kannst du Musik \u00fcber Bluetooth auf dein Heimkinosystem streamen. Stecke diesen Adapter in den analogen oder digitalen Anschluss deines Receivers oder Aktivlautsprechers. So kannst du Songs von einem Smartphone, Tablet oder Computer auf die Lautsprecher streamen. Dank der Bluetooth aptX-Unterst\u00fctzung hast du keinerlei Qualit\u00e4tsverluste und kannst Musik in CD-Qualit\u00e4t h\u00f6ren. Der Adapter verf\u00fcgt \u00fcber eine Multi-Pairing-Funktion. So kannst du zusammen mit einem Freund abwechselnd einen Titel ausw\u00e4hlen. Hat dein Wiedergabeger\u00e4t NFC? Tippe dann auf den NFC-Punkt, um eine direkte Verbindung herzustellen.<\/p>\n","protected":false},"featured_media":0,"comment_status":"closed","ping_status":"open","template":"","meta":{"_acf_changed":false},"brand":[691],"product_brand":[],"product_cat":[1250],"product_tag":[1251],"class_list":{"0":"post-71678","1":"product","2":"type-product","3":"status-publish","5":"brand-marmitek","6":"product_cat-audio-streamer","7":"product_tag-audiostreamers-receivers","8":"pa_condition-new","9":"pa_coolblue-de-verzending-morgen-gratis-geliefert","10":"pa_ean-2732","11":"pa_mpn-2733","13":"first","14":"instock","15":"product-type-external"},"acf":[],"_links":{"self":[{"href":"https:\/\/onlinehardwareshop.de\/index.php\/wp-json\/wp\/v2\/product\/71678","targetHints":{"allow":["GET"]}}],"collection":[{"href":"https:\/\/onlinehardwareshop.de\/index.php\/wp-json\/wp\/v2\/product"}],"about":[{"href":"https:\/\/onlinehardwareshop.de\/index.php\/wp-json\/wp\/v2\/types\/product"}],"replies":[{"embeddable":true,"href":"https:\/\/onlinehardwareshop.de\/index.php\/wp-json\/wp\/v2\/comments?post=71678"}],"wp:attachment":[{"href":"https:\/\/onlinehardwareshop.de\/index.php\/wp-json\/wp\/v2\/media?parent=71678"}],"wp:term":[{"taxonomy":"brand","embeddable":true,"href":"https:\/\/onlinehardwareshop.de\/index.php\/wp-json\/wp\/v2\/brand?post=71678"},{"taxonomy":"product_brand","embeddable":true,"href":"https:\/\/onlinehardwareshop.de\/index.php\/wp-json\/wp\/v2\/product_brand?post=71678"},{"taxonomy":"product_cat","embeddable":true,"href":"https:\/\/onlinehardwareshop.de\/index.php\/wp-json\/wp\/v2\/product_cat?post=71678"},{"taxonomy":"product_tag","embeddable":true,"href":"https:\/\/onlinehardwareshop.de\/index.php\/wp-json\/wp\/v2\/product_tag?post=71678"}],"curies":[{"name":"wp","href":"https:\/\/api.w.org\/{rel}","templated":true}]}}