{"id":71677,"date":"2024-06-24T12:53:26","date_gmt":"2024-06-24T12:53:26","guid":{"rendered":"https:\/\/onlinehardwareshop.de\/index.php\/produkt\/netgear-gs108e-2\/"},"modified":"2025-05-14T00:20:19","modified_gmt":"2025-05-14T00:20:19","slug":"netgear-gs108e","status":"publish","type":"product","link":"https:\/\/onlinehardwareshop.de\/index.php\/produkt\/netgear-gs108e\/","title":{"rendered":"Netgear GS108E"},"content":{"rendered":"<p>Der Netgear GS108Ev4 ist ein Netzwerk-Switch mit acht Netzwerkanschl\u00fcssen. Die Anschl\u00fcsse haben eine maximale Geschwindigkeit von 1\u00a0Gbit\/s. Damit \u00fcbertr\u00e4gst du Dateien schnell. Dieser Switch ist au\u00dferdem Plug and Play, wodurch du ganz einfach und ohne App mehrere Ger\u00e4te in dein Netzwerk integrierst. Den Switch montierst du einfach unter einem Schreibtisch oder in einer Wand. Er verf\u00fcgt \u00fcber ein robustes Geh\u00e4use und l\u00e4sst sich daher bedenkenlos in einer Firmenumgebung verwenden.<\/p>\n","protected":false},"excerpt":{"rendered":"<p>Der Netgear GS108Ev4 ist ein Netzwerk-Switch mit acht Netzwerkanschl\u00fcssen. Die Anschl\u00fcsse haben eine maximale Geschwindigkeit von 1\u00a0Gbit\/s. Damit \u00fcbertr\u00e4gst du Dateien schnell. Dieser Switch ist au\u00dferdem Plug and Play, wodurch du ganz einfach und ohne App mehrere Ger\u00e4te in dein Netzwerk integrierst. Den Switch montierst du einfach unter einem Schreibtisch oder in einer Wand. Er verf\u00fcgt \u00fcber ein robustes Geh\u00e4use und l\u00e4sst sich daher bedenkenlos in einer Firmenumgebung verwenden.<\/p>\n","protected":false},"featured_media":0,"comment_status":"closed","ping_status":"open","template":"","meta":{"_acf_changed":false},"brand":[1178],"product_brand":[],"product_cat":[725],"product_tag":[1179],"class_list":{"0":"post-71677","1":"product","2":"type-product","3":"status-publish","5":"brand-netgear","6":"product_cat-switches","7":"product_tag-managed-switches-it","8":"pa_condition-new","9":"pa_coolblue-de-verzending-morgen-gratis-geliefert","10":"pa_ean-2730","11":"pa_mpn-gs108e-400eus","13":"first","14":"instock","15":"product-type-external"},"acf":[],"_links":{"self":[{"href":"https:\/\/onlinehardwareshop.de\/index.php\/wp-json\/wp\/v2\/product\/71677","targetHints":{"allow":["GET"]}}],"collection":[{"href":"https:\/\/onlinehardwareshop.de\/index.php\/wp-json\/wp\/v2\/product"}],"about":[{"href":"https:\/\/onlinehardwareshop.de\/index.php\/wp-json\/wp\/v2\/types\/product"}],"replies":[{"embeddable":true,"href":"https:\/\/onlinehardwareshop.de\/index.php\/wp-json\/wp\/v2\/comments?post=71677"}],"wp:attachment":[{"href":"https:\/\/onlinehardwareshop.de\/index.php\/wp-json\/wp\/v2\/media?parent=71677"}],"wp:term":[{"taxonomy":"brand","embeddable":true,"href":"https:\/\/onlinehardwareshop.de\/index.php\/wp-json\/wp\/v2\/brand?post=71677"},{"taxonomy":"product_brand","embeddable":true,"href":"https:\/\/onlinehardwareshop.de\/index.php\/wp-json\/wp\/v2\/product_brand?post=71677"},{"taxonomy":"product_cat","embeddable":true,"href":"https:\/\/onlinehardwareshop.de\/index.php\/wp-json\/wp\/v2\/product_cat?post=71677"},{"taxonomy":"product_tag","embeddable":true,"href":"https:\/\/onlinehardwareshop.de\/index.php\/wp-json\/wp\/v2\/product_tag?post=71677"}],"curies":[{"name":"wp","href":"https:\/\/api.w.org\/{rel}","templated":true}]}}