{"id":71673,"date":"2024-03-31T00:33:18","date_gmt":"2024-03-31T00:33:18","guid":{"rendered":"https:\/\/onlinehardwareshop.de\/index.php\/produkt\/nilfisk-c-110-7-5-x-tra-2\/"},"modified":"2025-05-14T00:19:59","modified_gmt":"2025-05-14T00:19:59","slug":"nilfisk-c-110-7-5-x-tra","status":"publish","type":"product","link":"https:\/\/onlinehardwareshop.de\/index.php\/produkt\/nilfisk-c-110-7-5-x-tra\/","title":{"rendered":"Nilfisk C 110.7-5 X-TRA"},"content":{"rendered":"<p>Brauchst du einen Hochdruckreiniger f\u00fcr einfache Reinigungsarbeiten? Dann ist der Nilfisk C 110.7-5 X-TRA genau das Richtige f\u00fcr dich. Mit einem Druck von 110\u00a0bar h\u00e4lt dieser Hochdruckreiniger deine Werkzeuge, Fahrr\u00e4der oder deinen Balkon sauber. Gestaltet sich die Reinigung aufgrund starker Verschmutzung schwieriger? Dann f\u00fcgst du einfach mit der Flasche etwas Reinigungsmittel hinzu oder verwendest die mitgelieferte Dreckfr\u00e4se mit dem ben\u00f6tigten Qu\u00e4ntchen zus\u00e4tzlicher Kraft f\u00fcr eine besonders gr\u00fcndliche Reinigung. Der C 110.7-5 X-TRA ist kompakt und mit R\u00e4dern ausgestattet. Dieser Hochdruckreiniger ist daher nicht nur einfach zu bedienen, sondern l\u00e4sst sich auch m\u00fchelos transportieren und verstauen. Nilfisk bietet eine lebenslange Garantie auf seine Produkte. So bist du beim Kauf immer abgesichert.  Ein Gartenschlauch ist nicht im Lieferumfang des Hochdruckreinigers enthalten. F\u00fcr diesen Hochdruckreiniger ben\u00f6tigst du einen Gartenschlauch mit einem Durchmesser von 13\u00a0Millimetern (1\/2\u00a0Zoll) und einer L\u00e4nge zwischen 1,5\u00a0Metern und 50\u00a0Metern.<\/p>\n","protected":false},"excerpt":{"rendered":"<p>Brauchst du einen Hochdruckreiniger f\u00fcr einfache Reinigungsarbeiten? Dann ist der Nilfisk C 110.7-5 X-TRA genau das Richtige f\u00fcr dich. Mit einem Druck von 110\u00a0bar h\u00e4lt dieser Hochdruckreiniger deine Werkzeuge, Fahrr\u00e4der oder deinen Balkon sauber. Gestaltet sich die Reinigung aufgrund starker Verschmutzung schwieriger? Dann f\u00fcgst du einfach mit der Flasche etwas Reinigungsmittel hinzu oder verwendest die mitgelieferte Dreckfr\u00e4se mit dem ben\u00f6tigten Qu\u00e4ntchen zus\u00e4tzlicher Kraft f\u00fcr eine besonders gr\u00fcndliche Reinigung. Der C 110.7-5 X-TRA ist kompakt und mit R\u00e4dern ausgestattet. Dieser Hochdruckreiniger ist daher nicht nur einfach zu bedienen, sondern l\u00e4sst sich auch m\u00fchelos transportieren und verstauen. Nilfisk bietet eine lebenslange Garantie auf seine Produkte. So bist du beim Kauf immer abgesichert.  Ein Gartenschlauch ist nicht im Lieferumfang des Hochdruckreinigers enthalten. F\u00fcr diesen Hochdruckreiniger ben\u00f6tigst du einen Gartenschlauch mit einem Durchmesser von 13\u00a0Millimetern (1\/2\u00a0Zoll) und einer L\u00e4nge zwischen 1,5\u00a0Metern und 50\u00a0Metern.<\/p>\n","protected":false},"featured_media":0,"comment_status":"closed","ping_status":"open","template":"","meta":{"_acf_changed":false},"brand":[289],"product_brand":[],"product_cat":[2722],"product_tag":[2723],"class_list":{"0":"post-71673","1":"product","2":"type-product","3":"status-publish","5":"brand-nilfisk","6":"product_cat-hochdruckreiniger","7":"product_tag-hogedrukreinigers","8":"pa_condition-new","9":"pa_coolblue-de-verzending-morgen-gratis-geliefert","10":"pa_ean-2720","11":"pa_mpn-2721","13":"first","14":"instock","15":"product-type-external"},"acf":[],"_links":{"self":[{"href":"https:\/\/onlinehardwareshop.de\/index.php\/wp-json\/wp\/v2\/product\/71673","targetHints":{"allow":["GET"]}}],"collection":[{"href":"https:\/\/onlinehardwareshop.de\/index.php\/wp-json\/wp\/v2\/product"}],"about":[{"href":"https:\/\/onlinehardwareshop.de\/index.php\/wp-json\/wp\/v2\/types\/product"}],"replies":[{"embeddable":true,"href":"https:\/\/onlinehardwareshop.de\/index.php\/wp-json\/wp\/v2\/comments?post=71673"}],"wp:attachment":[{"href":"https:\/\/onlinehardwareshop.de\/index.php\/wp-json\/wp\/v2\/media?parent=71673"}],"wp:term":[{"taxonomy":"brand","embeddable":true,"href":"https:\/\/onlinehardwareshop.de\/index.php\/wp-json\/wp\/v2\/brand?post=71673"},{"taxonomy":"product_brand","embeddable":true,"href":"https:\/\/onlinehardwareshop.de\/index.php\/wp-json\/wp\/v2\/product_brand?post=71673"},{"taxonomy":"product_cat","embeddable":true,"href":"https:\/\/onlinehardwareshop.de\/index.php\/wp-json\/wp\/v2\/product_cat?post=71673"},{"taxonomy":"product_tag","embeddable":true,"href":"https:\/\/onlinehardwareshop.de\/index.php\/wp-json\/wp\/v2\/product_tag?post=71673"}],"curies":[{"name":"wp","href":"https:\/\/api.w.org\/{rel}","templated":true}]}}