{"id":71650,"date":"2024-08-09T17:19:41","date_gmt":"2024-08-09T17:19:41","guid":{"rendered":"https:\/\/onlinehardwareshop.de\/index.php\/produkt\/bosch-kreissgeblatt-optiline-wood-165x-20x-17-12mm-36t-2\/"},"modified":"2025-05-14T00:17:34","modified_gmt":"2025-05-14T00:17:34","slug":"bosch-kreissgeblatt-optiline-wood-165x-20x-17-12mm-36t","status":"publish","type":"product","link":"https:\/\/onlinehardwareshop.de\/index.php\/produkt\/bosch-kreissgeblatt-optiline-wood-165x-20x-17-12mm-36t\/","title":{"rendered":"Bosch Kreiss&#xE4;geblatt Optiline Wood 165&#xA0;x 20&#xA0;x 1,7\/1,2&#xA0;mm 36&#xA0;T"},"content":{"rendered":"<p>Mit dem Bosch Kreiss\u00e4geblatt Optiline Wood 165\u00a0x 20\u00a0x 1,7\/1,2\u00a0mm 36\u00a0T s\u00e4gst du die verschiedensten Holzarten. Dank der 36 Z\u00e4hne ist das Ergebnis immer splitterfrei. Das S\u00e4geblatt hat einen Au\u00dfendurchmesser von 165\u00a0mm und eine Bohrung von 20\u00a0mm. \u00dcberpr\u00fcfe vorab genau, ob dieses Kreiss\u00e4geblatt Optiline Wood auf deine S\u00e4ge passt.<\/p>\n","protected":false},"excerpt":{"rendered":"<p>Mit dem Bosch Kreiss\u00e4geblatt Optiline Wood 165\u00a0x 20\u00a0x 1,7\/1,2\u00a0mm 36\u00a0T s\u00e4gst du die verschiedensten Holzarten. Dank der 36 Z\u00e4hne ist das Ergebnis immer splitterfrei. Das S\u00e4geblatt hat einen Au\u00dfendurchmesser von 165\u00a0mm und eine Bohrung von 20\u00a0mm. \u00dcberpr\u00fcfe vorab genau, ob dieses Kreiss\u00e4geblatt Optiline Wood auf deine S\u00e4ge passt.<\/p>\n","protected":false},"featured_media":0,"comment_status":"closed","ping_status":"open","template":"","meta":{"_acf_changed":false},"brand":[332],"product_brand":[],"product_cat":[333],"product_tag":[334],"class_list":{"0":"post-71650","1":"product","2":"type-product","3":"status-publish","5":"brand-bosch-professional","6":"product_cat-sgebltter","7":"product_tag-zaagbladen","8":"pa_condition-new","9":"pa_coolblue-de-verzending-morgen-gratis-geliefert","10":"pa_ean-2660","11":"pa_mpn-2661","13":"first","14":"instock","15":"product-type-external"},"acf":[],"_links":{"self":[{"href":"https:\/\/onlinehardwareshop.de\/index.php\/wp-json\/wp\/v2\/product\/71650","targetHints":{"allow":["GET"]}}],"collection":[{"href":"https:\/\/onlinehardwareshop.de\/index.php\/wp-json\/wp\/v2\/product"}],"about":[{"href":"https:\/\/onlinehardwareshop.de\/index.php\/wp-json\/wp\/v2\/types\/product"}],"replies":[{"embeddable":true,"href":"https:\/\/onlinehardwareshop.de\/index.php\/wp-json\/wp\/v2\/comments?post=71650"}],"wp:attachment":[{"href":"https:\/\/onlinehardwareshop.de\/index.php\/wp-json\/wp\/v2\/media?parent=71650"}],"wp:term":[{"taxonomy":"brand","embeddable":true,"href":"https:\/\/onlinehardwareshop.de\/index.php\/wp-json\/wp\/v2\/brand?post=71650"},{"taxonomy":"product_brand","embeddable":true,"href":"https:\/\/onlinehardwareshop.de\/index.php\/wp-json\/wp\/v2\/product_brand?post=71650"},{"taxonomy":"product_cat","embeddable":true,"href":"https:\/\/onlinehardwareshop.de\/index.php\/wp-json\/wp\/v2\/product_cat?post=71650"},{"taxonomy":"product_tag","embeddable":true,"href":"https:\/\/onlinehardwareshop.de\/index.php\/wp-json\/wp\/v2\/product_tag?post=71650"}],"curies":[{"name":"wp","href":"https:\/\/api.w.org\/{rel}","templated":true}]}}