{"id":71625,"date":"2025-01-29T03:23:37","date_gmt":"2025-01-29T03:23:37","guid":{"rendered":"https:\/\/onlinehardwareshop.de\/index.php\/produkt\/siemens-et645hn17e-2\/"},"modified":"2025-05-14T00:15:18","modified_gmt":"2025-05-14T00:15:18","slug":"siemens-et645hn17e","status":"publish","type":"product","link":"https:\/\/onlinehardwareshop.de\/index.php\/produkt\/siemens-et645hn17e\/","title":{"rendered":"Siemens ET645HN17E"},"content":{"rendered":"<p>Ein Br\u00e4ter, eine Schmorpfanne oder eine Kasserolle: auf dem Siemens ET645HN17E ist Platz f\u00fcr jede Pfanne. Das Glaskeramikkochfeld hat vier Kochzonen in verschiedenen Gr\u00f6\u00dfen. Die Zone vorne rechts hat zwei Ringe. Wenn man eine kleine Pfanne benutzt, wird erhitzt sich nur der innere Ring, so verbraucht man nie zu viel Energie. Eine Fischpfanne bzw. ein Br\u00e4ter findet hinten links auf der l\u00e4ngliche Br\u00e4terzone Platz. Das Kochfeld hat ein einfaches Bedienungsmen\u00fc mit Touchscreen, mit dem man eine von 17 Stufen ausw\u00e4hlen kann. Hast du die richtige Stufe gefunden? Der Verriegelungsknopf arretiert die Stufe, sodass man das Gericht bei gleicher Temperatur kocht.<\/p>\n","protected":false},"excerpt":{"rendered":"<p>Ein Br\u00e4ter, eine Schmorpfanne oder eine Kasserolle: auf dem Siemens ET645HN17E ist Platz f\u00fcr jede Pfanne. Das Glaskeramikkochfeld hat vier Kochzonen in verschiedenen Gr\u00f6\u00dfen. Die Zone vorne rechts hat zwei Ringe. Wenn man eine kleine Pfanne benutzt, wird erhitzt sich nur der innere Ring, so verbraucht man nie zu viel Energie. Eine Fischpfanne bzw. ein Br\u00e4ter findet hinten links auf der l\u00e4ngliche Br\u00e4terzone Platz. Das Kochfeld hat ein einfaches Bedienungsmen\u00fc mit Touchscreen, mit dem man eine von 17 Stufen ausw\u00e4hlen kann. Hast du die richtige Stufe gefunden? Der Verriegelungsknopf arretiert die Stufe, sodass man das Gericht bei gleicher Temperatur kocht.<\/p>\n","protected":false},"featured_media":0,"comment_status":"closed","ping_status":"open","template":"","meta":{"_acf_changed":false},"brand":[2594],"product_brand":[],"product_cat":[2595],"product_tag":[2596],"class_list":{"0":"post-71625","1":"product","2":"type-product","3":"status-publish","5":"brand-siemens","6":"product_cat-kochfelder","7":"product_tag-inbouw-keramische-kookplaten","8":"pa_condition-new","9":"pa_coolblue-de-verzending-morgen-gratis-geliefert","10":"pa_ean-2592","11":"pa_mpn-et645hn17e","13":"first","14":"instock","15":"product-type-external"},"acf":[],"_links":{"self":[{"href":"https:\/\/onlinehardwareshop.de\/index.php\/wp-json\/wp\/v2\/product\/71625","targetHints":{"allow":["GET"]}}],"collection":[{"href":"https:\/\/onlinehardwareshop.de\/index.php\/wp-json\/wp\/v2\/product"}],"about":[{"href":"https:\/\/onlinehardwareshop.de\/index.php\/wp-json\/wp\/v2\/types\/product"}],"replies":[{"embeddable":true,"href":"https:\/\/onlinehardwareshop.de\/index.php\/wp-json\/wp\/v2\/comments?post=71625"}],"wp:attachment":[{"href":"https:\/\/onlinehardwareshop.de\/index.php\/wp-json\/wp\/v2\/media?parent=71625"}],"wp:term":[{"taxonomy":"brand","embeddable":true,"href":"https:\/\/onlinehardwareshop.de\/index.php\/wp-json\/wp\/v2\/brand?post=71625"},{"taxonomy":"product_brand","embeddable":true,"href":"https:\/\/onlinehardwareshop.de\/index.php\/wp-json\/wp\/v2\/product_brand?post=71625"},{"taxonomy":"product_cat","embeddable":true,"href":"https:\/\/onlinehardwareshop.de\/index.php\/wp-json\/wp\/v2\/product_cat?post=71625"},{"taxonomy":"product_tag","embeddable":true,"href":"https:\/\/onlinehardwareshop.de\/index.php\/wp-json\/wp\/v2\/product_tag?post=71625"}],"curies":[{"name":"wp","href":"https:\/\/api.w.org\/{rel}","templated":true}]}}