{"id":71603,"date":"2024-02-20T08:25:04","date_gmt":"2024-02-20T08:25:04","guid":{"rendered":"https:\/\/onlinehardwareshop.de\/index.php\/produkt\/seagate-barracuda-hdd-1tb-2\/"},"modified":"2025-05-14T00:13:14","modified_gmt":"2025-05-14T00:13:14","slug":"seagate-barracuda-hdd-1tb","status":"publish","type":"product","link":"https:\/\/onlinehardwareshop.de\/index.php\/produkt\/seagate-barracuda-hdd-1tb\/","title":{"rendered":"Seagate Barracuda HDD 1TB"},"content":{"rendered":"<p>Statte dein Laptop oder deinen d\u00fcnnen PC mit einer internen BarraCuda ST1000LM048 1\u00a0TB Festplatte von Seagate aus. Aufgrund des 7\u00a0mm d\u00fcnnen Geh\u00e4uses passt die Festplatte auch in ultrad\u00fcnne Laptops, sofern diese \u00fcber einen zus\u00e4tzlichen Steckplatz f\u00fcr Speicherplatz verf\u00fcgen. Mit einer Umdrehungsgeschwindigkeit von 5.400\u00a0U\/min ist die BarraCuda ger\u00e4uscharm und sparsam im Verbrauch. Au\u00dferdem lassen sich h\u00e4ufig verwendete Dateien dank des 128\u00a0Megabyte gro\u00dfen Cache-Speichers schnell \u00f6ffnen. So kannst du dich gleich an die Datenanalyse machen, an der du schon ein paar Tage besch\u00e4ftigt bist.<\/p>\n","protected":false},"excerpt":{"rendered":"<p>Statte dein Laptop oder deinen d\u00fcnnen PC mit einer internen BarraCuda ST1000LM048 1\u00a0TB Festplatte von Seagate aus. Aufgrund des 7\u00a0mm d\u00fcnnen Geh\u00e4uses passt die Festplatte auch in ultrad\u00fcnne Laptops, sofern diese \u00fcber einen zus\u00e4tzlichen Steckplatz f\u00fcr Speicherplatz verf\u00fcgen. Mit einer Umdrehungsgeschwindigkeit von 5.400\u00a0U\/min ist die BarraCuda ger\u00e4uscharm und sparsam im Verbrauch. Au\u00dferdem lassen sich h\u00e4ufig verwendete Dateien dank des 128\u00a0Megabyte gro\u00dfen Cache-Speichers schnell \u00f6ffnen. So kannst du dich gleich an die Datenanalyse machen, an der du schon ein paar Tage besch\u00e4ftigt bist.<\/p>\n","protected":false},"featured_media":0,"comment_status":"closed","ping_status":"open","template":"","meta":{"_acf_changed":false},"brand":[2546],"product_brand":[],"product_cat":[646],"product_tag":[647],"class_list":{"0":"post-71603","1":"product","2":"type-product","3":"status-publish","5":"brand-seagate","6":"product_cat-interne-festplatten-hdd","7":"product_tag-desktop-hdd","8":"pa_condition-new","9":"pa_coolblue-de-verzending-morgen-gratis-geliefert","10":"pa_ean-2544","11":"pa_mpn-st1000lm048","13":"first","14":"instock","15":"product-type-external"},"acf":[],"_links":{"self":[{"href":"https:\/\/onlinehardwareshop.de\/index.php\/wp-json\/wp\/v2\/product\/71603","targetHints":{"allow":["GET"]}}],"collection":[{"href":"https:\/\/onlinehardwareshop.de\/index.php\/wp-json\/wp\/v2\/product"}],"about":[{"href":"https:\/\/onlinehardwareshop.de\/index.php\/wp-json\/wp\/v2\/types\/product"}],"replies":[{"embeddable":true,"href":"https:\/\/onlinehardwareshop.de\/index.php\/wp-json\/wp\/v2\/comments?post=71603"}],"wp:attachment":[{"href":"https:\/\/onlinehardwareshop.de\/index.php\/wp-json\/wp\/v2\/media?parent=71603"}],"wp:term":[{"taxonomy":"brand","embeddable":true,"href":"https:\/\/onlinehardwareshop.de\/index.php\/wp-json\/wp\/v2\/brand?post=71603"},{"taxonomy":"product_brand","embeddable":true,"href":"https:\/\/onlinehardwareshop.de\/index.php\/wp-json\/wp\/v2\/product_brand?post=71603"},{"taxonomy":"product_cat","embeddable":true,"href":"https:\/\/onlinehardwareshop.de\/index.php\/wp-json\/wp\/v2\/product_cat?post=71603"},{"taxonomy":"product_tag","embeddable":true,"href":"https:\/\/onlinehardwareshop.de\/index.php\/wp-json\/wp\/v2\/product_tag?post=71603"}],"curies":[{"name":"wp","href":"https:\/\/api.w.org\/{rel}","templated":true}]}}