{"id":71586,"date":"2024-05-12T12:04:55","date_gmt":"2024-05-12T12:04:55","guid":{"rendered":"https:\/\/onlinehardwareshop.de\/index.php\/produkt\/smeg-klf04creu-creme-2\/"},"modified":"2025-05-14T00:11:35","modified_gmt":"2025-05-14T00:11:35","slug":"smeg-klf04creu-creme","status":"publish","type":"product","link":"https:\/\/onlinehardwareshop.de\/index.php\/produkt\/smeg-klf04creu-creme\/","title":{"rendered":"SMEG KLF04CREU Creme"},"content":{"rendered":"<p>Der SMEG KLF04CREU Creme hat sieben Temperaturstufen, mit denen du Wasser auf 50 bis 100 Grad Celsius erhitzen kannst. Diese Temperaturstufen erm\u00f6glichen es, hei\u00dfes Wasser f\u00fcr verschiedene Sorten Tee aufzukochen, zum Beispiel f\u00fcr schwarzen, gr\u00fcnen oder wei\u00dfen Tee. Dank der Warmhaltefunktion h\u00e4lt der Wasserkocher das Wasser l\u00e4nger auf der richtigen Temperatur. Mit einem Fassungsverm\u00f6gen von 1,7 Litern l\u00e4sst sich Wasser f\u00fcr ca. sieben Tassen Tee auf einmal kochen. Die Anzeige dieses Wasserkochers zeigt sowohl die Wassermenge in Litern als auch in Tassen an. So siehst du schnell, ob das Wasser f\u00fcr dich und deine G\u00e4ste reicht. Der Wasserkocher kocht das Wasser schnell und relativ leise. Mit seinem auff\u00e4lligen Retro-Look und dem Edelstahlgeh\u00e4use ist dieser Wasserkocher ein Eyecatcher in der K\u00fcche.<\/p>\n","protected":false},"excerpt":{"rendered":"<p>Der SMEG KLF04CREU Creme hat sieben Temperaturstufen, mit denen du Wasser auf 50 bis 100 Grad Celsius erhitzen kannst. Diese Temperaturstufen erm\u00f6glichen es, hei\u00dfes Wasser f\u00fcr verschiedene Sorten Tee aufzukochen, zum Beispiel f\u00fcr schwarzen, gr\u00fcnen oder wei\u00dfen Tee. Dank der Warmhaltefunktion h\u00e4lt der Wasserkocher das Wasser l\u00e4nger auf der richtigen Temperatur. Mit einem Fassungsverm\u00f6gen von 1,7 Litern l\u00e4sst sich Wasser f\u00fcr ca. sieben Tassen Tee auf einmal kochen. Die Anzeige dieses Wasserkochers zeigt sowohl die Wassermenge in Litern als auch in Tassen an. So siehst du schnell, ob das Wasser f\u00fcr dich und deine G\u00e4ste reicht. Der Wasserkocher kocht das Wasser schnell und relativ leise. Mit seinem auff\u00e4lligen Retro-Look und dem Edelstahlgeh\u00e4use ist dieser Wasserkocher ein Eyecatcher in der K\u00fcche.<\/p>\n","protected":false},"featured_media":0,"comment_status":"closed","ping_status":"open","template":"","meta":{"_acf_changed":false},"brand":[1344],"product_brand":[],"product_cat":[716],"product_tag":[717],"class_list":{"0":"post-71586","1":"product","2":"type-product","3":"status-publish","5":"brand-smeg","6":"product_cat-wasserkocher","7":"product_tag-waterkokers","8":"pa_condition-new","9":"pa_coolblue-de-verzending-morgen-gratis-geliefert","10":"pa_ean-33484","11":"pa_mpn-klf04creu","13":"first","14":"instock","15":"product-type-external"},"acf":[],"_links":{"self":[{"href":"https:\/\/onlinehardwareshop.de\/index.php\/wp-json\/wp\/v2\/product\/71586","targetHints":{"allow":["GET"]}}],"collection":[{"href":"https:\/\/onlinehardwareshop.de\/index.php\/wp-json\/wp\/v2\/product"}],"about":[{"href":"https:\/\/onlinehardwareshop.de\/index.php\/wp-json\/wp\/v2\/types\/product"}],"replies":[{"embeddable":true,"href":"https:\/\/onlinehardwareshop.de\/index.php\/wp-json\/wp\/v2\/comments?post=71586"}],"wp:attachment":[{"href":"https:\/\/onlinehardwareshop.de\/index.php\/wp-json\/wp\/v2\/media?parent=71586"}],"wp:term":[{"taxonomy":"brand","embeddable":true,"href":"https:\/\/onlinehardwareshop.de\/index.php\/wp-json\/wp\/v2\/brand?post=71586"},{"taxonomy":"product_brand","embeddable":true,"href":"https:\/\/onlinehardwareshop.de\/index.php\/wp-json\/wp\/v2\/product_brand?post=71586"},{"taxonomy":"product_cat","embeddable":true,"href":"https:\/\/onlinehardwareshop.de\/index.php\/wp-json\/wp\/v2\/product_cat?post=71586"},{"taxonomy":"product_tag","embeddable":true,"href":"https:\/\/onlinehardwareshop.de\/index.php\/wp-json\/wp\/v2\/product_tag?post=71586"}],"curies":[{"name":"wp","href":"https:\/\/api.w.org\/{rel}","templated":true}]}}