{"id":71542,"date":"2024-05-22T04:49:24","date_gmt":"2024-05-22T04:49:24","guid":{"rendered":"https:\/\/onlinehardwareshop.de\/index.php\/produkt\/siemens-isolationsbehlter-fr-frischmilch-2\/"},"modified":"2025-05-14T00:07:55","modified_gmt":"2025-05-14T00:07:55","slug":"siemens-isolationsbehlter-fr-frischmilch","status":"publish","type":"product","link":"https:\/\/onlinehardwareshop.de\/index.php\/produkt\/siemens-isolationsbehlter-fr-frischmilch\/","title":{"rendered":"Siemens Isolationsbeh&#xE4;lter f&#xFC;r Frischmilch"},"content":{"rendered":"<p>Im Siemens Isolationsbeh\u00e4lter Rund bleibt frische Milch lange k\u00fchl. Der Edelstahlbeh\u00e4lter ist doppelwandig, sodass die Temperatur in deiner K\u00fcche weniger Einfluss auf die Milch hat. Aufgrund der praktischen Gr\u00f6\u00dfe des Beh\u00e4lters passt er problemlos in die T\u00fcr deines K\u00fchlschranks. So kannst du \u00fcbriggebliebene Milch am n\u00e4chsten Tag einfach noch einmal verwenden. Der Beh\u00e4lter hat eine \u00d6ffnung im Deckel, durch die der Milchschlauch deiner Kaffeemaschine passt.<\/p>\n","protected":false},"excerpt":{"rendered":"<p>Im Siemens Isolationsbeh\u00e4lter Rund bleibt frische Milch lange k\u00fchl. Der Edelstahlbeh\u00e4lter ist doppelwandig, sodass die Temperatur in deiner K\u00fcche weniger Einfluss auf die Milch hat. Aufgrund der praktischen Gr\u00f6\u00dfe des Beh\u00e4lters passt er problemlos in die T\u00fcr deines K\u00fchlschranks. So kannst du \u00fcbriggebliebene Milch am n\u00e4chsten Tag einfach noch einmal verwenden. Der Beh\u00e4lter hat eine \u00d6ffnung im Deckel, durch die der Milchschlauch deiner Kaffeemaschine passt.<\/p>\n","protected":false},"featured_media":0,"comment_status":"closed","ping_status":"open","template":"","meta":{"_acf_changed":false},"brand":[2594],"product_brand":[],"product_cat":[2291],"product_tag":[2292],"class_list":{"0":"post-71542","1":"product","2":"type-product","3":"status-publish","5":"brand-siemens","6":"product_cat-milchbehlter-fr-kaffeemaschinen","7":"product_tag-melkreservoirs-voor-koffiezetapparaten","8":"pa_condition-new","9":"pa_coolblue-de-verzending-morgen-gratis-geliefert","10":"pa_ean-26826","11":"pa_mpn-tz80009n","13":"first","14":"instock","15":"product-type-external"},"acf":[],"_links":{"self":[{"href":"https:\/\/onlinehardwareshop.de\/index.php\/wp-json\/wp\/v2\/product\/71542","targetHints":{"allow":["GET"]}}],"collection":[{"href":"https:\/\/onlinehardwareshop.de\/index.php\/wp-json\/wp\/v2\/product"}],"about":[{"href":"https:\/\/onlinehardwareshop.de\/index.php\/wp-json\/wp\/v2\/types\/product"}],"replies":[{"embeddable":true,"href":"https:\/\/onlinehardwareshop.de\/index.php\/wp-json\/wp\/v2\/comments?post=71542"}],"wp:attachment":[{"href":"https:\/\/onlinehardwareshop.de\/index.php\/wp-json\/wp\/v2\/media?parent=71542"}],"wp:term":[{"taxonomy":"brand","embeddable":true,"href":"https:\/\/onlinehardwareshop.de\/index.php\/wp-json\/wp\/v2\/brand?post=71542"},{"taxonomy":"product_brand","embeddable":true,"href":"https:\/\/onlinehardwareshop.de\/index.php\/wp-json\/wp\/v2\/product_brand?post=71542"},{"taxonomy":"product_cat","embeddable":true,"href":"https:\/\/onlinehardwareshop.de\/index.php\/wp-json\/wp\/v2\/product_cat?post=71542"},{"taxonomy":"product_tag","embeddable":true,"href":"https:\/\/onlinehardwareshop.de\/index.php\/wp-json\/wp\/v2\/product_tag?post=71542"}],"curies":[{"name":"wp","href":"https:\/\/api.w.org\/{rel}","templated":true}]}}