{"id":71541,"date":"2024-08-30T00:01:03","date_gmt":"2024-08-30T00:01:03","guid":{"rendered":"https:\/\/onlinehardwareshop.de\/index.php\/produkt\/blackdecker-bdcr18n-xj-ohne-akku-2\/"},"modified":"2025-05-14T00:07:50","modified_gmt":"2025-05-14T00:07:50","slug":"blackdecker-bdcr18n-xj-ohne-akku","status":"publish","type":"product","link":"https:\/\/onlinehardwareshop.de\/index.php\/produkt\/blackdecker-bdcr18n-xj-ohne-akku\/","title":{"rendered":"BLACK+DECKER BDCR18N-XJ (ohne Akku)"},"content":{"rendered":"<p>Die BLACK+DECKER BDCR18N-XJ ist eine S\u00e4bels\u00e4ge, die dir das Arbeiten so einfach wie m\u00f6glich macht. Die S\u00e4ge ist leicht und wird von einem leistungsstarken 18-Volt-Li-Ion-Akku (hier nicht im Lieferumfang enthalten) angetrieben. Zum S\u00e4geblattwechsel brauchst du kein Werkzeug. Der rutschfeste Softgrip erm\u00f6glicht ein bequemes Schneiden von Holz, Metall und Kunststoff. Aber auch als Astschere kann die BDCR18N-XJ mit in den Garten genommen werden. Da du dir keine Gedanken dar\u00fcber machen musst, ob eine Steckdose in der N\u00e4he ist, kannst du diese kompakte S\u00e4bels\u00e4ge an den unzug\u00e4nglichsten Stellen einsetzen.<\/p>\n","protected":false},"excerpt":{"rendered":"<p>Die BLACK+DECKER BDCR18N-XJ ist eine S\u00e4bels\u00e4ge, die dir das Arbeiten so einfach wie m\u00f6glich macht. Die S\u00e4ge ist leicht und wird von einem leistungsstarken 18-Volt-Li-Ion-Akku (hier nicht im Lieferumfang enthalten) angetrieben. Zum S\u00e4geblattwechsel brauchst du kein Werkzeug. Der rutschfeste Softgrip erm\u00f6glicht ein bequemes Schneiden von Holz, Metall und Kunststoff. Aber auch als Astschere kann die BDCR18N-XJ mit in den Garten genommen werden. Da du dir keine Gedanken dar\u00fcber machen musst, ob eine Steckdose in der N\u00e4he ist, kannst du diese kompakte S\u00e4bels\u00e4ge an den unzug\u00e4nglichsten Stellen einsetzen.<\/p>\n","protected":false},"featured_media":0,"comment_status":"closed","ping_status":"open","template":"","meta":{"_acf_changed":false},"brand":[567],"product_brand":[],"product_cat":[585],"product_tag":[2028],"class_list":{"0":"post-71541","1":"product","2":"type-product","3":"status-publish","5":"brand-blackdecker","6":"product_cat-sbelsgen","7":"product_tag-accu-reciprozagen","8":"pa_condition-new","9":"pa_coolblue-de-verzending-morgen-gratis-geliefert","10":"pa_ean-2372","11":"pa_mpn-bdcr18n-xj","13":"first","14":"instock","15":"product-type-external"},"acf":[],"_links":{"self":[{"href":"https:\/\/onlinehardwareshop.de\/index.php\/wp-json\/wp\/v2\/product\/71541","targetHints":{"allow":["GET"]}}],"collection":[{"href":"https:\/\/onlinehardwareshop.de\/index.php\/wp-json\/wp\/v2\/product"}],"about":[{"href":"https:\/\/onlinehardwareshop.de\/index.php\/wp-json\/wp\/v2\/types\/product"}],"replies":[{"embeddable":true,"href":"https:\/\/onlinehardwareshop.de\/index.php\/wp-json\/wp\/v2\/comments?post=71541"}],"wp:attachment":[{"href":"https:\/\/onlinehardwareshop.de\/index.php\/wp-json\/wp\/v2\/media?parent=71541"}],"wp:term":[{"taxonomy":"brand","embeddable":true,"href":"https:\/\/onlinehardwareshop.de\/index.php\/wp-json\/wp\/v2\/brand?post=71541"},{"taxonomy":"product_brand","embeddable":true,"href":"https:\/\/onlinehardwareshop.de\/index.php\/wp-json\/wp\/v2\/product_brand?post=71541"},{"taxonomy":"product_cat","embeddable":true,"href":"https:\/\/onlinehardwareshop.de\/index.php\/wp-json\/wp\/v2\/product_cat?post=71541"},{"taxonomy":"product_tag","embeddable":true,"href":"https:\/\/onlinehardwareshop.de\/index.php\/wp-json\/wp\/v2\/product_tag?post=71541"}],"curies":[{"name":"wp","href":"https:\/\/api.w.org\/{rel}","templated":true}]}}