{"id":71507,"date":"2024-06-01T01:34:06","date_gmt":"2024-06-01T01:34:06","guid":{"rendered":"https:\/\/onlinehardwareshop.de\/index.php\/produkt\/jura-milchbehlter-aus-glas-2\/"},"modified":"2025-05-14T00:04:55","modified_gmt":"2025-05-14T00:04:55","slug":"jura-milchbehlter-aus-glas","status":"publish","type":"product","link":"https:\/\/onlinehardwareshop.de\/index.php\/produkt\/jura-milchbehlter-aus-glas\/","title":{"rendered":"JURA Milchbeh&#xE4;lter aus Glas"},"content":{"rendered":"<p>Erweitere deine JURA Kaffeemaschine um den Milchbeh\u00e4lter aus Glas. Dieser fasst 500\u00a0ml Milch zum Aufsch\u00e4umen f\u00fcr beispielsweise deinem Cappuccino oder Latte macchiato. Zur Benutzung des Beh\u00e4lters verbindest du den Milchschlauch mit dem Deckel. Sollte die enthaltene Milch nicht nach einmaliger Zubereitung aufgebraucht sein, stellst du den Milchbeh\u00e4lter zur Aufbewahrung am besten in den K\u00fchlschrank. Dank der kompakten Gr\u00f6\u00dfe passt er problemlos ins T\u00fcrfach. Sowohl Deckel als auch Beh\u00e4lter k\u00f6nnen in der Sp\u00fclmaschine gereinigt werden.  Du kannst den JURA Milchbeh\u00e4lter aus Glas mit deiner JURA Espressomaschine mit Milchschlauch verwenden.<\/p>\n","protected":false},"excerpt":{"rendered":"<p>Erweitere deine JURA Kaffeemaschine um den Milchbeh\u00e4lter aus Glas. Dieser fasst 500\u00a0ml Milch zum Aufsch\u00e4umen f\u00fcr beispielsweise deinem Cappuccino oder Latte macchiato. Zur Benutzung des Beh\u00e4lters verbindest du den Milchschlauch mit dem Deckel. Sollte die enthaltene Milch nicht nach einmaliger Zubereitung aufgebraucht sein, stellst du den Milchbeh\u00e4lter zur Aufbewahrung am besten in den K\u00fchlschrank. Dank der kompakten Gr\u00f6\u00dfe passt er problemlos ins T\u00fcrfach. Sowohl Deckel als auch Beh\u00e4lter k\u00f6nnen in der Sp\u00fclmaschine gereinigt werden.  Du kannst den JURA Milchbeh\u00e4lter aus Glas mit deiner JURA Espressomaschine mit Milchschlauch verwenden.<\/p>\n","protected":false},"featured_media":0,"comment_status":"closed","ping_status":"open","template":"","meta":{"_acf_changed":false},"brand":[608],"product_brand":[],"product_cat":[2291],"product_tag":[2292],"class_list":{"0":"post-71507","1":"product","2":"type-product","3":"status-publish","5":"brand-jura","6":"product_cat-milchbehlter-fr-kaffeemaschinen","7":"product_tag-melkreservoirs-voor-koffiezetapparaten","8":"pa_condition-new","9":"pa_coolblue-de-verzending-morgen-gratis-geliefert","10":"pa_ean-2289","11":"pa_mpn-2290","13":"first","14":"instock","15":"product-type-external"},"acf":[],"_links":{"self":[{"href":"https:\/\/onlinehardwareshop.de\/index.php\/wp-json\/wp\/v2\/product\/71507","targetHints":{"allow":["GET"]}}],"collection":[{"href":"https:\/\/onlinehardwareshop.de\/index.php\/wp-json\/wp\/v2\/product"}],"about":[{"href":"https:\/\/onlinehardwareshop.de\/index.php\/wp-json\/wp\/v2\/types\/product"}],"replies":[{"embeddable":true,"href":"https:\/\/onlinehardwareshop.de\/index.php\/wp-json\/wp\/v2\/comments?post=71507"}],"wp:attachment":[{"href":"https:\/\/onlinehardwareshop.de\/index.php\/wp-json\/wp\/v2\/media?parent=71507"}],"wp:term":[{"taxonomy":"brand","embeddable":true,"href":"https:\/\/onlinehardwareshop.de\/index.php\/wp-json\/wp\/v2\/brand?post=71507"},{"taxonomy":"product_brand","embeddable":true,"href":"https:\/\/onlinehardwareshop.de\/index.php\/wp-json\/wp\/v2\/product_brand?post=71507"},{"taxonomy":"product_cat","embeddable":true,"href":"https:\/\/onlinehardwareshop.de\/index.php\/wp-json\/wp\/v2\/product_cat?post=71507"},{"taxonomy":"product_tag","embeddable":true,"href":"https:\/\/onlinehardwareshop.de\/index.php\/wp-json\/wp\/v2\/product_tag?post=71507"}],"curies":[{"name":"wp","href":"https:\/\/api.w.org\/{rel}","templated":true}]}}