{"id":71492,"date":"2024-06-26T20:00:22","date_gmt":"2024-06-26T20:00:22","guid":{"rendered":"https:\/\/onlinehardwareshop.de\/index.php\/produkt\/sharp-r843inw-2\/"},"modified":"2025-05-14T00:03:35","modified_gmt":"2025-05-14T00:03:35","slug":"sharp-r843inw","status":"publish","type":"product","link":"https:\/\/onlinehardwareshop.de\/index.php\/produkt\/sharp-r843inw\/","title":{"rendered":"Sharp R843INW"},"content":{"rendered":"<p>Grillen, aufw\u00e4rmen oder auftauen: Mit der Sharp R843INW holst du dir eine umfangreiche Kombi-Mikrowelle ins Haus. Mit der Pizzastufe garst du deine Pizzas mit Unterhitze und verleihst ihnen einen leckeren knusprigen Rand und Boden. Die kompakte Kombi-Mikrowelle hat eine Kapazit\u00e4t von 25 Litern, erw\u00e4rme also ruhig eine Auflaufform mit Lasagne darin. Der Backofen hat n\u00e4mlich einen H\u00f6chstbereich von 230 Grad Celsius und eine Hei\u00dfluftfunktion. Hierdurch werden alle Schichten deiner Lasagne gut gar. Durch die automatischen Programme musst du dir keine Gedanken \u00fcber die die Zeit oder Wattzahl zu machen: Die Mikrowelle w\u00e4hlt die richtigen Einstellungen. M\u00f6chtest du Essen auftauen? Dies ist mit einem Druck auf den Knopf f\u00fcr die Auftaustufe m\u00f6glich.<\/p>\n","protected":false},"excerpt":{"rendered":"<p>Grillen, aufw\u00e4rmen oder auftauen: Mit der Sharp R843INW holst du dir eine umfangreiche Kombi-Mikrowelle ins Haus. Mit der Pizzastufe garst du deine Pizzas mit Unterhitze und verleihst ihnen einen leckeren knusprigen Rand und Boden. Die kompakte Kombi-Mikrowelle hat eine Kapazit\u00e4t von 25 Litern, erw\u00e4rme also ruhig eine Auflaufform mit Lasagne darin. Der Backofen hat n\u00e4mlich einen H\u00f6chstbereich von 230 Grad Celsius und eine Hei\u00dfluftfunktion. Hierdurch werden alle Schichten deiner Lasagne gut gar. Durch die automatischen Programme musst du dir keine Gedanken \u00fcber die die Zeit oder Wattzahl zu machen: Die Mikrowelle w\u00e4hlt die richtigen Einstellungen. M\u00f6chtest du Essen auftauen? Dies ist mit einem Druck auf den Knopf f\u00fcr die Auftaustufe m\u00f6glich.<\/p>\n","protected":false},"featured_media":0,"comment_status":"closed","ping_status":"open","template":"","meta":{"_acf_changed":false},"brand":[926],"product_brand":[],"product_cat":[927],"product_tag":[928],"class_list":{"0":"post-71492","1":"product","2":"type-product","3":"status-publish","5":"brand-sharp","6":"product_cat-mikrowellen","7":"product_tag-vrijstaande-combimagnetrons","8":"pa_condition-new","9":"pa_coolblue-de-verzending-morgen-gratis-geliefert","10":"pa_ean-26824","11":"pa_mpn-r843inw","13":"first","14":"instock","15":"product-type-external"},"acf":[],"_links":{"self":[{"href":"https:\/\/onlinehardwareshop.de\/index.php\/wp-json\/wp\/v2\/product\/71492","targetHints":{"allow":["GET"]}}],"collection":[{"href":"https:\/\/onlinehardwareshop.de\/index.php\/wp-json\/wp\/v2\/product"}],"about":[{"href":"https:\/\/onlinehardwareshop.de\/index.php\/wp-json\/wp\/v2\/types\/product"}],"replies":[{"embeddable":true,"href":"https:\/\/onlinehardwareshop.de\/index.php\/wp-json\/wp\/v2\/comments?post=71492"}],"wp:attachment":[{"href":"https:\/\/onlinehardwareshop.de\/index.php\/wp-json\/wp\/v2\/media?parent=71492"}],"wp:term":[{"taxonomy":"brand","embeddable":true,"href":"https:\/\/onlinehardwareshop.de\/index.php\/wp-json\/wp\/v2\/brand?post=71492"},{"taxonomy":"product_brand","embeddable":true,"href":"https:\/\/onlinehardwareshop.de\/index.php\/wp-json\/wp\/v2\/product_brand?post=71492"},{"taxonomy":"product_cat","embeddable":true,"href":"https:\/\/onlinehardwareshop.de\/index.php\/wp-json\/wp\/v2\/product_cat?post=71492"},{"taxonomy":"product_tag","embeddable":true,"href":"https:\/\/onlinehardwareshop.de\/index.php\/wp-json\/wp\/v2\/product_tag?post=71492"}],"curies":[{"name":"wp","href":"https:\/\/api.w.org\/{rel}","templated":true}]}}