{"id":71473,"date":"2024-12-12T20:33:35","date_gmt":"2024-12-12T20:33:35","guid":{"rendered":"https:\/\/onlinehardwareshop.de\/index.php\/produkt\/beurer-bm-28-2\/"},"modified":"2025-05-14T00:01:57","modified_gmt":"2025-05-14T00:01:57","slug":"beurer-bm-28","status":"publish","type":"product","link":"https:\/\/onlinehardwareshop.de\/index.php\/produkt\/beurer-bm-28\/","title":{"rendered":"Beurer BM 28"},"content":{"rendered":"<p>Das Beurer BM28 ist ein vollautomatisches Oberarm-Blutdruckmessger\u00e4t, das dir schnell Einblick in deinen Blutdruck und deine Herzfrequenz gibt. Das Blutdruckmessger\u00e4t hat viermal 60 Speicherpl\u00e4tze, sodass du sowohl deinen Blutdruck als auch den deines Partners messen kannst. M\u00f6chtest du deinen durchschnittlichen Blutdruck \u00fcber einen bestimmten Zeitraum messen, um mehr Einblick in deine Gesundheit zu bekommen? Das ist m\u00f6glich. Um sicherzustellen, dass du eine zuverl\u00e4ssige Messung vornimmst, erkennt das Ger\u00e4t m\u00f6gliche Herzrhythmusst\u00f6rungen w\u00e4hrend der Messungen. Das Ger\u00e4t verf\u00fcgt au\u00dferdem \u00fcber den patentierten Ruheindikator. Diese Funktion benachrichtigt dich, wenn deine Messung unzuverl\u00e4ssig sein k\u00f6nnte, weil du vor der Messung nicht ausreichend geruht hast. Das Beurer BM28 misst nach dem von der Weltgesundheitsorganisation erarbeiteten Standard.<\/p>\n","protected":false},"excerpt":{"rendered":"<p>Das Beurer BM28 ist ein vollautomatisches Oberarm-Blutdruckmessger\u00e4t, das dir schnell Einblick in deinen Blutdruck und deine Herzfrequenz gibt. Das Blutdruckmessger\u00e4t hat viermal 60 Speicherpl\u00e4tze, sodass du sowohl deinen Blutdruck als auch den deines Partners messen kannst. M\u00f6chtest du deinen durchschnittlichen Blutdruck \u00fcber einen bestimmten Zeitraum messen, um mehr Einblick in deine Gesundheit zu bekommen? Das ist m\u00f6glich. Um sicherzustellen, dass du eine zuverl\u00e4ssige Messung vornimmst, erkennt das Ger\u00e4t m\u00f6gliche Herzrhythmusst\u00f6rungen w\u00e4hrend der Messungen. Das Ger\u00e4t verf\u00fcgt au\u00dferdem \u00fcber den patentierten Ruheindikator. Diese Funktion benachrichtigt dich, wenn deine Messung unzuverl\u00e4ssig sein k\u00f6nnte, weil du vor der Messung nicht ausreichend geruht hast. Das Beurer BM28 misst nach dem von der Weltgesundheitsorganisation erarbeiteten Standard.<\/p>\n","protected":false},"featured_media":0,"comment_status":"closed","ping_status":"open","template":"","meta":{"_acf_changed":false},"brand":[842],"product_brand":[],"product_cat":[838],"product_tag":[839],"class_list":{"0":"post-71473","1":"product","2":"type-product","3":"status-publish","5":"brand-beurer","6":"product_cat-blutdruckmessgerte","7":"product_tag-bovenarm-bloeddrukmeters","8":"pa_condition-new","9":"pa_coolblue-de-verzending-morgen-gratis-geliefert","10":"pa_ean-2207","11":"pa_mpn-2208","13":"first","14":"instock","15":"product-type-external"},"acf":[],"_links":{"self":[{"href":"https:\/\/onlinehardwareshop.de\/index.php\/wp-json\/wp\/v2\/product\/71473","targetHints":{"allow":["GET"]}}],"collection":[{"href":"https:\/\/onlinehardwareshop.de\/index.php\/wp-json\/wp\/v2\/product"}],"about":[{"href":"https:\/\/onlinehardwareshop.de\/index.php\/wp-json\/wp\/v2\/types\/product"}],"replies":[{"embeddable":true,"href":"https:\/\/onlinehardwareshop.de\/index.php\/wp-json\/wp\/v2\/comments?post=71473"}],"wp:attachment":[{"href":"https:\/\/onlinehardwareshop.de\/index.php\/wp-json\/wp\/v2\/media?parent=71473"}],"wp:term":[{"taxonomy":"brand","embeddable":true,"href":"https:\/\/onlinehardwareshop.de\/index.php\/wp-json\/wp\/v2\/brand?post=71473"},{"taxonomy":"product_brand","embeddable":true,"href":"https:\/\/onlinehardwareshop.de\/index.php\/wp-json\/wp\/v2\/product_brand?post=71473"},{"taxonomy":"product_cat","embeddable":true,"href":"https:\/\/onlinehardwareshop.de\/index.php\/wp-json\/wp\/v2\/product_cat?post=71473"},{"taxonomy":"product_tag","embeddable":true,"href":"https:\/\/onlinehardwareshop.de\/index.php\/wp-json\/wp\/v2\/product_tag?post=71473"}],"curies":[{"name":"wp","href":"https:\/\/api.w.org\/{rel}","templated":true}]}}