{"id":71472,"date":"2024-08-04T09:54:40","date_gmt":"2024-08-04T09:54:40","guid":{"rendered":"https:\/\/onlinehardwareshop.de\/index.php\/produkt\/nova-multi-grill-4-in-1-2\/"},"modified":"2025-05-14T00:01:42","modified_gmt":"2025-05-14T00:01:42","slug":"nova-multi-grill-4-in-1","status":"publish","type":"product","link":"https:\/\/onlinehardwareshop.de\/index.php\/produkt\/nova-multi-grill-4-in-1\/","title":{"rendered":"Nova Multi Grill 4-in-1"},"content":{"rendered":"<p>Der Nova Multi Grill 4-in-1 vereint dank der austauschbaren Platten vier Funktionen in einem Ger\u00e4t. Verwende morgens die Waffelplatten, um beim Fr\u00fchst\u00fcck frische Waffeln zu servieren. Die wendbaren Grillplatten benutzt du, um Huhn, Hamburger oder Gem\u00fcse zu grillen. Auf der geriffelten Platte bekommen deine Gerichte ein sch\u00f6nes Grillmuster. Wende die Grillplatten, um auf der platten Seite Fisch oder Fleisch zu braten. Auf den Sandwichplatten kannst du knusprige Sandwichtoasts zubereiten, die innen noch sch\u00f6n weich sind.<\/p>\n","protected":false},"excerpt":{"rendered":"<p>Der Nova Multi Grill 4-in-1 vereint dank der austauschbaren Platten vier Funktionen in einem Ger\u00e4t. Verwende morgens die Waffelplatten, um beim Fr\u00fchst\u00fcck frische Waffeln zu servieren. Die wendbaren Grillplatten benutzt du, um Huhn, Hamburger oder Gem\u00fcse zu grillen. Auf der geriffelten Platte bekommen deine Gerichte ein sch\u00f6nes Grillmuster. Wende die Grillplatten, um auf der platten Seite Fisch oder Fleisch zu braten. Auf den Sandwichplatten kannst du knusprige Sandwichtoasts zubereiten, die innen noch sch\u00f6n weich sind.<\/p>\n","protected":false},"featured_media":0,"comment_status":"closed","ping_status":"open","template":"","meta":{"_acf_changed":false},"brand":[31142],"product_brand":[],"product_cat":[300],"product_tag":[301],"class_list":{"0":"post-71472","1":"product","2":"type-product","3":"status-publish","5":"brand-nova","6":"product_cat-kontaktgrills","7":"product_tag-contactgrills","8":"pa_condition-new","9":"pa_coolblue-de-verzending-morgen-gratis-geliefert","10":"pa_ean-31140","11":"pa_mpn-02-110502-01-002","13":"first","14":"instock","15":"product-type-external"},"acf":[],"_links":{"self":[{"href":"https:\/\/onlinehardwareshop.de\/index.php\/wp-json\/wp\/v2\/product\/71472","targetHints":{"allow":["GET"]}}],"collection":[{"href":"https:\/\/onlinehardwareshop.de\/index.php\/wp-json\/wp\/v2\/product"}],"about":[{"href":"https:\/\/onlinehardwareshop.de\/index.php\/wp-json\/wp\/v2\/types\/product"}],"replies":[{"embeddable":true,"href":"https:\/\/onlinehardwareshop.de\/index.php\/wp-json\/wp\/v2\/comments?post=71472"}],"wp:attachment":[{"href":"https:\/\/onlinehardwareshop.de\/index.php\/wp-json\/wp\/v2\/media?parent=71472"}],"wp:term":[{"taxonomy":"brand","embeddable":true,"href":"https:\/\/onlinehardwareshop.de\/index.php\/wp-json\/wp\/v2\/brand?post=71472"},{"taxonomy":"product_brand","embeddable":true,"href":"https:\/\/onlinehardwareshop.de\/index.php\/wp-json\/wp\/v2\/product_brand?post=71472"},{"taxonomy":"product_cat","embeddable":true,"href":"https:\/\/onlinehardwareshop.de\/index.php\/wp-json\/wp\/v2\/product_cat?post=71472"},{"taxonomy":"product_tag","embeddable":true,"href":"https:\/\/onlinehardwareshop.de\/index.php\/wp-json\/wp\/v2\/product_tag?post=71472"}],"curies":[{"name":"wp","href":"https:\/\/api.w.org\/{rel}","templated":true}]}}