{"id":71470,"date":"2024-04-13T18:54:12","date_gmt":"2024-04-13T18:54:12","guid":{"rendered":"https:\/\/onlinehardwareshop.de\/index.php\/produkt\/pioneer-xdj-700-2\/"},"modified":"2025-05-14T00:01:33","modified_gmt":"2025-05-14T00:01:33","slug":"pioneer-xdj-700","status":"publish","type":"product","link":"https:\/\/onlinehardwareshop.de\/index.php\/produkt\/pioneer-xdj-700\/","title":{"rendered":"Pioneer XDJ-700"},"content":{"rendered":"<p>Mit dem Pioneer XDJ-700 holst du dir einen kompakten Allesk\u00f6nner nach Hause. Dank des bunten Touchscreens siehst du alle Informationen, die du beim Mixen brauchst. Dir steht ein bpm-Z\u00e4hler zur Verf\u00fcgung und du kannst sehen in welcher Tonart die Musik komponiert ist. \u00dcber den Touchscreen kannst du direkt auf die Klangwellen einer Nummer einzoomen. So kannst du genau sehen, wann du eine Platte mixen kannst. Auf dem Touchscreen ist eine Qwerty-Tastatur zu sehen. So kannst du schnell durch die Plattenkollektion navigieren. Der Media Player spielt mp3- und wav-Dateien von USB-Sticks ab. Verbinde dein iPhone oder dein Android-Smartphone mit dem Media Player und h\u00f6re dir die gespeicherten Nummern an.<\/p>\n","protected":false},"excerpt":{"rendered":"<p>Mit dem Pioneer XDJ-700 holst du dir einen kompakten Allesk\u00f6nner nach Hause. Dank des bunten Touchscreens siehst du alle Informationen, die du beim Mixen brauchst. Dir steht ein bpm-Z\u00e4hler zur Verf\u00fcgung und du kannst sehen in welcher Tonart die Musik komponiert ist. \u00dcber den Touchscreen kannst du direkt auf die Klangwellen einer Nummer einzoomen. So kannst du genau sehen, wann du eine Platte mixen kannst. Auf dem Touchscreen ist eine Qwerty-Tastatur zu sehen. So kannst du schnell durch die Plattenkollektion navigieren. Der Media Player spielt mp3- und wav-Dateien von USB-Sticks ab. Verbinde dein iPhone oder dein Android-Smartphone mit dem Media Player und h\u00f6re dir die gespeicherten Nummern an.<\/p>\n","protected":false},"featured_media":0,"comment_status":"closed","ping_status":"open","template":"","meta":{"_acf_changed":false},"brand":[1321],"product_brand":[],"product_cat":[4528],"product_tag":[4529],"class_list":{"0":"post-71470","1":"product","2":"type-product","3":"status-publish","5":"brand-pioneer","6":"product_cat-dj-controller","7":"product_tag-dj-controllers","8":"pa_condition-new","9":"pa_coolblue-de-verzending-morgen-gratis-geliefert","10":"pa_ean-27233","11":"pa_mpn-xdj-700","13":"first","14":"instock","15":"product-type-external"},"acf":[],"_links":{"self":[{"href":"https:\/\/onlinehardwareshop.de\/index.php\/wp-json\/wp\/v2\/product\/71470","targetHints":{"allow":["GET"]}}],"collection":[{"href":"https:\/\/onlinehardwareshop.de\/index.php\/wp-json\/wp\/v2\/product"}],"about":[{"href":"https:\/\/onlinehardwareshop.de\/index.php\/wp-json\/wp\/v2\/types\/product"}],"replies":[{"embeddable":true,"href":"https:\/\/onlinehardwareshop.de\/index.php\/wp-json\/wp\/v2\/comments?post=71470"}],"wp:attachment":[{"href":"https:\/\/onlinehardwareshop.de\/index.php\/wp-json\/wp\/v2\/media?parent=71470"}],"wp:term":[{"taxonomy":"brand","embeddable":true,"href":"https:\/\/onlinehardwareshop.de\/index.php\/wp-json\/wp\/v2\/brand?post=71470"},{"taxonomy":"product_brand","embeddable":true,"href":"https:\/\/onlinehardwareshop.de\/index.php\/wp-json\/wp\/v2\/product_brand?post=71470"},{"taxonomy":"product_cat","embeddable":true,"href":"https:\/\/onlinehardwareshop.de\/index.php\/wp-json\/wp\/v2\/product_cat?post=71470"},{"taxonomy":"product_tag","embeddable":true,"href":"https:\/\/onlinehardwareshop.de\/index.php\/wp-json\/wp\/v2\/product_tag?post=71470"}],"curies":[{"name":"wp","href":"https:\/\/api.w.org\/{rel}","templated":true}]}}