{"id":71463,"date":"2024-09-01T12:03:17","date_gmt":"2024-09-01T12:03:17","guid":{"rendered":"https:\/\/onlinehardwareshop.de\/index.php\/produkt\/godox-speedlite-tt560-ii-2\/"},"modified":"2025-05-14T00:01:04","modified_gmt":"2025-05-14T00:01:04","slug":"godox-speedlite-tt560-ii","status":"publish","type":"product","link":"https:\/\/onlinehardwareshop.de\/index.php\/produkt\/godox-speedlite-tt560-ii\/","title":{"rendered":"Godox Speedlite TT560 II"},"content":{"rendered":"<p>Das Godox Speedlite TT560 II ist ein leistungsstarkes externes Blitzger\u00e4t f\u00fcr deine System- oder Spiegelreflexkamera. Bei einem ISO-Wert von 100 \u00fcberbr\u00fcckt das Blitzlicht eine maximale Entfernung von 38 Metern. So machst du problemlos ein Portr\u00e4tfoto eines Modells, das einige Meter entfernt steht. Wenn du den mitgelieferten Ausl\u00f6ser auf den Zubeh\u00f6rschuh deiner Kamera steckst, verwendest du das Blitzger\u00e4t kabellos. Die maximale Entfernung zwischen Blitzger\u00e4t und Kamera betr\u00e4gt 15 Meter. Dies erm\u00f6glicht es dir, mit der Beleuchtung aus verschiedenen Winkeln zu experimentieren. Der Blitzkopf l\u00e4sst sich horizontal um 270 Grad neigen, sodass du das Licht einfach seitlich reflektierst.<\/p>\n","protected":false},"excerpt":{"rendered":"<p>Das Godox Speedlite TT560 II ist ein leistungsstarkes externes Blitzger\u00e4t f\u00fcr deine System- oder Spiegelreflexkamera. Bei einem ISO-Wert von 100 \u00fcberbr\u00fcckt das Blitzlicht eine maximale Entfernung von 38 Metern. So machst du problemlos ein Portr\u00e4tfoto eines Modells, das einige Meter entfernt steht. Wenn du den mitgelieferten Ausl\u00f6ser auf den Zubeh\u00f6rschuh deiner Kamera steckst, verwendest du das Blitzger\u00e4t kabellos. Die maximale Entfernung zwischen Blitzger\u00e4t und Kamera betr\u00e4gt 15 Meter. Dies erm\u00f6glicht es dir, mit der Beleuchtung aus verschiedenen Winkeln zu experimentieren. Der Blitzkopf l\u00e4sst sich horizontal um 270 Grad neigen, sodass du das Licht einfach seitlich reflektierst.<\/p>\n","protected":false},"featured_media":0,"comment_status":"closed","ping_status":"open","template":"","meta":{"_acf_changed":false},"brand":[503],"product_brand":[],"product_cat":[2182],"product_tag":[2183],"class_list":{"0":"post-71463","1":"product","2":"type-product","3":"status-publish","5":"brand-godox","6":"product_cat-blitzgerte","7":"product_tag-flitsers","8":"pa_condition-new","9":"pa_coolblue-de-verzending-morgen-gratis-geliefert","10":"pa_ean-2180","11":"pa_mpn-d107712","13":"first","14":"instock","15":"product-type-external"},"acf":[],"_links":{"self":[{"href":"https:\/\/onlinehardwareshop.de\/index.php\/wp-json\/wp\/v2\/product\/71463","targetHints":{"allow":["GET"]}}],"collection":[{"href":"https:\/\/onlinehardwareshop.de\/index.php\/wp-json\/wp\/v2\/product"}],"about":[{"href":"https:\/\/onlinehardwareshop.de\/index.php\/wp-json\/wp\/v2\/types\/product"}],"replies":[{"embeddable":true,"href":"https:\/\/onlinehardwareshop.de\/index.php\/wp-json\/wp\/v2\/comments?post=71463"}],"wp:attachment":[{"href":"https:\/\/onlinehardwareshop.de\/index.php\/wp-json\/wp\/v2\/media?parent=71463"}],"wp:term":[{"taxonomy":"brand","embeddable":true,"href":"https:\/\/onlinehardwareshop.de\/index.php\/wp-json\/wp\/v2\/brand?post=71463"},{"taxonomy":"product_brand","embeddable":true,"href":"https:\/\/onlinehardwareshop.de\/index.php\/wp-json\/wp\/v2\/product_brand?post=71463"},{"taxonomy":"product_cat","embeddable":true,"href":"https:\/\/onlinehardwareshop.de\/index.php\/wp-json\/wp\/v2\/product_cat?post=71463"},{"taxonomy":"product_tag","embeddable":true,"href":"https:\/\/onlinehardwareshop.de\/index.php\/wp-json\/wp\/v2\/product_tag?post=71463"}],"curies":[{"name":"wp","href":"https:\/\/api.w.org\/{rel}","templated":true}]}}