{"id":71447,"date":"2025-03-10T14:08:51","date_gmt":"2025-03-10T14:08:51","guid":{"rendered":"https:\/\/onlinehardwareshop.de\/index.php\/produkt\/miele-maxipack-hyclean-efficiency-3d-gn-16-stck-2\/"},"modified":"2025-05-13T23:59:20","modified_gmt":"2025-05-13T23:59:20","slug":"miele-maxipack-hyclean-efficiency-3d-gn-16-stck","status":"publish","type":"product","link":"https:\/\/onlinehardwareshop.de\/index.php\/produkt\/miele-maxipack-hyclean-efficiency-3d-gn-16-stck\/","title":{"rendered":"Miele Maxipack HyClean Efficiency 3D GN (16 St&#xFC;ck)"},"content":{"rendered":"<p>Die Miele Maxipack HyClean Efficiency 3D GN Staubbeutel (16 St\u00fcck) bestehen aus einem 9-lagigen synthetischen Material. Dadurch wird sichergestellt, dass selbst feinste Staubpartikel nicht entweichen. Der HyClose Staubverschluss schlie\u00dft sich, sobald das Ger\u00e4t ge\u00f6ffnet wird, sodass du den Staubbeutel einfach und hygienisch wechselst. In der Verpackung befinden sich 16 Staubbeutel, vier Motorfilter und vier Mikrofilter.  Geeignet f\u00fcr alle Miele Staubsauger mit Staubbeutel, au\u00dfer den Miele Compact C1, Miele Compact C2 und Miele Compact C3 Serien.<\/p>\n","protected":false},"excerpt":{"rendered":"<p>Die Miele Maxipack HyClean Efficiency 3D GN Staubbeutel (16 St\u00fcck) bestehen aus einem 9-lagigen synthetischen Material. Dadurch wird sichergestellt, dass selbst feinste Staubpartikel nicht entweichen. Der HyClose Staubverschluss schlie\u00dft sich, sobald das Ger\u00e4t ge\u00f6ffnet wird, sodass du den Staubbeutel einfach und hygienisch wechselst. In der Verpackung befinden sich 16 Staubbeutel, vier Motorfilter und vier Mikrofilter.  Geeignet f\u00fcr alle Miele Staubsauger mit Staubbeutel, au\u00dfer den Miele Compact C1, Miele Compact C2 und Miele Compact C3 Serien.<\/p>\n","protected":false},"featured_media":0,"comment_status":"closed","ping_status":"open","template":"","meta":{"_acf_changed":false},"brand":[551],"product_brand":[],"product_cat":[129],"product_tag":[130],"class_list":{"0":"post-71447","1":"product","2":"type-product","3":"status-publish","5":"brand-miele","6":"product_cat-staubsaugerbeutel","7":"product_tag-stofzuigerzakken","8":"pa_condition-new","9":"pa_coolblue-de-verzending-morgen-gratis-geliefert","10":"pa_ean-33932","11":"pa_mpn-33933","13":"first","14":"instock","15":"product-type-external"},"acf":[],"_links":{"self":[{"href":"https:\/\/onlinehardwareshop.de\/index.php\/wp-json\/wp\/v2\/product\/71447","targetHints":{"allow":["GET"]}}],"collection":[{"href":"https:\/\/onlinehardwareshop.de\/index.php\/wp-json\/wp\/v2\/product"}],"about":[{"href":"https:\/\/onlinehardwareshop.de\/index.php\/wp-json\/wp\/v2\/types\/product"}],"replies":[{"embeddable":true,"href":"https:\/\/onlinehardwareshop.de\/index.php\/wp-json\/wp\/v2\/comments?post=71447"}],"wp:attachment":[{"href":"https:\/\/onlinehardwareshop.de\/index.php\/wp-json\/wp\/v2\/media?parent=71447"}],"wp:term":[{"taxonomy":"brand","embeddable":true,"href":"https:\/\/onlinehardwareshop.de\/index.php\/wp-json\/wp\/v2\/brand?post=71447"},{"taxonomy":"product_brand","embeddable":true,"href":"https:\/\/onlinehardwareshop.de\/index.php\/wp-json\/wp\/v2\/product_brand?post=71447"},{"taxonomy":"product_cat","embeddable":true,"href":"https:\/\/onlinehardwareshop.de\/index.php\/wp-json\/wp\/v2\/product_cat?post=71447"},{"taxonomy":"product_tag","embeddable":true,"href":"https:\/\/onlinehardwareshop.de\/index.php\/wp-json\/wp\/v2\/product_tag?post=71447"}],"curies":[{"name":"wp","href":"https:\/\/api.w.org\/{rel}","templated":true}]}}