{"id":71442,"date":"2024-09-04T11:02:13","date_gmt":"2024-09-04T11:02:13","guid":{"rendered":"https:\/\/onlinehardwareshop.de\/index.php\/produkt\/tefal-pain-lices-pf240e-2\/"},"modified":"2025-05-13T23:58:44","modified_gmt":"2025-05-13T23:58:44","slug":"tefal-pain-lices-pf240e","status":"publish","type":"product","link":"https:\/\/onlinehardwareshop.de\/index.php\/produkt\/tefal-pain-lices-pf240e\/","title":{"rendered":"Tefal Pain &#038; D&#xE9;lices PF240E"},"content":{"rendered":"<p>Mit dem Tefal PF240E Pain &#038; D\u00e9lices kommt das Brot aus deiner eigenen K\u00fcche. Mit diesem Brotbackautomaten kannst du mit den 20 verschiedenen Backprogrammen viele verschiedene Zubereitungen herstellen. So kannst du nicht nur glutenfreies oder salzarmes Brot backen, sondern auch Milchprodukte. Diese k\u00f6nnen in dem speziellen Topf hergestellt werden, in dem du z. B. K\u00e4se oder Joghurt zubereiten kannst. Mit diesem Tefal Brotbackautomaten brauchst du nur eine Maschine f\u00fcr ein komplettes Fr\u00fchst\u00fcck. Mit dem verz\u00f6gerten Start kannst du den Brotbackautomaten bis zu 15 Stunden im Voraus einschalten. So bereitest du alles am Abend vor und wachst am n\u00e4chsten Tag mit frischem Brot auf.<\/p>\n","protected":false},"excerpt":{"rendered":"<p>Mit dem Tefal PF240E Pain &#038; D\u00e9lices kommt das Brot aus deiner eigenen K\u00fcche. Mit diesem Brotbackautomaten kannst du mit den 20 verschiedenen Backprogrammen viele verschiedene Zubereitungen herstellen. So kannst du nicht nur glutenfreies oder salzarmes Brot backen, sondern auch Milchprodukte. Diese k\u00f6nnen in dem speziellen Topf hergestellt werden, in dem du z. B. K\u00e4se oder Joghurt zubereiten kannst. Mit diesem Tefal Brotbackautomaten brauchst du nur eine Maschine f\u00fcr ein komplettes Fr\u00fchst\u00fcck. Mit dem verz\u00f6gerten Start kannst du den Brotbackautomaten bis zu 15 Stunden im Voraus einschalten. So bereitest du alles am Abend vor und wachst am n\u00e4chsten Tag mit frischem Brot auf.<\/p>\n","protected":false},"featured_media":0,"comment_status":"closed","ping_status":"open","template":"","meta":{"_acf_changed":false},"brand":[506],"product_brand":[],"product_cat":[1396],"product_tag":[1397],"class_list":{"0":"post-71442","1":"product","2":"type-product","3":"status-publish","5":"brand-tefal","6":"product_cat-brotbackautomaten","7":"product_tag-broodbakmachines","8":"pa_condition-new","9":"pa_coolblue-de-verzending-morgen-gratis-geliefert","10":"pa_ean-28726","11":"pa_mpn-pf240e38","13":"first","14":"instock","15":"product-type-external"},"acf":[],"_links":{"self":[{"href":"https:\/\/onlinehardwareshop.de\/index.php\/wp-json\/wp\/v2\/product\/71442","targetHints":{"allow":["GET"]}}],"collection":[{"href":"https:\/\/onlinehardwareshop.de\/index.php\/wp-json\/wp\/v2\/product"}],"about":[{"href":"https:\/\/onlinehardwareshop.de\/index.php\/wp-json\/wp\/v2\/types\/product"}],"replies":[{"embeddable":true,"href":"https:\/\/onlinehardwareshop.de\/index.php\/wp-json\/wp\/v2\/comments?post=71442"}],"wp:attachment":[{"href":"https:\/\/onlinehardwareshop.de\/index.php\/wp-json\/wp\/v2\/media?parent=71442"}],"wp:term":[{"taxonomy":"brand","embeddable":true,"href":"https:\/\/onlinehardwareshop.de\/index.php\/wp-json\/wp\/v2\/brand?post=71442"},{"taxonomy":"product_brand","embeddable":true,"href":"https:\/\/onlinehardwareshop.de\/index.php\/wp-json\/wp\/v2\/product_brand?post=71442"},{"taxonomy":"product_cat","embeddable":true,"href":"https:\/\/onlinehardwareshop.de\/index.php\/wp-json\/wp\/v2\/product_cat?post=71442"},{"taxonomy":"product_tag","embeddable":true,"href":"https:\/\/onlinehardwareshop.de\/index.php\/wp-json\/wp\/v2\/product_tag?post=71442"}],"curies":[{"name":"wp","href":"https:\/\/api.w.org\/{rel}","templated":true}]}}