{"id":71436,"date":"2024-12-08T17:35:36","date_gmt":"2024-12-08T17:35:36","guid":{"rendered":"https:\/\/onlinehardwareshop.de\/index.php\/produkt\/gefu-spirelli-spiralschneider-2-0-2\/"},"modified":"2025-05-13T23:58:19","modified_gmt":"2025-05-13T23:58:19","slug":"gefu-spirelli-spiralschneider-2-0","status":"publish","type":"product","link":"https:\/\/onlinehardwareshop.de\/index.php\/produkt\/gefu-spirelli-spiralschneider-2-0\/","title":{"rendered":"GEFU Spirelli Spiralschneider 2.0"},"content":{"rendered":"<p>Mit dem GEFU Spirelli Spiralschneider 2.0 bekommst du einen Aufsatz, damit du auch das letzte St\u00fcck Gem\u00fcse zu Spiralen verarbeiten kannst. Zucchini, Karotten, Gurken und anderes hartes Gem\u00fcse lassen sich so einfach und ohne Verschwendung zu einem Wokgericht hinzuf\u00fcgen. Denke daran, wie du einen Bleistift anspitzt, genau so funktioniert es mit dem Spirelli. Du kannst aus 2 verschiedenen St\u00e4rken w\u00e4hlen: 2 x 3 mm und 3,5 x 5 mm. So sieht dein Regenbogensalat mit breiteren und schmaleren Gem\u00fcseb\u00e4ndern sch\u00f6n rustikal aus. Gib den Spirelli nach dem Essen einfach in die Sp\u00fclmaschine zur einfachen Reinigung.<\/p>\n","protected":false},"excerpt":{"rendered":"<p>Mit dem GEFU Spirelli Spiralschneider 2.0 bekommst du einen Aufsatz, damit du auch das letzte St\u00fcck Gem\u00fcse zu Spiralen verarbeiten kannst. Zucchini, Karotten, Gurken und anderes hartes Gem\u00fcse lassen sich so einfach und ohne Verschwendung zu einem Wokgericht hinzuf\u00fcgen. Denke daran, wie du einen Bleistift anspitzt, genau so funktioniert es mit dem Spirelli. Du kannst aus 2 verschiedenen St\u00e4rken w\u00e4hlen: 2 x 3 mm und 3,5 x 5 mm. So sieht dein Regenbogensalat mit breiteren und schmaleren Gem\u00fcseb\u00e4ndern sch\u00f6n rustikal aus. Gib den Spirelli nach dem Essen einfach in die Sp\u00fclmaschine zur einfachen Reinigung.<\/p>\n","protected":false},"featured_media":0,"comment_status":"closed","ping_status":"open","template":"","meta":{"_acf_changed":false},"brand":[2119],"product_brand":[],"product_cat":[2120],"product_tag":[2121],"class_list":{"0":"post-71436","1":"product","2":"type-product","3":"status-publish","5":"brand-gefu","6":"product_cat-gemsehobel","7":"product_tag-mandolines","8":"pa_condition-new","9":"pa_coolblue-de-verzending-morgen-gratis-geliefert","10":"pa_ean-2117","11":"pa_mpn-2118","13":"first","14":"instock","15":"product-type-external"},"acf":[],"_links":{"self":[{"href":"https:\/\/onlinehardwareshop.de\/index.php\/wp-json\/wp\/v2\/product\/71436","targetHints":{"allow":["GET"]}}],"collection":[{"href":"https:\/\/onlinehardwareshop.de\/index.php\/wp-json\/wp\/v2\/product"}],"about":[{"href":"https:\/\/onlinehardwareshop.de\/index.php\/wp-json\/wp\/v2\/types\/product"}],"replies":[{"embeddable":true,"href":"https:\/\/onlinehardwareshop.de\/index.php\/wp-json\/wp\/v2\/comments?post=71436"}],"wp:attachment":[{"href":"https:\/\/onlinehardwareshop.de\/index.php\/wp-json\/wp\/v2\/media?parent=71436"}],"wp:term":[{"taxonomy":"brand","embeddable":true,"href":"https:\/\/onlinehardwareshop.de\/index.php\/wp-json\/wp\/v2\/brand?post=71436"},{"taxonomy":"product_brand","embeddable":true,"href":"https:\/\/onlinehardwareshop.de\/index.php\/wp-json\/wp\/v2\/product_brand?post=71436"},{"taxonomy":"product_cat","embeddable":true,"href":"https:\/\/onlinehardwareshop.de\/index.php\/wp-json\/wp\/v2\/product_cat?post=71436"},{"taxonomy":"product_tag","embeddable":true,"href":"https:\/\/onlinehardwareshop.de\/index.php\/wp-json\/wp\/v2\/product_tag?post=71436"}],"curies":[{"name":"wp","href":"https:\/\/api.w.org\/{rel}","templated":true}]}}