{"id":71427,"date":"2024-11-15T00:13:35","date_gmt":"2024-11-15T00:13:35","guid":{"rendered":"https:\/\/onlinehardwareshop.de\/index.php\/produkt\/externer-cd-dvd-spieler-und-brenner-asus-sdrw-08u7m-u-silber-2\/"},"modified":"2025-05-13T23:57:14","modified_gmt":"2025-05-13T23:57:14","slug":"externer-cd-dvd-spieler-und-brenner-asus-sdrw-08u7m-u-silber","status":"publish","type":"product","link":"https:\/\/onlinehardwareshop.de\/index.php\/produkt\/externer-cd-dvd-spieler-und-brenner-asus-sdrw-08u7m-u-silber\/","title":{"rendered":"Externer CD-\/DVD-Spieler und -Brenner ASUS SDRW-08U7M-U Silber"},"content":{"rendered":"<p>Mit dem externen DVD-Brenner ASUS SDRW-08U7M-U hast du immer und \u00fcberall einen CD- und DVD-Player dabei. Schau dir unterwegs eine DVD auf deinem Ultrabook an, brenne die Urlaubsschnappsch\u00fcsse auf eine DVD und packe sie danach in deine Tasche. Mit diesem externen DVD-Brenner ist das Brennen einer DVD ein Kinderspiel. Verbinde dieses Modell mit dem USB-Anschluss deines Ultrabooks, ziehe die gew\u00fcnschten Dateien auf die DVD und der ASUS 08U7M erledigt den Rest. Du erh\u00e4ltst zwei kostenlose M-Discs zu deinem Kauf. M-Discs halten deutlich l\u00e4nger als normale DVDs. Das ist ideal, wenn du deine Fotos \u00fcber Jahre hinweg sicher aufbewahren willst.<\/p>\n","protected":false},"excerpt":{"rendered":"<p>Mit dem externen DVD-Brenner ASUS SDRW-08U7M-U hast du immer und \u00fcberall einen CD- und DVD-Player dabei. Schau dir unterwegs eine DVD auf deinem Ultrabook an, brenne die Urlaubsschnappsch\u00fcsse auf eine DVD und packe sie danach in deine Tasche. Mit diesem externen DVD-Brenner ist das Brennen einer DVD ein Kinderspiel. Verbinde dieses Modell mit dem USB-Anschluss deines Ultrabooks, ziehe die gew\u00fcnschten Dateien auf die DVD und der ASUS 08U7M erledigt den Rest. Du erh\u00e4ltst zwei kostenlose M-Discs zu deinem Kauf. M-Discs halten deutlich l\u00e4nger als normale DVDs. Das ist ideal, wenn du deine Fotos \u00fcber Jahre hinweg sicher aufbewahren willst.<\/p>\n","protected":false},"featured_media":0,"comment_status":"closed","ping_status":"open","template":"","meta":{"_acf_changed":false},"brand":[2088],"product_brand":[],"product_cat":[2089],"product_tag":[2090],"class_list":{"0":"post-71427","1":"product","2":"type-product","3":"status-publish","5":"brand-asus","6":"product_cat-optische-laufwerke","7":"product_tag-optische-drives","8":"pa_condition-new","9":"pa_coolblue-de-verzending-morgen-gratis-geliefert","10":"pa_ean-2086","11":"pa_mpn-90dd01x2-m29000","13":"first","14":"instock","15":"product-type-external"},"acf":[],"_links":{"self":[{"href":"https:\/\/onlinehardwareshop.de\/index.php\/wp-json\/wp\/v2\/product\/71427","targetHints":{"allow":["GET"]}}],"collection":[{"href":"https:\/\/onlinehardwareshop.de\/index.php\/wp-json\/wp\/v2\/product"}],"about":[{"href":"https:\/\/onlinehardwareshop.de\/index.php\/wp-json\/wp\/v2\/types\/product"}],"replies":[{"embeddable":true,"href":"https:\/\/onlinehardwareshop.de\/index.php\/wp-json\/wp\/v2\/comments?post=71427"}],"wp:attachment":[{"href":"https:\/\/onlinehardwareshop.de\/index.php\/wp-json\/wp\/v2\/media?parent=71427"}],"wp:term":[{"taxonomy":"brand","embeddable":true,"href":"https:\/\/onlinehardwareshop.de\/index.php\/wp-json\/wp\/v2\/brand?post=71427"},{"taxonomy":"product_brand","embeddable":true,"href":"https:\/\/onlinehardwareshop.de\/index.php\/wp-json\/wp\/v2\/product_brand?post=71427"},{"taxonomy":"product_cat","embeddable":true,"href":"https:\/\/onlinehardwareshop.de\/index.php\/wp-json\/wp\/v2\/product_cat?post=71427"},{"taxonomy":"product_tag","embeddable":true,"href":"https:\/\/onlinehardwareshop.de\/index.php\/wp-json\/wp\/v2\/product_tag?post=71427"}],"curies":[{"name":"wp","href":"https:\/\/api.w.org\/{rel}","templated":true}]}}