{"id":71420,"date":"2024-02-18T13:34:40","date_gmt":"2024-02-18T13:34:40","guid":{"rendered":"https:\/\/onlinehardwareshop.de\/index.php\/produkt\/princess-long-slot-toaster-2\/"},"modified":"2025-05-13T23:56:40","modified_gmt":"2025-05-13T23:56:40","slug":"princess-long-slot-toaster","status":"publish","type":"product","link":"https:\/\/onlinehardwareshop.de\/index.php\/produkt\/princess-long-slot-toaster\/","title":{"rendered":"Princess Long Slot Toaster"},"content":{"rendered":"<p>M\u00f6chtest du nicht nur Sandwiches, sondern auch Baguettes und Paninis r\u00f6sten? Dann w\u00e4hle den Princess Long Slot Toaster mit robustem Edelstahlgeh\u00e4use. Der hat n\u00e4mlich 1 langen Schlitz. Er hat sechs Br\u00e4unungsstufen und auch eine Aufw\u00e4rm- und Auftaufunktion. So hast du mehrere M\u00f6glichkeiten. Du brauchst dir keine Sorgen um verbrannte Brotscheiben zu machen, da diese von selbst ausgeworfen werden, wenn sie fertig sind. Und du hast nach dem Fr\u00fchst\u00fcck wenig zu putzen, denn das Kr\u00fcmelfach f\u00e4ngt alle Kr\u00fcmel ordentlich auf.<\/p>\n","protected":false},"excerpt":{"rendered":"<p>M\u00f6chtest du nicht nur Sandwiches, sondern auch Baguettes und Paninis r\u00f6sten? Dann w\u00e4hle den Princess Long Slot Toaster mit robustem Edelstahlgeh\u00e4use. Der hat n\u00e4mlich 1 langen Schlitz. Er hat sechs Br\u00e4unungsstufen und auch eine Aufw\u00e4rm- und Auftaufunktion. So hast du mehrere M\u00f6glichkeiten. Du brauchst dir keine Sorgen um verbrannte Brotscheiben zu machen, da diese von selbst ausgeworfen werden, wenn sie fertig sind. Und du hast nach dem Fr\u00fchst\u00fcck wenig zu putzen, denn das Kr\u00fcmelfach f\u00e4ngt alle Kr\u00fcmel ordentlich auf.<\/p>\n","protected":false},"featured_media":0,"comment_status":"closed","ping_status":"open","template":"","meta":{"_acf_changed":false},"brand":[1137],"product_brand":[],"product_cat":[283],"product_tag":[284],"class_list":{"0":"post-71420","1":"product","2":"type-product","3":"status-publish","5":"brand-princess","6":"product_cat-toaster","7":"product_tag-broodroosters","8":"pa_condition-new","9":"pa_coolblue-de-verzending-morgen-gratis-geliefert","10":"pa_ean-2062","11":"pa_mpn-01-142353-01-001","13":"first","14":"instock","15":"product-type-external"},"acf":[],"_links":{"self":[{"href":"https:\/\/onlinehardwareshop.de\/index.php\/wp-json\/wp\/v2\/product\/71420","targetHints":{"allow":["GET"]}}],"collection":[{"href":"https:\/\/onlinehardwareshop.de\/index.php\/wp-json\/wp\/v2\/product"}],"about":[{"href":"https:\/\/onlinehardwareshop.de\/index.php\/wp-json\/wp\/v2\/types\/product"}],"replies":[{"embeddable":true,"href":"https:\/\/onlinehardwareshop.de\/index.php\/wp-json\/wp\/v2\/comments?post=71420"}],"wp:attachment":[{"href":"https:\/\/onlinehardwareshop.de\/index.php\/wp-json\/wp\/v2\/media?parent=71420"}],"wp:term":[{"taxonomy":"brand","embeddable":true,"href":"https:\/\/onlinehardwareshop.de\/index.php\/wp-json\/wp\/v2\/brand?post=71420"},{"taxonomy":"product_brand","embeddable":true,"href":"https:\/\/onlinehardwareshop.de\/index.php\/wp-json\/wp\/v2\/product_brand?post=71420"},{"taxonomy":"product_cat","embeddable":true,"href":"https:\/\/onlinehardwareshop.de\/index.php\/wp-json\/wp\/v2\/product_cat?post=71420"},{"taxonomy":"product_tag","embeddable":true,"href":"https:\/\/onlinehardwareshop.de\/index.php\/wp-json\/wp\/v2\/product_tag?post=71420"}],"curies":[{"name":"wp","href":"https:\/\/api.w.org\/{rel}","templated":true}]}}