{"id":71409,"date":"2024-08-05T09:49:16","date_gmt":"2024-08-05T09:49:16","guid":{"rendered":"https:\/\/onlinehardwareshop.de\/index.php\/produkt\/einhell-te-ap-18-22-li-solo-ohne-akku-2\/"},"modified":"2025-05-13T23:55:44","modified_gmt":"2025-05-13T23:55:44","slug":"einhell-te-ap-18-22-li-solo-ohne-akku","status":"publish","type":"product","link":"https:\/\/onlinehardwareshop.de\/index.php\/produkt\/einhell-te-ap-18-22-li-solo-ohne-akku\/","title":{"rendered":"Einhell TE-AP 18\/22 Li Solo (ohne Akku)"},"content":{"rendered":"<p>Mit der Einhell TE-AP 18\/22 Li Solo (ohne Akku) arbeitest du lange Zeit durch. Die S\u00e4bels\u00e4ge wiegt 1,6 Kilogramm und ist kleiner als die meisten S\u00e4bels\u00e4gen. Zudem arbeitest du kabellos, weil die S\u00e4ge mit einem Akku funktioniert (wird nicht mitgeliefert). Du s\u00e4gst damit Holzbretter mit einer Dicke von maximal 100 Millimetern und Metall mit einer Dicke von maximal 6 Millimetern. Brauchst du ein neues S\u00e4geblatt? Dann ersetzt du das alte schnell und ohne zus\u00e4tzliches Werkzeug durch ein neues. Die S\u00e4bels\u00e4ge ist Teil des Akkusystems Einhell Power-X-Change 18V. Besitzt du bereits einen Akku dieses Systems? Dann verwendest du es auch in dieser S\u00e4bels\u00e4ge.<\/p>\n","protected":false},"excerpt":{"rendered":"<p>Mit der Einhell TE-AP 18\/22 Li Solo (ohne Akku) arbeitest du lange Zeit durch. Die S\u00e4bels\u00e4ge wiegt 1,6 Kilogramm und ist kleiner als die meisten S\u00e4bels\u00e4gen. Zudem arbeitest du kabellos, weil die S\u00e4ge mit einem Akku funktioniert (wird nicht mitgeliefert). Du s\u00e4gst damit Holzbretter mit einer Dicke von maximal 100 Millimetern und Metall mit einer Dicke von maximal 6 Millimetern. Brauchst du ein neues S\u00e4geblatt? Dann ersetzt du das alte schnell und ohne zus\u00e4tzliches Werkzeug durch ein neues. Die S\u00e4bels\u00e4ge ist Teil des Akkusystems Einhell Power-X-Change 18V. Besitzt du bereits einen Akku dieses Systems? Dann verwendest du es auch in dieser S\u00e4bels\u00e4ge.<\/p>\n","protected":false},"featured_media":0,"comment_status":"closed","ping_status":"open","template":"","meta":{"_acf_changed":false},"brand":[1564],"product_brand":[],"product_cat":[585],"product_tag":[2028],"class_list":{"0":"post-71409","1":"product","2":"type-product","3":"status-publish","5":"brand-einhell","6":"product_cat-sbelsgen","7":"product_tag-accu-reciprozagen","8":"pa_condition-new","9":"pa_coolblue-de-verzending-morgen-gratis-geliefert","10":"pa_ean-2026","11":"pa_mpn-2027","13":"first","14":"instock","15":"product-type-external"},"acf":[],"_links":{"self":[{"href":"https:\/\/onlinehardwareshop.de\/index.php\/wp-json\/wp\/v2\/product\/71409","targetHints":{"allow":["GET"]}}],"collection":[{"href":"https:\/\/onlinehardwareshop.de\/index.php\/wp-json\/wp\/v2\/product"}],"about":[{"href":"https:\/\/onlinehardwareshop.de\/index.php\/wp-json\/wp\/v2\/types\/product"}],"replies":[{"embeddable":true,"href":"https:\/\/onlinehardwareshop.de\/index.php\/wp-json\/wp\/v2\/comments?post=71409"}],"wp:attachment":[{"href":"https:\/\/onlinehardwareshop.de\/index.php\/wp-json\/wp\/v2\/media?parent=71409"}],"wp:term":[{"taxonomy":"brand","embeddable":true,"href":"https:\/\/onlinehardwareshop.de\/index.php\/wp-json\/wp\/v2\/brand?post=71409"},{"taxonomy":"product_brand","embeddable":true,"href":"https:\/\/onlinehardwareshop.de\/index.php\/wp-json\/wp\/v2\/product_brand?post=71409"},{"taxonomy":"product_cat","embeddable":true,"href":"https:\/\/onlinehardwareshop.de\/index.php\/wp-json\/wp\/v2\/product_cat?post=71409"},{"taxonomy":"product_tag","embeddable":true,"href":"https:\/\/onlinehardwareshop.de\/index.php\/wp-json\/wp\/v2\/product_tag?post=71409"}],"curies":[{"name":"wp","href":"https:\/\/api.w.org\/{rel}","templated":true}]}}