{"id":71403,"date":"2024-11-03T09:45:40","date_gmt":"2024-11-03T09:45:40","guid":{"rendered":"https:\/\/onlinehardwareshop.de\/index.php\/produkt\/vortex-crossfire-hd-12x50-2\/"},"modified":"2025-05-13T23:55:15","modified_gmt":"2025-05-13T23:55:15","slug":"vortex-crossfire-hd-12x50","status":"publish","type":"product","link":"https:\/\/onlinehardwareshop.de\/index.php\/produkt\/vortex-crossfire-hd-12x50\/","title":{"rendered":"Vortex Crossfire HD 12&#215;50"},"content":{"rendered":"<p>Das Vortex Crossfire HD 12&#215;50 Dachprismenfernglas ist f\u00fcr Vogelbeobachter, Reisende und J\u00e4ger geeignet. Das Modell verf\u00fcgt \u00fcber ein optisches HD-System und die Linsen haben eine spezielle Beschichtung. Diese sorgt f\u00fcr klare und scharfe Bilder. Mit der 12-fachen Vergr\u00f6\u00dferung bekommst du Motive in der Ferne nahe heran. Du kannst Tiere in einer Entfernung von 1000 Metern mit einem Sichtfeld von 83,2 Metern sehen. Das Fernglas hat einen D\u00e4mmerungsfaktor von 24,5, sodass du trinkende Elefanten auch im Dunkeln beobachten kannst. Wenn du lieber die Fu\u00dfabdr\u00fccke von Tieren sehen m\u00f6chtest, die n\u00e4her waren, kannst du aus 2,9 Metern Entfernung darauf fokussieren. Dank des Gummimaterials rutscht das Crossfire 12&#215;50 bei Regen nicht aus deinen H\u00e4nden.<\/p>\n","protected":false},"excerpt":{"rendered":"<p>Das Vortex Crossfire HD 12&#215;50 Dachprismenfernglas ist f\u00fcr Vogelbeobachter, Reisende und J\u00e4ger geeignet. Das Modell verf\u00fcgt \u00fcber ein optisches HD-System und die Linsen haben eine spezielle Beschichtung. Diese sorgt f\u00fcr klare und scharfe Bilder. Mit der 12-fachen Vergr\u00f6\u00dferung bekommst du Motive in der Ferne nahe heran. Du kannst Tiere in einer Entfernung von 1000 Metern mit einem Sichtfeld von 83,2 Metern sehen. Das Fernglas hat einen D\u00e4mmerungsfaktor von 24,5, sodass du trinkende Elefanten auch im Dunkeln beobachten kannst. Wenn du lieber die Fu\u00dfabdr\u00fccke von Tieren sehen m\u00f6chtest, die n\u00e4her waren, kannst du aus 2,9 Metern Entfernung darauf fokussieren. Dank des Gummimaterials rutscht das Crossfire 12&#215;50 bei Regen nicht aus deinen H\u00e4nden.<\/p>\n","protected":false},"featured_media":0,"comment_status":"closed","ping_status":"open","template":"","meta":{"_acf_changed":false},"brand":[447],"product_brand":[],"product_cat":[448],"product_tag":[1304],"class_list":{"0":"post-71403","1":"product","2":"type-product","3":"status-publish","5":"brand-vortex","6":"product_cat-fernglser","7":"product_tag-dakkant-verrekijkers","8":"pa_condition-new","9":"pa_coolblue-de-verzending-morgen-gratis-geliefert","10":"pa_ean-32661","11":"pa_mpn-cf-4314","13":"first","14":"instock","15":"product-type-external"},"acf":[],"_links":{"self":[{"href":"https:\/\/onlinehardwareshop.de\/index.php\/wp-json\/wp\/v2\/product\/71403","targetHints":{"allow":["GET"]}}],"collection":[{"href":"https:\/\/onlinehardwareshop.de\/index.php\/wp-json\/wp\/v2\/product"}],"about":[{"href":"https:\/\/onlinehardwareshop.de\/index.php\/wp-json\/wp\/v2\/types\/product"}],"replies":[{"embeddable":true,"href":"https:\/\/onlinehardwareshop.de\/index.php\/wp-json\/wp\/v2\/comments?post=71403"}],"wp:attachment":[{"href":"https:\/\/onlinehardwareshop.de\/index.php\/wp-json\/wp\/v2\/media?parent=71403"}],"wp:term":[{"taxonomy":"brand","embeddable":true,"href":"https:\/\/onlinehardwareshop.de\/index.php\/wp-json\/wp\/v2\/brand?post=71403"},{"taxonomy":"product_brand","embeddable":true,"href":"https:\/\/onlinehardwareshop.de\/index.php\/wp-json\/wp\/v2\/product_brand?post=71403"},{"taxonomy":"product_cat","embeddable":true,"href":"https:\/\/onlinehardwareshop.de\/index.php\/wp-json\/wp\/v2\/product_cat?post=71403"},{"taxonomy":"product_tag","embeddable":true,"href":"https:\/\/onlinehardwareshop.de\/index.php\/wp-json\/wp\/v2\/product_tag?post=71403"}],"curies":[{"name":"wp","href":"https:\/\/api.w.org\/{rel}","templated":true}]}}