{"id":71387,"date":"2025-05-11T10:25:12","date_gmt":"2025-05-11T10:25:12","guid":{"rendered":"https:\/\/onlinehardwareshop.de\/index.php\/produkt\/logitech-c920-hd-pro-webcam-2\/"},"modified":"2025-05-13T23:53:42","modified_gmt":"2025-05-13T23:53:42","slug":"logitech-c920-hd-pro-webcam","status":"publish","type":"product","link":"https:\/\/onlinehardwareshop.de\/index.php\/produkt\/logitech-c920-hd-pro-webcam\/","title":{"rendered":"Logitech C920 HD Pro Webcam"},"content":{"rendered":"<p>Mit der Logitech C920 HD Pro kannst du online Gespr\u00e4che f\u00fchren und Videos in Full-HD-Qualit\u00e4t erstellen. Nimm ein YouTube-Video in deinem Zimmer auf, f\u00fchre ein Skype-Gespr\u00e4ch mit deiner reiselustigen Freundin in Neuseeland und mache mit dieser Webcam 2-MP-Fotos. Dein Bild erscheint nie unscharf, da diese Kamera einen Autofokus hat. Die zwei integrierten Stereomikrofone sorgen daf\u00fcr, dass du w\u00e4hrend eines Videoanrufs oder einer Aufnahme immer deutlich zu h\u00f6ren bist. Mit dem Universalclip kannst du diese Logitech C920 auf einem Stativ, deinem Laptop oder Computerbildschirm befestigen.<\/p>\n","protected":false},"excerpt":{"rendered":"<p>Mit der Logitech C920 HD Pro kannst du online Gespr\u00e4che f\u00fchren und Videos in Full-HD-Qualit\u00e4t erstellen. Nimm ein YouTube-Video in deinem Zimmer auf, f\u00fchre ein Skype-Gespr\u00e4ch mit deiner reiselustigen Freundin in Neuseeland und mache mit dieser Webcam 2-MP-Fotos. Dein Bild erscheint nie unscharf, da diese Kamera einen Autofokus hat. Die zwei integrierten Stereomikrofone sorgen daf\u00fcr, dass du w\u00e4hrend eines Videoanrufs oder einer Aufnahme immer deutlich zu h\u00f6ren bist. Mit dem Universalclip kannst du diese Logitech C920 auf einem Stativ, deinem Laptop oder Computerbildschirm befestigen.<\/p>\n","protected":false},"featured_media":0,"comment_status":"closed","ping_status":"open","template":"","meta":{"_acf_changed":false},"brand":[32],"product_brand":[],"product_cat":[999],"product_tag":[1000],"class_list":{"0":"post-71387","1":"product","2":"type-product","3":"status-publish","5":"brand-logitech","6":"product_cat-webcams","7":"product_tag-webcams","8":"pa_condition-new","9":"pa_coolblue-de-verzending-morgen-gratis-geliefert","10":"pa_ean-1979","11":"pa_mpn-960-001055","13":"first","14":"instock","15":"product-type-external"},"acf":[],"_links":{"self":[{"href":"https:\/\/onlinehardwareshop.de\/index.php\/wp-json\/wp\/v2\/product\/71387","targetHints":{"allow":["GET"]}}],"collection":[{"href":"https:\/\/onlinehardwareshop.de\/index.php\/wp-json\/wp\/v2\/product"}],"about":[{"href":"https:\/\/onlinehardwareshop.de\/index.php\/wp-json\/wp\/v2\/types\/product"}],"replies":[{"embeddable":true,"href":"https:\/\/onlinehardwareshop.de\/index.php\/wp-json\/wp\/v2\/comments?post=71387"}],"wp:attachment":[{"href":"https:\/\/onlinehardwareshop.de\/index.php\/wp-json\/wp\/v2\/media?parent=71387"}],"wp:term":[{"taxonomy":"brand","embeddable":true,"href":"https:\/\/onlinehardwareshop.de\/index.php\/wp-json\/wp\/v2\/brand?post=71387"},{"taxonomy":"product_brand","embeddable":true,"href":"https:\/\/onlinehardwareshop.de\/index.php\/wp-json\/wp\/v2\/product_brand?post=71387"},{"taxonomy":"product_cat","embeddable":true,"href":"https:\/\/onlinehardwareshop.de\/index.php\/wp-json\/wp\/v2\/product_cat?post=71387"},{"taxonomy":"product_tag","embeddable":true,"href":"https:\/\/onlinehardwareshop.de\/index.php\/wp-json\/wp\/v2\/product_tag?post=71387"}],"curies":[{"name":"wp","href":"https:\/\/api.w.org\/{rel}","templated":true}]}}