{"id":71378,"date":"2024-12-13T06:45:41","date_gmt":"2024-12-13T06:45:41","guid":{"rendered":"https:\/\/onlinehardwareshop.de\/index.php\/produkt\/bresser-junior-stereo-mikroskop-20x-2\/"},"modified":"2025-05-13T23:53:03","modified_gmt":"2025-05-13T23:53:03","slug":"bresser-junior-stereo-mikroskop-20x","status":"publish","type":"product","link":"https:\/\/onlinehardwareshop.de\/index.php\/produkt\/bresser-junior-stereo-mikroskop-20x\/","title":{"rendered":"Bresser Junior Stereo Mikroskop 20x"},"content":{"rendered":"<p>Das Bresser Junior Stereo Mikroskop 20x eignet sich f\u00fcr Kinder ab 6 Jahren. Mit diesem Auflichtmikroskop vergr\u00f6\u00dferst du Objekte, die du in der Natur findest, bis zu 20fach. Brauchst du extra Licht, dann schaltest du die Leuchte schr\u00e4g unter der Linse an. So siehst du dein Objekt unter allen Beleuchtungsumst\u00e4nden. Das Mikroskop hat 2 Okulare, so dass du dein Objekt mit beiden Augen und mehr Tiefe siehst. Oder du schaust dir die M\u00fcnzen und Minerale mit einem Freund an.<\/p>\n","protected":false},"excerpt":{"rendered":"<p>Das Bresser Junior Stereo Mikroskop 20x eignet sich f\u00fcr Kinder ab 6 Jahren. Mit diesem Auflichtmikroskop vergr\u00f6\u00dferst du Objekte, die du in der Natur findest, bis zu 20fach. Brauchst du extra Licht, dann schaltest du die Leuchte schr\u00e4g unter der Linse an. So siehst du dein Objekt unter allen Beleuchtungsumst\u00e4nden. Das Mikroskop hat 2 Okulare, so dass du dein Objekt mit beiden Augen und mehr Tiefe siehst. Oder du schaust dir die M\u00fcnzen und Minerale mit einem Freund an.<\/p>\n","protected":false},"featured_media":0,"comment_status":"closed","ping_status":"open","template":"","meta":{"_acf_changed":false},"brand":[1958],"product_brand":[],"product_cat":[1959],"product_tag":[1960],"class_list":{"0":"post-71378","1":"product","2":"type-product","3":"status-publish","5":"brand-bresser","6":"product_cat-mikroskope","7":"product_tag-microscopen","8":"pa_condition-new","9":"pa_coolblue-de-verzending-morgen-gratis-geliefert","10":"pa_ean-1961","11":"pa_mpn-1962","13":"first","14":"instock","15":"product-type-external"},"acf":[],"_links":{"self":[{"href":"https:\/\/onlinehardwareshop.de\/index.php\/wp-json\/wp\/v2\/product\/71378","targetHints":{"allow":["GET"]}}],"collection":[{"href":"https:\/\/onlinehardwareshop.de\/index.php\/wp-json\/wp\/v2\/product"}],"about":[{"href":"https:\/\/onlinehardwareshop.de\/index.php\/wp-json\/wp\/v2\/types\/product"}],"replies":[{"embeddable":true,"href":"https:\/\/onlinehardwareshop.de\/index.php\/wp-json\/wp\/v2\/comments?post=71378"}],"wp:attachment":[{"href":"https:\/\/onlinehardwareshop.de\/index.php\/wp-json\/wp\/v2\/media?parent=71378"}],"wp:term":[{"taxonomy":"brand","embeddable":true,"href":"https:\/\/onlinehardwareshop.de\/index.php\/wp-json\/wp\/v2\/brand?post=71378"},{"taxonomy":"product_brand","embeddable":true,"href":"https:\/\/onlinehardwareshop.de\/index.php\/wp-json\/wp\/v2\/product_brand?post=71378"},{"taxonomy":"product_cat","embeddable":true,"href":"https:\/\/onlinehardwareshop.de\/index.php\/wp-json\/wp\/v2\/product_cat?post=71378"},{"taxonomy":"product_tag","embeddable":true,"href":"https:\/\/onlinehardwareshop.de\/index.php\/wp-json\/wp\/v2\/product_tag?post=71378"}],"curies":[{"name":"wp","href":"https:\/\/api.w.org\/{rel}","templated":true}]}}