{"id":71377,"date":"2024-01-30T15:05:42","date_gmt":"2024-01-30T15:05:42","guid":{"rendered":"https:\/\/onlinehardwareshop.de\/index.php\/produkt\/national-geographic-20-60x60-spektiv-2\/"},"modified":"2025-05-13T23:52:54","modified_gmt":"2025-05-13T23:52:54","slug":"national-geographic-20-60x60-spektiv","status":"publish","type":"product","link":"https:\/\/onlinehardwareshop.de\/index.php\/produkt\/national-geographic-20-60x60-spektiv\/","title":{"rendered":"National Geographic 20-60&#215;60 Spektiv"},"content":{"rendered":"<p>Mit dem National Geographic 20-60&#215;60 Spektiv beobachtest du weit entfernte Objekte. Die Vergr\u00f6\u00dferung dieses Fernglases l\u00e4sst sich stufenlos von 20- bis 60fach einstellen. Bei der maximalen Vergr\u00f6\u00dferung scheint ein 300 m entferntes Objekt nur noch 5 Meter von dir entfernt zu sein. So beobachtest du V\u00f6gel und andere Tiere von ganz nah. Das Geh\u00e4use des Fernglases kann um seine Achse rotieren, so dass du aus jeder Position durch das Okular schauen kannst. Dank des mitgelieferten Stativs steht dieses Fernglas bei starker Vergr\u00f6\u00dferung stabil. Dadurch beeintr\u00e4chtigen keine Vibrationen deine Sicht.<\/p>\n","protected":false},"excerpt":{"rendered":"<p>Mit dem National Geographic 20-60&#215;60 Spektiv beobachtest du weit entfernte Objekte. Die Vergr\u00f6\u00dferung dieses Fernglases l\u00e4sst sich stufenlos von 20- bis 60fach einstellen. Bei der maximalen Vergr\u00f6\u00dferung scheint ein 300 m entferntes Objekt nur noch 5 Meter von dir entfernt zu sein. So beobachtest du V\u00f6gel und andere Tiere von ganz nah. Das Geh\u00e4use des Fernglases kann um seine Achse rotieren, so dass du aus jeder Position durch das Okular schauen kannst. Dank des mitgelieferten Stativs steht dieses Fernglas bei starker Vergr\u00f6\u00dferung stabil. Dadurch beeintr\u00e4chtigen keine Vibrationen deine Sicht.<\/p>\n","protected":false},"featured_media":0,"comment_status":"closed","ping_status":"open","template":"","meta":{"_acf_changed":false},"brand":[2709],"product_brand":[],"product_cat":[27899],"product_tag":[27900],"class_list":{"0":"post-71377","1":"product","2":"type-product","3":"status-publish","5":"brand-national-geographic","6":"product_cat-spektive","7":"product_tag-spotting-scopes","8":"pa_condition-new","9":"pa_coolblue-de-verzending-morgen-gratis-geliefert","10":"pa_ean-27897","11":"pa_mpn-27898","13":"first","14":"instock","15":"product-type-external"},"acf":[],"_links":{"self":[{"href":"https:\/\/onlinehardwareshop.de\/index.php\/wp-json\/wp\/v2\/product\/71377","targetHints":{"allow":["GET"]}}],"collection":[{"href":"https:\/\/onlinehardwareshop.de\/index.php\/wp-json\/wp\/v2\/product"}],"about":[{"href":"https:\/\/onlinehardwareshop.de\/index.php\/wp-json\/wp\/v2\/types\/product"}],"replies":[{"embeddable":true,"href":"https:\/\/onlinehardwareshop.de\/index.php\/wp-json\/wp\/v2\/comments?post=71377"}],"wp:attachment":[{"href":"https:\/\/onlinehardwareshop.de\/index.php\/wp-json\/wp\/v2\/media?parent=71377"}],"wp:term":[{"taxonomy":"brand","embeddable":true,"href":"https:\/\/onlinehardwareshop.de\/index.php\/wp-json\/wp\/v2\/brand?post=71377"},{"taxonomy":"product_brand","embeddable":true,"href":"https:\/\/onlinehardwareshop.de\/index.php\/wp-json\/wp\/v2\/product_brand?post=71377"},{"taxonomy":"product_cat","embeddable":true,"href":"https:\/\/onlinehardwareshop.de\/index.php\/wp-json\/wp\/v2\/product_cat?post=71377"},{"taxonomy":"product_tag","embeddable":true,"href":"https:\/\/onlinehardwareshop.de\/index.php\/wp-json\/wp\/v2\/product_tag?post=71377"}],"curies":[{"name":"wp","href":"https:\/\/api.w.org\/{rel}","templated":true}]}}