{"id":71364,"date":"2024-10-27T15:30:40","date_gmt":"2024-10-27T15:30:40","guid":{"rendered":"https:\/\/onlinehardwareshop.de\/index.php\/produkt\/alecto-ws-2300-2\/"},"modified":"2025-05-13T23:51:58","modified_gmt":"2025-05-13T23:51:58","slug":"alecto-ws-2300","status":"publish","type":"product","link":"https:\/\/onlinehardwareshop.de\/index.php\/produkt\/alecto-ws-2300\/","title":{"rendered":"Alecto WS-2300"},"content":{"rendered":"<p>Wenn du morgens keine Zeit hast, um den Wetterbericht zu schauen, dann sieh schnell auf deiner Wetterstation Alecto WS-2300 nach. Den kabellosen Sensor h\u00e4ngst du einfach im Freien auf und schon verf\u00fcgst du \u00fcber verschiedene Messwerte wie Temperatur und Luftfeuchtigkeit. Die Hauptstation stellst du an einem Ort deiner Wahl auf, beispielsweise neben deinem Bett. Dank des besonders gro\u00dfen Displays kannst du morgens mit noch verschlafenen Augen direkt das Wetter ablesen.<\/p>\n","protected":false},"excerpt":{"rendered":"<p>Wenn du morgens keine Zeit hast, um den Wetterbericht zu schauen, dann sieh schnell auf deiner Wetterstation Alecto WS-2300 nach. Den kabellosen Sensor h\u00e4ngst du einfach im Freien auf und schon verf\u00fcgst du \u00fcber verschiedene Messwerte wie Temperatur und Luftfeuchtigkeit. Die Hauptstation stellst du an einem Ort deiner Wahl auf, beispielsweise neben deinem Bett. Dank des besonders gro\u00dfen Displays kannst du morgens mit noch verschlafenen Augen direkt das Wetter ablesen.<\/p>\n","protected":false},"featured_media":0,"comment_status":"closed","ping_status":"open","template":"","meta":{"_acf_changed":false},"brand":[1926],"product_brand":[],"product_cat":[846],"product_tag":[847],"class_list":{"0":"post-71364","1":"product","2":"type-product","3":"status-publish","5":"brand-alecto","6":"product_cat-wetterstationen","7":"product_tag-weerstations","8":"pa_condition-new","9":"pa_coolblue-de-verzending-morgen-gratis-geliefert","10":"pa_ean-1924","11":"pa_mpn-ws-2300","13":"first","14":"instock","15":"product-type-external"},"acf":[],"_links":{"self":[{"href":"https:\/\/onlinehardwareshop.de\/index.php\/wp-json\/wp\/v2\/product\/71364","targetHints":{"allow":["GET"]}}],"collection":[{"href":"https:\/\/onlinehardwareshop.de\/index.php\/wp-json\/wp\/v2\/product"}],"about":[{"href":"https:\/\/onlinehardwareshop.de\/index.php\/wp-json\/wp\/v2\/types\/product"}],"replies":[{"embeddable":true,"href":"https:\/\/onlinehardwareshop.de\/index.php\/wp-json\/wp\/v2\/comments?post=71364"}],"wp:attachment":[{"href":"https:\/\/onlinehardwareshop.de\/index.php\/wp-json\/wp\/v2\/media?parent=71364"}],"wp:term":[{"taxonomy":"brand","embeddable":true,"href":"https:\/\/onlinehardwareshop.de\/index.php\/wp-json\/wp\/v2\/brand?post=71364"},{"taxonomy":"product_brand","embeddable":true,"href":"https:\/\/onlinehardwareshop.de\/index.php\/wp-json\/wp\/v2\/product_brand?post=71364"},{"taxonomy":"product_cat","embeddable":true,"href":"https:\/\/onlinehardwareshop.de\/index.php\/wp-json\/wp\/v2\/product_cat?post=71364"},{"taxonomy":"product_tag","embeddable":true,"href":"https:\/\/onlinehardwareshop.de\/index.php\/wp-json\/wp\/v2\/product_tag?post=71364"}],"curies":[{"name":"wp","href":"https:\/\/api.w.org\/{rel}","templated":true}]}}