{"id":71340,"date":"2024-12-28T03:58:45","date_gmt":"2024-12-28T03:58:45","guid":{"rendered":"https:\/\/onlinehardwareshop.de\/index.php\/produkt\/krcher-teppichreiniger-rm-519-flssig-1-l-2\/"},"modified":"2025-05-13T23:49:59","modified_gmt":"2025-05-13T23:49:59","slug":"krcher-teppichreiniger-rm-519-flssig-1-l","status":"publish","type":"product","link":"https:\/\/onlinehardwareshop.de\/index.php\/produkt\/krcher-teppichreiniger-rm-519-flssig-1-l\/","title":{"rendered":"K&#xE4;rcher Teppichreiniger RM 519 Fl&#xFC;ssig 1 L"},"content":{"rendered":"<p>Der K\u00e4rcher Teppichreiniger RM 519 Liquid 1 Liter ist f\u00fcr die K\u00e4rcher Spr\u00fchextraktionsreiniger geeignet. Das Reinigungsmittel wird f\u00fcr Teppiche, Fu\u00dfmatten, Stoffbez\u00fcge und Autositze verwendet.Verwende den Karcher Teppichreiniger in Kombination mit dem Karcher SE 4001, SE 5100 und SE 6100.<\/p>\n","protected":false},"excerpt":{"rendered":"<p>Der K\u00e4rcher Teppichreiniger RM 519 Liquid 1 Liter ist f\u00fcr die K\u00e4rcher Spr\u00fchextraktionsreiniger geeignet. Das Reinigungsmittel wird f\u00fcr Teppiche, Fu\u00dfmatten, Stoffbez\u00fcge und Autositze verwendet.Verwende den Karcher Teppichreiniger in Kombination mit dem Karcher SE 4001, SE 5100 und SE 6100.<\/p>\n","protected":false},"featured_media":0,"comment_status":"closed","ping_status":"open","template":"","meta":{"_acf_changed":false},"brand":[294],"product_brand":[],"product_cat":[1858],"product_tag":[1859],"class_list":{"0":"post-71340","1":"product","2":"type-product","3":"status-publish","5":"brand-karcher","6":"product_cat-reinigungsmittel-fr-teppich-und-textilien","7":"product_tag-schoonmaakmiddel-voor-tapijt-en-textiel","8":"pa_condition-new","9":"pa_coolblue-de-verzending-morgen-gratis-geliefert","10":"pa_ean-1856","11":"pa_mpn-carpet-cleaner-rm-519","13":"first","14":"instock","15":"product-type-external"},"acf":[],"_links":{"self":[{"href":"https:\/\/onlinehardwareshop.de\/index.php\/wp-json\/wp\/v2\/product\/71340","targetHints":{"allow":["GET"]}}],"collection":[{"href":"https:\/\/onlinehardwareshop.de\/index.php\/wp-json\/wp\/v2\/product"}],"about":[{"href":"https:\/\/onlinehardwareshop.de\/index.php\/wp-json\/wp\/v2\/types\/product"}],"replies":[{"embeddable":true,"href":"https:\/\/onlinehardwareshop.de\/index.php\/wp-json\/wp\/v2\/comments?post=71340"}],"wp:attachment":[{"href":"https:\/\/onlinehardwareshop.de\/index.php\/wp-json\/wp\/v2\/media?parent=71340"}],"wp:term":[{"taxonomy":"brand","embeddable":true,"href":"https:\/\/onlinehardwareshop.de\/index.php\/wp-json\/wp\/v2\/brand?post=71340"},{"taxonomy":"product_brand","embeddable":true,"href":"https:\/\/onlinehardwareshop.de\/index.php\/wp-json\/wp\/v2\/product_brand?post=71340"},{"taxonomy":"product_cat","embeddable":true,"href":"https:\/\/onlinehardwareshop.de\/index.php\/wp-json\/wp\/v2\/product_cat?post=71340"},{"taxonomy":"product_tag","embeddable":true,"href":"https:\/\/onlinehardwareshop.de\/index.php\/wp-json\/wp\/v2\/product_tag?post=71340"}],"curies":[{"name":"wp","href":"https:\/\/api.w.org\/{rel}","templated":true}]}}