{"id":71328,"date":"2024-01-01T13:58:26","date_gmt":"2024-01-01T13:58:26","guid":{"rendered":"https:\/\/onlinehardwareshop.de\/index.php\/produkt\/oehlbach-nf-subwooferkabel-2-meter-2\/"},"modified":"2025-05-13T23:49:04","modified_gmt":"2025-05-13T23:49:04","slug":"oehlbach-nf-subwooferkabel-2-meter","status":"publish","type":"product","link":"https:\/\/onlinehardwareshop.de\/index.php\/produkt\/oehlbach-nf-subwooferkabel-2-meter\/","title":{"rendered":"Oehlbach NF Subwooferkabel 2 Meter"},"content":{"rendered":"<p>Mit dem Oehlbach NF Subwoofer-Kabel schlie\u00dft du einen aktiven Subwoofer an einen Receiver oder Verst\u00e4rker an. Durch den gro\u00dfen Durchmesser des internen Leiters und die Koaxial-Konstruktion eignet sich dieses Kabel f\u00fcr die \u00dcbertragung tiefer T\u00f6ne. Der interne Leiter besteht aus sauerstofffreiem Kupfer f\u00fcr eine exakte Signal\u00fcbertragung. So klingt ein Drumsolo, als w\u00e4rest du in einem Konzertsaal, und erlebst du den Soundtrack eines Films wie im gro\u00dfen Kino.<\/p>\n","protected":false},"excerpt":{"rendered":"<p>Mit dem Oehlbach NF Subwoofer-Kabel schlie\u00dft du einen aktiven Subwoofer an einen Receiver oder Verst\u00e4rker an. Durch den gro\u00dfen Durchmesser des internen Leiters und die Koaxial-Konstruktion eignet sich dieses Kabel f\u00fcr die \u00dcbertragung tiefer T\u00f6ne. Der interne Leiter besteht aus sauerstofffreiem Kupfer f\u00fcr eine exakte Signal\u00fcbertragung. So klingt ein Drumsolo, als w\u00e4rest du in einem Konzertsaal, und erlebst du den Soundtrack eines Films wie im gro\u00dfen Kino.<\/p>\n","protected":false},"featured_media":0,"comment_status":"closed","ping_status":"open","template":"","meta":{"_acf_changed":false},"brand":[850],"product_brand":[],"product_cat":[1804],"product_tag":[1805],"class_list":{"0":"post-71328","1":"product","2":"type-product","3":"status-publish","5":"brand-oehlbach","6":"product_cat-av-kabel","7":"product_tag-kabels-overig","8":"pa_condition-new","9":"pa_coolblue-de-verzending-morgen-gratis-geliefert","10":"pa_ean-1802","11":"pa_mpn-d1c20532","13":"first","14":"instock","15":"product-type-external"},"acf":[],"_links":{"self":[{"href":"https:\/\/onlinehardwareshop.de\/index.php\/wp-json\/wp\/v2\/product\/71328","targetHints":{"allow":["GET"]}}],"collection":[{"href":"https:\/\/onlinehardwareshop.de\/index.php\/wp-json\/wp\/v2\/product"}],"about":[{"href":"https:\/\/onlinehardwareshop.de\/index.php\/wp-json\/wp\/v2\/types\/product"}],"replies":[{"embeddable":true,"href":"https:\/\/onlinehardwareshop.de\/index.php\/wp-json\/wp\/v2\/comments?post=71328"}],"wp:attachment":[{"href":"https:\/\/onlinehardwareshop.de\/index.php\/wp-json\/wp\/v2\/media?parent=71328"}],"wp:term":[{"taxonomy":"brand","embeddable":true,"href":"https:\/\/onlinehardwareshop.de\/index.php\/wp-json\/wp\/v2\/brand?post=71328"},{"taxonomy":"product_brand","embeddable":true,"href":"https:\/\/onlinehardwareshop.de\/index.php\/wp-json\/wp\/v2\/product_brand?post=71328"},{"taxonomy":"product_cat","embeddable":true,"href":"https:\/\/onlinehardwareshop.de\/index.php\/wp-json\/wp\/v2\/product_cat?post=71328"},{"taxonomy":"product_tag","embeddable":true,"href":"https:\/\/onlinehardwareshop.de\/index.php\/wp-json\/wp\/v2\/product_tag?post=71328"}],"curies":[{"name":"wp","href":"https:\/\/api.w.org\/{rel}","templated":true}]}}