{"id":71322,"date":"2024-05-23T17:23:42","date_gmt":"2024-05-23T17:23:42","guid":{"rendered":"https:\/\/onlinehardwareshop.de\/index.php\/produkt\/demeyere-proline-7-bratpfanne-20cm-2\/"},"modified":"2025-05-13T23:48:39","modified_gmt":"2025-05-13T23:48:39","slug":"demeyere-proline-7-bratpfanne-20cm","status":"publish","type":"product","link":"https:\/\/onlinehardwareshop.de\/index.php\/produkt\/demeyere-proline-7-bratpfanne-20cm\/","title":{"rendered":"Demeyere Proline 7 Bratpfanne 20&#xA0;cm"},"content":{"rendered":"<p>Die Demeyere Proline 7 Bratpfanne 20\u00a0cm garantiert komfortables Braten. Sie hat die optimale Gr\u00f6\u00dfe f\u00fcr ein kleines St\u00fcck Fleisch oder Bratkartoffeln f\u00fcr ein bis zwei Personen. Der Boden besteht aus sieben Schichten, die sich bis zum Rand erstrecken. Das sorgt f\u00fcr eine sehr gute und gleichm\u00e4\u00dfige W\u00e4rmeverteilung in der ganzen Pfanne. Auf diese Weise kannst du auch die Seiten eines knusprigen Fleischst\u00fccks energieeffizient anbraten. Du kannst die Temperatur herunterschalten, sobald die Pfanne die gew\u00fcnschte Temperatur erreicht hat, ohne dass die Pfanne abk\u00fchlt. Da diese Pfanne keine Antihaftbeschichtung hat, kannst du Fleisch sch\u00f6n scharf anbraten. Perfekte Voraussetzungen f\u00fcr ein k\u00f6stlich zartes und knuspriges Steak. Nach dem Gebrauch kannst du die Pfanne problemlos mit einer Sp\u00fclb\u00fcrste und etwas Sp\u00fclwasser reinigen.<\/p>\n","protected":false},"excerpt":{"rendered":"<p>Die Demeyere Proline 7 Bratpfanne 20\u00a0cm garantiert komfortables Braten. Sie hat die optimale Gr\u00f6\u00dfe f\u00fcr ein kleines St\u00fcck Fleisch oder Bratkartoffeln f\u00fcr ein bis zwei Personen. Der Boden besteht aus sieben Schichten, die sich bis zum Rand erstrecken. Das sorgt f\u00fcr eine sehr gute und gleichm\u00e4\u00dfige W\u00e4rmeverteilung in der ganzen Pfanne. Auf diese Weise kannst du auch die Seiten eines knusprigen Fleischst\u00fccks energieeffizient anbraten. Du kannst die Temperatur herunterschalten, sobald die Pfanne die gew\u00fcnschte Temperatur erreicht hat, ohne dass die Pfanne abk\u00fchlt. Da diese Pfanne keine Antihaftbeschichtung hat, kannst du Fleisch sch\u00f6n scharf anbraten. Perfekte Voraussetzungen f\u00fcr ein k\u00f6stlich zartes und knuspriges Steak. Nach dem Gebrauch kannst du die Pfanne problemlos mit einer Sp\u00fclb\u00fcrste und etwas Sp\u00fclwasser reinigen.<\/p>\n","protected":false},"featured_media":0,"comment_status":"closed","ping_status":"open","template":"","meta":{"_acf_changed":false},"brand":[1791],"product_brand":[],"product_cat":[372],"product_tag":[384],"class_list":{"0":"post-71322","1":"product","2":"type-product","3":"status-publish","5":"brand-demeyere","6":"product_cat-tpfe-und-pfannen","7":"product_tag-koekenpannen","8":"pa_condition-new","9":"pa_coolblue-de-verzending-morgen-gratis-geliefert","10":"pa_ean-1794","11":"pa_mpn-1795","13":"first","14":"instock","15":"product-type-external"},"acf":[],"_links":{"self":[{"href":"https:\/\/onlinehardwareshop.de\/index.php\/wp-json\/wp\/v2\/product\/71322","targetHints":{"allow":["GET"]}}],"collection":[{"href":"https:\/\/onlinehardwareshop.de\/index.php\/wp-json\/wp\/v2\/product"}],"about":[{"href":"https:\/\/onlinehardwareshop.de\/index.php\/wp-json\/wp\/v2\/types\/product"}],"replies":[{"embeddable":true,"href":"https:\/\/onlinehardwareshop.de\/index.php\/wp-json\/wp\/v2\/comments?post=71322"}],"wp:attachment":[{"href":"https:\/\/onlinehardwareshop.de\/index.php\/wp-json\/wp\/v2\/media?parent=71322"}],"wp:term":[{"taxonomy":"brand","embeddable":true,"href":"https:\/\/onlinehardwareshop.de\/index.php\/wp-json\/wp\/v2\/brand?post=71322"},{"taxonomy":"product_brand","embeddable":true,"href":"https:\/\/onlinehardwareshop.de\/index.php\/wp-json\/wp\/v2\/product_brand?post=71322"},{"taxonomy":"product_cat","embeddable":true,"href":"https:\/\/onlinehardwareshop.de\/index.php\/wp-json\/wp\/v2\/product_cat?post=71322"},{"taxonomy":"product_tag","embeddable":true,"href":"https:\/\/onlinehardwareshop.de\/index.php\/wp-json\/wp\/v2\/product_tag?post=71322"}],"curies":[{"name":"wp","href":"https:\/\/api.w.org\/{rel}","templated":true}]}}